{"id":132041,"date":"2022-02-09T15:57:27","date_gmt":"2022-02-09T20:57:27","guid":{"rendered":"https:\/\/flexigolf.ca\/?post_type=product&#038;p=132041"},"modified":"2023-03-05T07:20:59","modified_gmt":"2023-03-05T12:20:59","slug":"promotion-2-joueurs-au-club-de-golf-montcalm-a-pied","status":"publish","type":"product","link":"https:\/\/flexigolf.ca\/en\/product\/promotion-2-joueurs-au-club-de-golf-montcalm-a-pied\/","title":{"rendered":"Promotion 2 joueurs au Club de golf Montcalm (\u00e0 pied)"},"content":{"rendered":"<h1>Club de golf Montcalm, 36 trous<\/h1>\n<h2>Lanaudi\u00e8re<\/h2>\n<p>Le Club de golf Montcalm vous offre deux magnifiques parcours de 18 trous pour vous mettre au d\u00e9fi : la seigneurie et le canton. Vous retrouvez sur place un immense champ de pratique pour vous \u00e9chauffer avant vos parties. Les installations du club de golf Montcalm charmeront tous les visiteurs! Un d\u00e9fi adapt\u00e9 \u00e0 tous les cat\u00e9gories de golfeurs avec diff\u00e9rents tertes de d\u00e9part.<\/p>\n","protected":false},"excerpt":{"rendered":"<h1 style=\"text-align: center;\">Promotion 2 joueurs au Club de golf Montcalm<\/h1>\n<p>Cette offre exclusive au Club de golf Montcalm comprend :<\/p>\n<ul>\n<li><strong>1 duo de golfeur \u00e0 pied<\/strong><\/li>\n<\/ul>\n<p>Utilisable en tout temps selon les modalit\u00e9s choisies. R\u00e9servation possible <strong>jusqu&#8217;\u00e0 6 jours \u00e0 l&#8217;avance.<\/strong><\/p>\n<p>&nbsp;<\/p>\n","protected":false},"featured_media":122103,"template":"","meta":{"_et_pb_use_builder":"","_et_pb_old_content":"","_et_gb_content_width":""},"product_brand":[],"product_cat":[3754],"product_tag":[],"class_list":{"0":"post-132041","1":"product","2":"type-product","3":"status-publish","4":"has-post-thumbnail","6":"product_cat-terminee","8":"first","9":"outofstock","10":"sale","11":"taxable","12":"shipping-taxable","13":"purchasable","14":"product-type-variable"},"_links":{"self":[{"href":"https:\/\/flexigolf.ca\/en\/wp-json\/wp\/v2\/product\/132041","targetHints":{"allow":["GET"]}}],"collection":[{"href":"https:\/\/flexigolf.ca\/en\/wp-json\/wp\/v2\/product"}],"about":[{"href":"https:\/\/flexigolf.ca\/en\/wp-json\/wp\/v2\/types\/product"}],"wp:featuredmedia":[{"embeddable":true,"href":"https:\/\/flexigolf.ca\/en\/wp-json\/wp\/v2\/media\/122103"}],"wp:attachment":[{"href":"https:\/\/flexigolf.ca\/en\/wp-json\/wp\/v2\/media?parent=132041"}],"wp:term":[{"taxonomy":"product_brand","embeddable":true,"href":"https:\/\/flexigolf.ca\/en\/wp-json\/wp\/v2\/product_brand?post=132041"},{"taxonomy":"product_cat","embeddable":true,"href":"https:\/\/flexigolf.ca\/en\/wp-json\/wp\/v2\/product_cat?post=132041"},{"taxonomy":"product_tag","embeddable":true,"href":"https:\/\/flexigolf.ca\/en\/wp-json\/wp\/v2\/product_tag?post=132041"}],"curies":[{"name":"wp","href":"https:\/\/api.w.org\/{rel}","templated":true}]}}