{"id":135059,"date":"2022-03-03T00:00:26","date_gmt":"2022-03-03T05:00:26","guid":{"rendered":"https:\/\/flexigolf.ca\/?post_type=product&#038;p=135059"},"modified":"2022-03-06T13:40:42","modified_gmt":"2022-03-06T18:40:42","slug":"attention-golfeur-en-retard","status":"publish","type":"product","link":"https:\/\/flexigolf.ca\/en\/product\/attention-golfeur-en-retard\/","title":{"rendered":"Attention, golfeur en retard!"},"content":{"rendered":"<h1 style=\"text-align: center;\">Repr\u00e9sentez FlexiGolf partout o\u00f9 vous aller et surtout encouragez la Fondation FlexiGolf<\/h1>\n<p>La fondation Flexigolf a pour mission d<span style=\"font-weight: 400;\">\u00e9mocratiser le golf afin d\u2019initier les moins privil\u00e9gi\u00e9s de la soci\u00e9t\u00e9 \u00e0 ce sport et soutenir la rel\u00e8ve qui souhaite pousser plus loin leur passion, mais dont les moyens manquent.<\/span><\/p>\n<p style=\"text-align: center;\"><a href=\"https:\/\/fondation.flexigolf.ca\/\">https:\/\/fondation.flexigolf.ca\/<\/a><\/p>\n<p>&nbsp;<\/p>\n","protected":false},"excerpt":{"rendered":"<h1 style=\"text-align: center;\">Autocollant pour fen\u00eatre de voiture ou camion, ordinateur portable et plus!<\/h1>\n<p>Avec chaque article promotionnel sur la boutique, 2$ est remis \u00e0 la <a href=\"https:\/\/fondation.flexigolf.ca\/\">Fondation FlexiGolf <\/a>. La mission de la Fondation : d\u00e9mocratiser le golf afin d\u2019initier les moins privil\u00e9gi\u00e9s de la soci\u00e9t\u00e9 \u00e0 ce sport et soutenir la rel\u00e8ve qui souhaite pousser plus loin leur passion, mais dont les moyens manquent.<\/p>\n<p>Gradeur 5&#8221; x 5&#8221;<\/p>\n<p>Livraison gratuite.<\/p>\n<p style=\"text-align: left;\">Repr\u00e9sentez nous et la fondation partout o\u00f9 vous allez!<\/p>\n","protected":false},"featured_media":135060,"template":"","meta":{"_et_pb_use_builder":"","_et_pb_old_content":"","_et_gb_content_width":""},"product_brand":[],"product_cat":[3487,3752],"product_tag":[],"class_list":{"0":"post-135059","1":"product","2":"type-product","3":"status-publish","4":"has-post-thumbnail","6":"product_cat-articles-promotionnels","7":"product_cat-autocollants","9":"first","10":"instock","11":"taxable","12":"shipping-taxable","13":"purchasable","14":"product-type-simple"},"_links":{"self":[{"href":"https:\/\/flexigolf.ca\/en\/wp-json\/wp\/v2\/product\/135059","targetHints":{"allow":["GET"]}}],"collection":[{"href":"https:\/\/flexigolf.ca\/en\/wp-json\/wp\/v2\/product"}],"about":[{"href":"https:\/\/flexigolf.ca\/en\/wp-json\/wp\/v2\/types\/product"}],"wp:featuredmedia":[{"embeddable":true,"href":"https:\/\/flexigolf.ca\/en\/wp-json\/wp\/v2\/media\/135060"}],"wp:attachment":[{"href":"https:\/\/flexigolf.ca\/en\/wp-json\/wp\/v2\/media?parent=135059"}],"wp:term":[{"taxonomy":"product_brand","embeddable":true,"href":"https:\/\/flexigolf.ca\/en\/wp-json\/wp\/v2\/product_brand?post=135059"},{"taxonomy":"product_cat","embeddable":true,"href":"https:\/\/flexigolf.ca\/en\/wp-json\/wp\/v2\/product_cat?post=135059"},{"taxonomy":"product_tag","embeddable":true,"href":"https:\/\/flexigolf.ca\/en\/wp-json\/wp\/v2\/product_tag?post=135059"}],"curies":[{"name":"wp","href":"https:\/\/api.w.org\/{rel}","templated":true}]}}