{"id":145639,"date":"2022-04-12T08:43:52","date_gmt":"2022-04-13T21:08:19","guid":{"rendered":"https:\/\/flexigolf.ca\/produit\/promotion-2-players-heriot-golf-club\/"},"modified":"2022-04-13T17:08:19","modified_gmt":"2022-04-13T21:08:19","slug":"promotion-2-players-golf-club-heriot-2","status":"publish","type":"product","link":"https:\/\/flexigolf.ca\/en\/product\/promotion-2-players-golf-club-heriot-2\/","title":{"rendered":"Promotion 2 players H\u00e9riot Golf Club"},"content":{"rendered":"<h1>H\u00e9riot Golf Club, Centre-du-Qu\u00e9bec<\/h1>\n<h2>18 holes, par 72<\/h2>\n<p>The H\u00e9riot Golf Club&#8217;s 18-hole course is smooth and characterized by wide fairways lined with mature trees, well-protected greens and the high quality of the club&#8217;s facilities. The course is 6,421 yards long for black tees and 5,246 yards for red tees.<\/p>\n<p>With a par 72, the course offers you great challenges, but the beautiful width of the fairways allows you to swing easily using your 1 wood. However, strategy and dexterity will be your best allies to avoid undergrowth, rivers and lakes.<\/p>\n<p>The challenge of the course lies in the size of the greens. Although they are characterized by a clear outline and a very open front, the fact remains that it is difficult to reach them in regulatory shots. <a href='https:\/\/flexigolf.ca\/categorie-produit\/club-de-golf\/club-de-golf-heriot\/' class='small-button smallsilver' target=\"_blank\">Discover the club<\/a><\/p>\n","protected":false},"excerpt":{"rendered":"<h1 style=\"text-align: center;\">Promotion 2 players at the H\u00e9riot Golf Club<\/h1>\n<p>This offer includes:<\/p>\n<ul>\n<li>2 green fees 18 holes<\/li>\n<li>Shared cart<\/li>\n<\/ul>\n<p><strong>Usable <em>at all times from Monday to Thursday and after 1:00 p.m. Friday to Sunday<\/em> for the entire 2022 season. The golfer can book 4 days in advance. <\/strong><\/p>\n<p>This offer is online for the entire 2022 season!<\/p>\n","protected":false},"featured_media":145139,"template":"","meta":{"_et_pb_use_builder":"","_et_pb_old_content":"","_et_gb_content_width":""},"product_brand":[],"product_cat":[3701],"product_tag":[],"class_list":{"0":"post-145639","1":"product","2":"type-product","3":"status-publish","4":"has-post-thumbnail","6":"product_cat-unclassified","8":"first","9":"instock","10":"sale","11":"downloadable","12":"taxable","13":"shipping-taxable","14":"purchasable","15":"product-type-simple"},"_links":{"self":[{"href":"https:\/\/flexigolf.ca\/en\/wp-json\/wp\/v2\/product\/145639","targetHints":{"allow":["GET"]}}],"collection":[{"href":"https:\/\/flexigolf.ca\/en\/wp-json\/wp\/v2\/product"}],"about":[{"href":"https:\/\/flexigolf.ca\/en\/wp-json\/wp\/v2\/types\/product"}],"wp:featuredmedia":[{"embeddable":true,"href":"https:\/\/flexigolf.ca\/en\/wp-json\/wp\/v2\/media\/145139"}],"wp:attachment":[{"href":"https:\/\/flexigolf.ca\/en\/wp-json\/wp\/v2\/media?parent=145639"}],"wp:term":[{"taxonomy":"product_brand","embeddable":true,"href":"https:\/\/flexigolf.ca\/en\/wp-json\/wp\/v2\/product_brand?post=145639"},{"taxonomy":"product_cat","embeddable":true,"href":"https:\/\/flexigolf.ca\/en\/wp-json\/wp\/v2\/product_cat?post=145639"},{"taxonomy":"product_tag","embeddable":true,"href":"https:\/\/flexigolf.ca\/en\/wp-json\/wp\/v2\/product_tag?post=145639"}],"curies":[{"name":"wp","href":"https:\/\/api.w.org\/{rel}","templated":true}]}}