{"id":148040,"date":"2022-04-25T16:24:28","date_gmt":"2022-04-25T20:24:28","guid":{"rendered":"https:\/\/flexigolf.ca\/?post_type=product&#038;p=148040"},"modified":"2022-11-29T11:11:43","modified_gmt":"2022-11-29T16:11:43","slug":"levenement-caddy-ton-enfant-au-golf-les-boises-de-joly","status":"publish","type":"product","link":"https:\/\/flexigolf.ca\/en\/product\/levenement-caddy-ton-enfant-au-golf-les-boises-de-joly\/","title":{"rendered":"L&#8217;\u00e9v\u00e9nement \u00ab Caddy ton enfant \u00bb au Golf Les Bois\u00e9s de Joly"},"content":{"rendered":"<p><em>L&#8217;occasion id\u00e9ale pour outiller votre enfant \u00e0 la saison 2022!<\/em><\/p>\n<ul>\n<li>\n<h4><span style=\"font-weight: 400;\">Quand : 12 juin<\/span><\/h4>\n<\/li>\n<li>\n<h4><span style=\"font-weight: 400;\">O\u00f9 : club de golf les Bois\u00e9s de Joly<\/span><\/h4>\n<\/li>\n<li>\n<h4><span style=\"font-weight: 400;\">Heure : \u00c0 partir de 13h00\u00a0<\/span><\/h4>\n<\/li>\n<li>\n<h4><span style=\"font-weight: 400;\">Prix : 25$ (b\u00e2tons disponibles gratuit sur place)<\/span><\/h4>\n<\/li>\n<\/ul>\n<p><span style=\"font-weight: 400;\">Cible : les jeunes de moins de 17 ans golfeurs ou non. Il y a trois classes \u00e0 choisir lors de l\u2019inscription\u00a0<\/span><\/p>\n<ul>\n<li style=\"font-weight: 400;\" aria-level=\"1\"><span style=\"font-weight: 400;\">D\u00e9butant \u00ab les premi\u00e8res fois au golf \u00bb ou (4 \u00e0 9 ans) = le jalon de d\u00e9part est le piquet du 100 verges<\/span><\/li>\n<li style=\"font-weight: 400;\" aria-level=\"1\"><span style=\"font-weight: 400;\">Apprentis \u00ab Quelques exp\u00e9riences golf \u00bb ou (10 \u00e0 14 ans) = le jalon de d\u00e9part est le piquet du 150 verges<\/span><\/li>\n<li style=\"font-weight: 400;\" aria-level=\"1\"><span style=\"font-weight: 400;\">Junior expert \u00ab d\u00e9j\u00e0 jou\u00e9 quelques parties \u00bb ou 14 ans \u00e0 17 ans = jalon jaunes<\/span><\/li>\n<\/ul>\n<p><span style=\"font-weight: 400;\">Objectif de l\u2019\u00e9v\u00e9nement : pr\u00e9parer le jeune golfeur \u00e0 venir sur le terrain avec ses parents golfeurs cet \u00e9t\u00e9. L\u2019initiation parfaite pour le jeune golfeur o\u00f9 son parent est concentr\u00e9 \u00e0 100% sur son jeune et sa partie. Deviens le caddie de ton enfant le temps d\u2019un instant!\u00a0<\/span><\/p>\n<p><span style=\"font-weight: 400;\">Pour tous nos \u00e9v\u00e9nements, 5$ par participant est remis \u00e0 la Fondation FlexiGolf afin de parrainer le plus grand nombre de jeunes golfeurs l\u2019ann\u00e9e prochaine, pour plus de d\u00e9tails visitez le site de la Fondation.<\/span><\/p>\n<p><b>L\u2019\u00e9v\u00e9nement comprend <\/b><span style=\"font-weight: 400;\">:\u00a0<\/span><\/p>\n<ul>\n<li style=\"font-weight: 400;\" aria-level=\"1\"><span style=\"font-weight: 400;\">Formation sur l\u2019\u00e9tiquette au golf (15 minutes) et une petite formation chip and putt (30-45\u00a0 minutes)<\/span><\/li>\n<li style=\"font-weight: 400;\" aria-level=\"1\"><span style=\"font-weight: 400;\">D\u00e9fi pour les enfants<\/span>\n<ul>\n<li style=\"font-weight: 400;\" aria-level=\"2\"><span style=\"font-weight: 400;\">Les enfants auront un d\u00e9fi golf \u00e0 relever<\/span><\/li>\n<li style=\"font-weight: 400;\" aria-level=\"2\"><span style=\"font-weight: 400;\">Les parents auront aussi un petit d\u00e9fi pour aider leur enfant dans le temps<\/span><\/li>\n<\/ul>\n<\/li>\n<li style=\"font-weight: 400;\" aria-level=\"1\"><span style=\"font-weight: 400;\">9 trous selon 3 jalons :\u00a0<\/span>\n<ul>\n<li style=\"font-weight: 400;\" aria-level=\"1\"><span style=\"font-weight: 400;\">D\u00e9butant \u00ab les premi\u00e8res fois au golf \u00bb ou (4 \u00e0 9 ans) = le jalon de d\u00e9part est le piquet du 100 verges<\/span><\/li>\n<li style=\"font-weight: 400;\" aria-level=\"1\"><span style=\"font-weight: 400;\">Apprentis \u00ab Quelques exp\u00e9riences golf \u00bb ou (10 \u00e0 14 ans) = le jalon de d\u00e9part est le piquet du 150 verges<\/span><\/li>\n<li style=\"font-weight: 400;\" aria-level=\"1\"><span style=\"font-weight: 400;\">Junior expert \u00ab d\u00e9j\u00e0 jou\u00e9 quelques parties \u00bb ou 14 ans \u00e0 17 ans = jalon jaunes<\/span><\/li>\n<\/ul>\n<\/li>\n<li style=\"font-weight: 400;\" aria-level=\"1\"><span style=\"font-weight: 400;\">Prix de pr\u00e9sence et de participation<\/span><\/li>\n<li style=\"font-weight: 400;\" aria-level=\"1\"><span style=\"font-weight: 400;\">Troph\u00e9s pour les gagnants selon les diff\u00e9rentes cat\u00e9gories<\/span><\/li>\n<li style=\"font-weight: 400;\" aria-level=\"1\"><span style=\"font-weight: 400;\">Bo\u00eete \u00e0 lunch sur place (inclus pour l\u2019enfant)<\/span><\/li>\n<\/ul>\n<p><span style=\"font-weight: 400;\"><strong>Organisation<\/strong> :\u00a0<\/span><\/p>\n<ul>\n<li><span style=\"font-weight: 400;\">13h30 : arriv\u00e9e des golfeurs et de leurs parents<\/span><\/li>\n<li><span style=\"font-weight: 400;\">13h45 : d\u00e9but clinique<\/span><\/li>\n<li><span style=\"font-weight: 400;\">14h45 : D\u00e9part de golf<\/span><\/li>\n<li><span style=\"font-weight: 400;\">17h00 : D\u00e9fi golf pour les participants<\/span><\/li>\n<li><span style=\"font-weight: 400;\">17h30 : remise des prix et bbq (ou lunch m\u00e9tro)<\/span><\/li>\n<\/ul>\n<p>L&#8217;\u00e9v\u00e9nement Facebook : <a href=\"https:\/\/www.facebook.com\/events\/557103739162283\" target=\"_blank\" rel=\"noopener\">(1) L&#8217;\u00e9v\u00e9nement \u00ab Caddy ton enfant \u00bb au Golf Les Bois\u00e9s de Joly | Facebook<\/a><\/p>\n","protected":false},"excerpt":{"rendered":"<p><em>L&#8217;occasion id\u00e9ale pour outiller votre enfant \u00e0 la saison 2022!<\/em><\/p>\n<ul>\n<li>\n<h4><span style=\"font-weight: 400;\">Quand : 12 juin<\/span><\/h4>\n<\/li>\n<li>\n<h4><span style=\"font-weight: 400;\">O\u00f9 : club de golf les Bois\u00e9s de Joly<\/span><\/h4>\n<\/li>\n<li>\n<h4><span style=\"font-weight: 400;\">Heure : \u00c0 partir de 13h00\u00a0<\/span><\/h4>\n<\/li>\n<\/ul>\n<p><span style=\"font-weight: 400;\">Cible : les jeunes de moins de 17 ans golfeurs ou non. Il y a trois classes \u00e0 choisir lors de l\u2019inscription\u00a0<\/span><\/p>\n<ul>\n<li style=\"font-weight: 400;\" aria-level=\"1\"><span style=\"font-weight: 400;\">D\u00e9butant \u00ab les premi\u00e8res fois au golf \u00bb ou (4 \u00e0 9 ans) = le jalon de d\u00e9part est le piquet du 100 verges<\/span><\/li>\n<li style=\"font-weight: 400;\" aria-level=\"1\"><span style=\"font-weight: 400;\">Apprentis \u00ab Quelques exp\u00e9riences golf \u00bb ou (10 \u00e0 14 ans) = le jalon de d\u00e9part est le piquet du 150 verges<\/span><\/li>\n<li style=\"font-weight: 400;\" aria-level=\"1\"><span style=\"font-weight: 400;\">Junior expert \u00ab d\u00e9j\u00e0 jou\u00e9 quelques parties \u00bb ou 14 ans \u00e0 17 ans = jalon jaunes<\/span><\/li>\n<\/ul>\n<p><span style=\"font-weight: 400;\">Objectif de l\u2019\u00e9v\u00e9nement : pr\u00e9parer le jeune golfeur \u00e0 venir sur le terrain avec ses parents golfeurs cet \u00e9t\u00e9. L\u2019initiation parfaite pour le jeune golfeur o\u00f9 son parent est concentr\u00e9 \u00e0 100% sur son jeune et sa partie. Deviens le caddie de ton enfant le temps d\u2019un instant!\u00a0<\/span><\/p>\n<p><b>L\u2019\u00e9v\u00e9nement comprend <\/b><span style=\"font-weight: 400;\">:\u00a0<\/span><\/p>\n<ul>\n<li style=\"font-weight: 400;\" aria-level=\"1\"><span style=\"font-weight: 400;\">Formation sur l\u2019\u00e9tiquette au golf (15 minutes) et une petite formation chip and putt (30-45\u00a0 minutes)<\/span><\/li>\n<li style=\"font-weight: 400;\" aria-level=\"1\"><span style=\"font-weight: 400;\">D\u00e9fi pour les enfants<\/span>\n<ul>\n<li style=\"font-weight: 400;\" aria-level=\"2\"><span style=\"font-weight: 400;\">Les enfants auront un d\u00e9fi golf \u00e0 relever<\/span><\/li>\n<li style=\"font-weight: 400;\" aria-level=\"2\"><span style=\"font-weight: 400;\">Les parents auront aussi un petit d\u00e9fi pour aider leur enfant dans le temps<\/span><\/li>\n<\/ul>\n<\/li>\n<li style=\"font-weight: 400;\" aria-level=\"1\"><span style=\"font-weight: 400;\">9 trous selon 3 jalons :\u00a0<\/span>\n<ul>\n<li style=\"font-weight: 400;\" aria-level=\"1\"><span style=\"font-weight: 400;\">D\u00e9butant \u00ab les premi\u00e8res fois au golf \u00bb ou (4 \u00e0 9 ans) = le jalon de d\u00e9part est le piquet du 100 verges<\/span><\/li>\n<li style=\"font-weight: 400;\" aria-level=\"1\"><span style=\"font-weight: 400;\">Apprentis \u00ab Quelques exp\u00e9riences golf \u00bb ou (10 \u00e0 14 ans) = le jalon de d\u00e9part est le piquet du 150 verges<\/span><\/li>\n<li style=\"font-weight: 400;\" aria-level=\"1\"><span style=\"font-weight: 400;\">Junior expert \u00ab d\u00e9j\u00e0 jou\u00e9 quelques parties \u00bb ou 14 ans \u00e0 17 ans = jalon jaunes<\/span><\/li>\n<\/ul>\n<\/li>\n<li style=\"font-weight: 400;\" aria-level=\"1\"><span style=\"font-weight: 400;\">Prix de pr\u00e9sence et de participation<\/span><\/li>\n<li style=\"font-weight: 400;\" aria-level=\"1\"><span style=\"font-weight: 400;\">Troph\u00e9s pour les gagnants selon les diff\u00e9rentes cat\u00e9gories<\/span><\/li>\n<li style=\"font-weight: 400;\" aria-level=\"1\"><span style=\"font-weight: 400;\">Bo\u00eete \u00e0 lunch sur place (inclus pour l\u2019enfant)<\/span><\/li>\n<\/ul>\n<p><span style=\"font-weight: 400;\"><strong>Organisation<\/strong> :\u00a0<\/span><\/p>\n<ul>\n<li><span style=\"font-weight: 400;\">13h00 \u00e0 13h15 : arriv\u00e9e des golfeurs et de leurs parents<\/span><\/li>\n<li><span style=\"font-weight: 400;\">13h15 : d\u00e9but clinique<\/span><\/li>\n<li><span style=\"font-weight: 400;\">14h15-45 : D\u00e9part de golf ( 9 trous)<\/span><\/li>\n<li><span style=\"font-weight: 400;\">17h00 : D\u00e9fi golf pour les participants<\/span><\/li>\n<li><span style=\"font-weight: 400;\">17h30 \u00e0 18h30 : remise des prix et lunch<\/span><\/li>\n<\/ul>\n","protected":false},"featured_media":148481,"template":"","meta":{"_et_pb_use_builder":"","_et_pb_old_content":"","_et_gb_content_width":""},"product_brand":[],"product_cat":[706],"product_tag":[],"class_list":{"0":"post-148040","1":"product","2":"type-product","3":"status-publish","4":"has-post-thumbnail","6":"product_cat-non-classe","7":"product_shipping_class-billet-golf-promotion-ou-evenement","9":"first","10":"outofstock","11":"downloadable","12":"taxable","13":"shipping-taxable","14":"purchasable","15":"product-type-simple"},"_links":{"self":[{"href":"https:\/\/flexigolf.ca\/en\/wp-json\/wp\/v2\/product\/148040","targetHints":{"allow":["GET"]}}],"collection":[{"href":"https:\/\/flexigolf.ca\/en\/wp-json\/wp\/v2\/product"}],"about":[{"href":"https:\/\/flexigolf.ca\/en\/wp-json\/wp\/v2\/types\/product"}],"wp:featuredmedia":[{"embeddable":true,"href":"https:\/\/flexigolf.ca\/en\/wp-json\/wp\/v2\/media\/148481"}],"wp:attachment":[{"href":"https:\/\/flexigolf.ca\/en\/wp-json\/wp\/v2\/media?parent=148040"}],"wp:term":[{"taxonomy":"product_brand","embeddable":true,"href":"https:\/\/flexigolf.ca\/en\/wp-json\/wp\/v2\/product_brand?post=148040"},{"taxonomy":"product_cat","embeddable":true,"href":"https:\/\/flexigolf.ca\/en\/wp-json\/wp\/v2\/product_cat?post=148040"},{"taxonomy":"product_tag","embeddable":true,"href":"https:\/\/flexigolf.ca\/en\/wp-json\/wp\/v2\/product_tag?post=148040"}],"curies":[{"name":"wp","href":"https:\/\/api.w.org\/{rel}","templated":true}]}}