{"id":148383,"date":"2022-04-25T16:06:26","date_gmt":"2022-04-25T20:06:26","guid":{"rendered":"https:\/\/flexigolf.ca\/?post_type=product&#038;p=148383"},"modified":"2022-11-18T12:08:49","modified_gmt":"2022-11-18T17:08:49","slug":"levenement-golf-la-coupe-des-femmes-tournoi-golf-et-souper","status":"publish","type":"product","link":"https:\/\/flexigolf.ca\/en\/product\/levenement-golf-la-coupe-des-femmes-tournoi-golf-et-souper\/","title":{"rendered":"L&#8217;\u00e9v\u00e9nement golf \u00ab La Coupe des Femmes \u00bb &#8211; tournoi golf et souper"},"content":{"rendered":"<h1>Un franc succ\u00e8s, \u00e0 la prochaine \u00e9dition!<\/h1>\n<ul>\n<li>\n<h3><span style=\"font-weight: 400;\">Quand : 5 juin<\/span><\/h3>\n<\/li>\n<li>\n<h3><span style=\"font-weight: 400;\">O\u00f9 : club de golf Hawkesbury<\/span><\/h3>\n<\/li>\n<li>\n<h3>Prix : 110$ par golfeuse<\/h3>\n<\/li>\n<\/ul>\n<p><span style=\"font-weight: 400;\">Cible : les femmes de tout calibre d\u00e9butante ou experte<\/span><\/p>\n<p><span style=\"font-weight: 400;\">Formule : vegas \u00e0 4 ronde de 18 trous<\/span><\/p>\n<ul>\n<li style=\"font-weight: 400;\" aria-level=\"1\"><span style=\"font-weight: 400;\">Golf et souper<\/span><\/li>\n<li style=\"font-weight: 400;\" aria-level=\"1\"><span style=\"font-weight: 400;\">Inscription golf individuel<\/span><\/li>\n<\/ul>\n<p><span style=\"font-weight: 400;\">Objectif de l\u2019\u00e9v\u00e9nement : Dans le cadre de la semaine \u00ab Women golf day \u00bb on se rassemble entre femmes autour de notre passion le golf pour le plaisir de jouer ensemble et de faire nos pires ou meilleurs coups! Fous rires et plaisir garanti \ud83d\ude42<\/span><\/p>\n<p><span style=\"font-weight: 400;\">Place limit\u00e9es : 60 femmes golfeuses maximum !<\/span><\/p>\n<p><b>L\u2019\u00e9v\u00e9nement comprend <\/b><span style=\"font-weight: 400;\">:\u00a0<\/span><\/p>\n<ul>\n<li style=\"font-weight: 400;\" aria-level=\"1\"><span style=\"font-weight: 400;\">Ronde de 18 trous avec voiturette\u00a0<\/span>\n<ul>\n<li style=\"font-weight: 400;\" aria-level=\"2\"><span style=\"font-weight: 400;\">concours sur le terrain<\/span><\/li>\n<\/ul>\n<\/li>\n<li style=\"font-weight: 400;\" aria-level=\"1\"><span style=\"font-weight: 400;\">D\u00e9fi putting<\/span><\/li>\n<li style=\"font-weight: 400;\" aria-level=\"1\"><span style=\"font-weight: 400;\">Souper en formule 3 services<\/span><\/li>\n<li style=\"font-weight: 400;\" aria-level=\"1\"><span style=\"font-weight: 400;\">Prix pour diff\u00e9rentes cat\u00e9gories et prix de participation<\/span><\/li>\n<li style=\"font-weight: 400;\" aria-level=\"1\"><span style=\"font-weight: 400;\">Troph\u00e9e pour les gagnantes<\/span><\/li>\n<\/ul>\n<p><b>Organisation :\u00a0<\/b><\/p>\n<ul>\n<li><span style=\"font-weight: 400;\">12h00 : arriv\u00e9e des golfeuses<\/span><\/li>\n<li><span style=\"font-weight: 400;\">12h30 : D\u00e9fi putting<\/span><\/li>\n<li><span style=\"font-weight: 400;\">13h30 : D\u00e9part\u00a0 18 trous<\/span><\/li>\n<li><span style=\"font-weight: 400;\">18h30 : Souper 3 services et remise de prix<\/span><\/li>\n<\/ul>\n<p>\u00c9v\u00e9nement facebook : <a href=\"https:\/\/www.facebook.com\/events\/1360110077785656\/?ref=newsfeed\" target=\"_blank\" rel=\"noopener\">L&#8217;\u00e9v\u00e9nement golf \u00ab La Coupe des Femmes \u00bb &#8211; tournoi golf et souper | Facebook<\/a><\/p>\n","protected":false},"excerpt":{"rendered":"<ul>\n<li>\n<h3><span style=\"font-weight: 400;\">Quand : 5 juin<\/span><\/h3>\n<\/li>\n<li>\n<h3><span style=\"font-weight: 400;\">O\u00f9 : club de golf Hawkesbury<\/span><\/h3>\n<\/li>\n<\/ul>\n<p><span style=\"font-weight: 400;\">Cible : les femmes de tout calibre d\u00e9butante ou experte<\/span><\/p>\n<p><span style=\"font-weight: 400;\">Formule : vegas \u00e0 4 ronde de 18 trous<\/span><\/p>\n<ul>\n<li style=\"font-weight: 400;\" aria-level=\"1\"><span style=\"font-weight: 400;\">Golf et souper<\/span><\/li>\n<li style=\"font-weight: 400;\" aria-level=\"1\"><span style=\"font-weight: 400;\">Inscription golf individuel<\/span><\/li>\n<\/ul>\n<p><span style=\"font-weight: 400;\">Objectif de l\u2019\u00e9v\u00e9nement : Dans le cadre de la semaine \u00ab Women golf day \u00bb on se rassemble entre femmes autour de notre passion le golf pour le plaisir de jouer ensemble et de faire nos pires ou meilleurs coups! Fous rires et plaisir garanti \ud83d\ude42<\/span><\/p>\n<p><span style=\"font-weight: 400;\">Place limit\u00e9es : 60 femmes golfeuses maximum !<\/span><\/p>\n<p><b>L\u2019\u00e9v\u00e9nement comprend <\/b><span style=\"font-weight: 400;\">:\u00a0<\/span><\/p>\n<ul>\n<li style=\"font-weight: 400;\" aria-level=\"1\"><span style=\"font-weight: 400;\">Ronde de 18 trous avec voiturette<\/span>\n<ul>\n<li style=\"font-weight: 400;\" aria-level=\"2\"><span style=\"font-weight: 400;\">concours sur le terrain<\/span><\/li>\n<\/ul>\n<\/li>\n<li style=\"font-weight: 400;\" aria-level=\"1\"><span style=\"font-weight: 400;\">D\u00e9fi putting<\/span><\/li>\n<li style=\"font-weight: 400;\" aria-level=\"1\"><span style=\"font-weight: 400;\">Souper en formule 3 services<\/span><\/li>\n<li style=\"font-weight: 400;\" aria-level=\"1\"><span style=\"font-weight: 400;\">Prix pour diff\u00e9rentes cat\u00e9gories et prix de participation<\/span><\/li>\n<li style=\"font-weight: 400;\" aria-level=\"1\"><span style=\"font-weight: 400;\">Troph\u00e9e pour les gagnantes<\/span><\/li>\n<\/ul>\n<p><b>Organisation :\u00a0<\/b><\/p>\n<ul>\n<li><span style=\"font-weight: 400;\">12h00 : arriv\u00e9e des golfeuses<\/span><\/li>\n<li><span style=\"font-weight: 400;\">12h30 : D\u00e9fi putting<\/span><\/li>\n<li><span style=\"font-weight: 400;\">13h30 : D\u00e9part en shot-gun 18 trous<\/span><\/li>\n<li><span style=\"font-weight: 400;\">18h30 : Souper 3 services et remise de prix<\/span><\/li>\n<\/ul>\n","protected":false},"featured_media":148478,"template":"","meta":{"_et_pb_use_builder":"","_et_pb_old_content":"","_et_gb_content_width":""},"product_brand":[],"product_cat":[706],"product_tag":[],"class_list":{"0":"post-148383","1":"product","2":"type-product","3":"status-publish","4":"has-post-thumbnail","6":"product_cat-non-classe","7":"product_shipping_class-billet-golf-promotion-ou-evenement","9":"first","10":"outofstock","11":"taxable","12":"shipping-taxable","13":"purchasable","14":"product-type-simple"},"_links":{"self":[{"href":"https:\/\/flexigolf.ca\/en\/wp-json\/wp\/v2\/product\/148383","targetHints":{"allow":["GET"]}}],"collection":[{"href":"https:\/\/flexigolf.ca\/en\/wp-json\/wp\/v2\/product"}],"about":[{"href":"https:\/\/flexigolf.ca\/en\/wp-json\/wp\/v2\/types\/product"}],"wp:featuredmedia":[{"embeddable":true,"href":"https:\/\/flexigolf.ca\/en\/wp-json\/wp\/v2\/media\/148478"}],"wp:attachment":[{"href":"https:\/\/flexigolf.ca\/en\/wp-json\/wp\/v2\/media?parent=148383"}],"wp:term":[{"taxonomy":"product_brand","embeddable":true,"href":"https:\/\/flexigolf.ca\/en\/wp-json\/wp\/v2\/product_brand?post=148383"},{"taxonomy":"product_cat","embeddable":true,"href":"https:\/\/flexigolf.ca\/en\/wp-json\/wp\/v2\/product_cat?post=148383"},{"taxonomy":"product_tag","embeddable":true,"href":"https:\/\/flexigolf.ca\/en\/wp-json\/wp\/v2\/product_tag?post=148383"}],"curies":[{"name":"wp","href":"https:\/\/api.w.org\/{rel}","templated":true}]}}