{"id":148473,"date":"2022-05-05T09:30:32","date_gmt":"2022-05-05T13:30:32","guid":{"rendered":"https:\/\/flexigolf.ca\/?post_type=product&#038;p=148473"},"modified":"2022-11-22T17:03:35","modified_gmt":"2022-11-22T22:03:35","slug":"evenement-golf-girls-night-version-rive-sud-montreal-estrie","status":"publish","type":"product","link":"https:\/\/flexigolf.ca\/en\/product\/evenement-golf-girls-night-version-rive-sud-montreal-estrie\/","title":{"rendered":"\u00c9v\u00e9nement Golf Girls Night &#8211; version rive-sud Montr\u00e9al (Estrie)"},"content":{"rendered":"<ul>\n<li>\n<h1><span style=\"font-weight: 400;\">Quand : 8 juin<\/span><\/h1>\n<\/li>\n<li>\n<h1><span style=\"font-weight: 400;\">O\u00f9 : club de golf Ch\u00e2teau Bromont<\/span><\/h1>\n<\/li>\n<li>Prix : \/golfeuse<\/li>\n<\/ul>\n<p><span style=\"font-weight: 400;\">Objectif : se rassembler en tant que femme golfeuse, trouver de nouvelles partenaires et cr\u00e9er de bons moments!<\/span><\/p>\n<p><span style=\"font-weight: 400;\">Formule : 4 \u00e0 8 golfique!<\/span><\/p>\n<ul>\n<li style=\"font-weight: 400;\" aria-level=\"1\"><span style=\"font-weight: 400;\">V\u00e9gas \u00e0 4<\/span><\/li>\n<li style=\"font-weight: 400;\" aria-level=\"1\"><span style=\"font-weight: 400;\">Inscription golf individuel<\/span><\/li>\n<\/ul>\n<p><span style=\"font-weight: 400;\">Place limit\u00e9es : 40 femmes golfeuses maximum !<\/span><\/p>\n<p><b>L\u2019\u00e9v\u00e9nement comprend <\/b><span style=\"font-weight: 400;\">:\u00a0<\/span><\/p>\n<ul>\n<li style=\"font-weight: 400;\" aria-level=\"1\"><span style=\"font-weight: 400;\">Clinique golf donn\u00e9 par S\u00e9bastien N\u00e9ron<\/span><\/li>\n<li style=\"font-weight: 400;\" aria-level=\"1\"><span style=\"font-weight: 400;\">D\u00e9fi putting en \u00e9quipe<\/span>\n<ul>\n<li style=\"font-weight: 400;\" aria-level=\"2\"><span style=\"font-weight: 400;\">prix \u00e0 gagner<\/span><\/li>\n<\/ul>\n<\/li>\n<li style=\"font-weight: 400;\" aria-level=\"1\"><span style=\"font-weight: 400;\">Ronde de 9 trous<\/span>\n<ul>\n<li style=\"font-weight: 400;\" aria-level=\"2\"><span style=\"font-weight: 400;\">Bo\u00eete \u00e0 lunch et consommation<\/span><\/li>\n<\/ul>\n<\/li>\n<li style=\"font-weight: 400;\" aria-level=\"1\"><span style=\"font-weight: 400;\">Prix de pr\u00e9sence et de participation<\/span><\/li>\n<\/ul>\n<p><b>Organisation :\u00a0<\/b><\/p>\n<ul>\n<li><span style=\"font-weight: 400;\">15h00 : d\u00e9but arriv\u00e9e des golfeuses &#8211; pratique assist\u00e9\u00a0<\/span><\/li>\n<li><span style=\"font-weight: 400;\">15h30 \u00e0 16h30 : Clinique golf avec S\u00e9bastien N\u00e9ron<\/span><\/li>\n<li><span style=\"font-weight: 400;\">16h30 : D\u00e9fi putting par \u00e9quipe<\/span><\/li>\n<li><span style=\"font-weight: 400;\">17h30 : D\u00e9part en shot-gun 9 trous avec bo\u00eete \u00e0 lunch et consommation (inclus)<\/span><\/li>\n<li><span style=\"font-weight: 400;\">19h30-20h00 : Remise de prix<\/span><\/li>\n<\/ul>\n<p><span style=\"font-weight: 400;\">Une clinique sera donn\u00e9e par S\u00e9bastien N\u00e9ron de 15h30 \u00e0 16h15. Apr\u00e8s la clinique chaque golfeuse trouvera son quatuor pour le 9 trous, \u00e0 l\u2019inscription, on remettra des cocardes pour l\u2019identification des quatuor, un des objectifs de l\u2019\u00e9v\u00e9nement est de cr\u00e9er des liens. Ensuite, de 16h15 \u00e0 17h00 se d\u00e9roule une petite comp\u00e9tition de putting pour se r\u00e9chauffer, briser la glace entre golfeuses et surtout faire connaissance. Le d\u00e9part se d\u00e9roulera en formule shot-gun \u00e0 17h15, les participantes se verront remettre une bo\u00eete \u00e0 lunch et une consommation sous forme pr\u00eat \u00e0 boire.\u00a0<\/span><\/p>\n","protected":false},"excerpt":{"rendered":"<ul>\n<li>\n<h1><span style=\"font-weight: 400;\">Quand : 8 juin<\/span><\/h1>\n<\/li>\n<li>\n<h1><span style=\"font-weight: 400;\">O\u00f9 : club de golf Ch\u00e2teau Bromont<\/span><\/h1>\n<\/li>\n<li>Prix : \/golfeuse<\/li>\n<\/ul>\n<p><span style=\"font-weight: 400;\">Objectif : se rassembler en tant que femme golfeuse, trouver de nouvelles partenaires et cr\u00e9er de bons moments!<\/span><\/p>\n<p><span style=\"font-weight: 400;\">Formule : 4 \u00e0 8 golfique!<\/span><\/p>\n<ul>\n<li style=\"font-weight: 400;\" aria-level=\"1\"><span style=\"font-weight: 400;\">V\u00e9gas \u00e0 4<\/span><\/li>\n<li style=\"font-weight: 400;\" aria-level=\"1\"><span style=\"font-weight: 400;\">Inscription golf individuel<\/span><\/li>\n<\/ul>\n<p><span style=\"font-weight: 400;\">Place limit\u00e9es : 40 femmes golfeuses maximum !<\/span><\/p>\n<p><b>L\u2019\u00e9v\u00e9nement comprend <\/b><span style=\"font-weight: 400;\">:\u00a0<\/span><\/p>\n<ul>\n<li style=\"font-weight: 400;\" aria-level=\"1\"><span style=\"font-weight: 400;\">Clinique golf donn\u00e9 par S\u00e9bastien N\u00e9ron<\/span><\/li>\n<li style=\"font-weight: 400;\" aria-level=\"1\"><span style=\"font-weight: 400;\">D\u00e9fi putting en \u00e9quipe<\/span>\n<ul>\n<li style=\"font-weight: 400;\" aria-level=\"2\"><span style=\"font-weight: 400;\">prix \u00e0 gagner<\/span><\/li>\n<\/ul>\n<\/li>\n<li style=\"font-weight: 400;\" aria-level=\"1\"><span style=\"font-weight: 400;\">Ronde de 9 trous<\/span>\n<ul>\n<li style=\"font-weight: 400;\" aria-level=\"2\"><span style=\"font-weight: 400;\">Bo\u00eete \u00e0 lunch et consommation<\/span><\/li>\n<\/ul>\n<\/li>\n<li style=\"font-weight: 400;\" aria-level=\"1\"><span style=\"font-weight: 400;\">Prix de pr\u00e9sence et de participation<\/span><\/li>\n<\/ul>\n<p><b>Organisation :\u00a0<\/b><\/p>\n<ul>\n<li><span style=\"font-weight: 400;\">15h00 : d\u00e9but arriv\u00e9e des golfeuses &#8211; pratique assist\u00e9\u00a0<\/span><\/li>\n<li><span style=\"font-weight: 400;\">15h30 \u00e0 16h30 : Clinique golf avec S\u00e9bastien N\u00e9ron<\/span><\/li>\n<li><span style=\"font-weight: 400;\">16h30 : D\u00e9fi putting par \u00e9quipe<\/span><\/li>\n<li><span style=\"font-weight: 400;\">17h30 : D\u00e9part en shot-gun 9 trous avec bo\u00eete \u00e0 lunch et consommation (inclus)<\/span><\/li>\n<li><span style=\"font-weight: 400;\">19h30-20h00 : Remise de prix<\/span><\/li>\n<\/ul>\n<p><span style=\"font-weight: 400;\">Une clinique sera donn\u00e9e par S\u00e9bastien N\u00e9ron de 15h30 \u00e0 16h15. Apr\u00e8s la clinique chaque golfeuse trouvera son quatuor pour le 9 trous, \u00e0 l\u2019inscription, on remettra des cocardes pour l\u2019identification des quatuor, un des objectifs de l\u2019\u00e9v\u00e9nement est de cr\u00e9er des liens. Ensuite, de 16h15 \u00e0 17h00 se d\u00e9roule une petite comp\u00e9tition de putting pour se r\u00e9chauffer, briser la glace entre golfeuses et surtout faire connaissance. Le d\u00e9part se d\u00e9roulera en formule shot-gun \u00e0 17h15, les participantes se verront remettre une bo\u00eete \u00e0 lunch et une consommation sous forme pr\u00eat \u00e0 boire.\u00a0<\/span><\/p>\n","protected":false},"featured_media":150091,"template":"","meta":{"_et_pb_use_builder":"","_et_pb_old_content":"","_et_gb_content_width":""},"product_brand":[],"product_cat":[706],"product_tag":[],"class_list":{"0":"post-148473","1":"product","2":"type-product","3":"status-publish","4":"has-post-thumbnail","6":"product_cat-non-classe","8":"first","9":"outofstock","10":"taxable","11":"shipping-taxable","12":"purchasable","13":"product-type-simple"},"_links":{"self":[{"href":"https:\/\/flexigolf.ca\/en\/wp-json\/wp\/v2\/product\/148473","targetHints":{"allow":["GET"]}}],"collection":[{"href":"https:\/\/flexigolf.ca\/en\/wp-json\/wp\/v2\/product"}],"about":[{"href":"https:\/\/flexigolf.ca\/en\/wp-json\/wp\/v2\/types\/product"}],"wp:featuredmedia":[{"embeddable":true,"href":"https:\/\/flexigolf.ca\/en\/wp-json\/wp\/v2\/media\/150091"}],"wp:attachment":[{"href":"https:\/\/flexigolf.ca\/en\/wp-json\/wp\/v2\/media?parent=148473"}],"wp:term":[{"taxonomy":"product_brand","embeddable":true,"href":"https:\/\/flexigolf.ca\/en\/wp-json\/wp\/v2\/product_brand?post=148473"},{"taxonomy":"product_cat","embeddable":true,"href":"https:\/\/flexigolf.ca\/en\/wp-json\/wp\/v2\/product_cat?post=148473"},{"taxonomy":"product_tag","embeddable":true,"href":"https:\/\/flexigolf.ca\/en\/wp-json\/wp\/v2\/product_tag?post=148473"}],"curies":[{"name":"wp","href":"https:\/\/api.w.org\/{rel}","templated":true}]}}