{"id":148474,"date":"2022-05-10T09:56:30","date_gmt":"2022-05-10T13:56:30","guid":{"rendered":"https:\/\/flexigolf.ca\/?post_type=product&#038;p=148474"},"modified":"2022-11-29T11:11:11","modified_gmt":"2022-11-29T16:11:11","slug":"levenement-golf-la-coupe-des-couples-au-golf-st-jean-de-matha","status":"publish","type":"product","link":"https:\/\/flexigolf.ca\/en\/product\/levenement-golf-la-coupe-des-couples-au-golf-st-jean-de-matha\/","title":{"rendered":"L&#8217;\u00e9v\u00e9nement golf \u00ab La coupe des couples \u00bb au golf St-Jean-de-Matha"},"content":{"rendered":"<ul>\n<li>\n<h1><span style=\"font-weight: 400;\">Quand :15 octobre<\/span><\/h1>\n<\/li>\n<li>\n<h1><span style=\"font-weight: 400;\">O\u00f9 : Club de golf St-Jean-de-Matha<\/span><\/h1>\n<\/li>\n<li>Prix :\n<ul>\n<li>150$ pour le couple formule du tournoi : d\u00e9fi et clinique, golf et lunch \/ couple<\/li>\n<li>255$ pour le couple formule du tournoi : d\u00e9fi et clinique, golf, lunch, consommation et souper \/ couple<\/li>\n<li>365$ pour le couple formule du tournoi : d\u00e9fi et clinique, golf, lunch, consommation, souper et avec h\u00e9bergement \/ couple (COMPLET)<\/li>\n<li>465$ pour le couple formule du tournoi : d\u00e9fi et clinique, golf, lunch, consommation, souper et h\u00e9bergement condo confo \/ couple<\/li>\n<\/ul>\n<\/li>\n<\/ul>\n<p><span style=\"font-weight: 400;\">Cible : C\u00e9l\u00e9brer le golf en couple!<\/span><\/p>\n<p><span style=\"font-weight: 400;\">Formule : V\u00e9gas \u00e0 2<\/span><\/p>\n<p><span style=\"font-weight: 400;\">Objectif de l\u2019\u00e9v\u00e9nement : se mettre au d\u00e9fi en couple dans un contexte amical et un d\u00e9cor enchanteur pour c\u00e9l\u00e9brer le meilleur sport de couple : le golf!<\/span><\/p>\n<p><b>L\u2019\u00e9v\u00e9nement comprend <\/b><span style=\"font-weight: 400;\">:\u00a0<\/span><\/p>\n<ul>\n<li style=\"font-weight: 400;\" aria-level=\"1\"><span style=\"font-weight: 400;\">Clinique golf &#8211; ax\u00e9 couple ex : \u00ab Comment on joue en couple \ud83d\ude09 )<\/span><\/li>\n<li style=\"font-weight: 400;\" aria-level=\"1\"><span style=\"font-weight: 400;\">Concours habilet\u00e9s autour du vert pour mettre le couple au d\u00e9fi \ud83d\ude09<\/span>\n<ul>\n<li style=\"font-weight: 400;\" aria-level=\"2\"><span style=\"font-weight: 400;\">Prix \u00e0 gagner<\/span><\/li>\n<\/ul>\n<\/li>\n<li style=\"font-weight: 400;\" aria-level=\"1\"><span style=\"font-weight: 400;\">V\u00e9gas \u00e0 2, ronde de 18 trous avec voiturette<\/span>\n<ul>\n<li style=\"font-weight: 400;\" aria-level=\"2\"><span style=\"font-weight: 400;\">lunch et consommation inclus<\/span><\/li>\n<li style=\"font-weight: 400;\" aria-level=\"2\"><span style=\"font-weight: 400;\">concours sur le terrain<\/span><\/li>\n<\/ul>\n<\/li>\n<li style=\"font-weight: 400;\" aria-level=\"1\"><span style=\"font-weight: 400;\">Prix pour les gagnants et prix de participation<\/span><\/li>\n<li style=\"font-weight: 400;\" aria-level=\"1\"><span style=\"font-weight: 400;\">Troph\u00e9s pour les gagnants\u00a0<\/span><\/li>\n<li style=\"font-weight: 400;\" aria-level=\"1\"><span style=\"font-weight: 400;\">Souper 3 services (optionnel)<\/span><\/li>\n<li style=\"font-weight: 400;\" aria-level=\"1\"><span style=\"font-weight: 400;\">Nuit\u00e9e en occupation double avec d\u00e9jeuner (optionnel ; seulement 30 chambres!)<\/span><\/li>\n<\/ul>\n<p><b>Organisation :\u00a0<\/b><\/p>\n<ul>\n<li><span style=\"font-weight: 400;\">10h30 : arriv\u00e9e des golfeurs\u00a0<\/span><\/li>\n<li><span style=\"font-weight: 400;\">11h30 : Concours habilet\u00e9s autour du vert (mettre le couple au d\u00e9fi ;))<\/span><\/li>\n<li><span style=\"font-weight: 400;\">12h30 : D\u00e9part en shotgun ronde 18 trous\u00a0<\/span><\/li>\n<li><span style=\"font-weight: 400;\">17h30 \u00e0 18h00 : check in et temps libre<\/span><\/li>\n<li><span style=\"font-weight: 400;\">19h00 &#8211; cocktail ouverture<\/span><\/li>\n<li><span style=\"font-weight: 400;\">19h30: souper\u00a0<\/span><\/li>\n<li style=\"font-weight: 400;\" aria-level=\"1\"><span style=\"font-weight: 400;\">repas 3 services (choix de menu \u00e0 l\u2019inscription)<\/span><\/li>\n<li style=\"font-weight: 400;\" aria-level=\"1\"><span style=\"font-weight: 400;\">remise de prix\u00a0<\/span><\/li>\n<li><span style=\"font-weight: 400;\">21h30 : musique<\/span><\/li>\n<\/ul>\n","protected":false},"excerpt":{"rendered":"<ul>\n<li>\n<h1><span style=\"font-weight: 400;\">Quand :15 octobre<\/span><\/h1>\n<\/li>\n<li>\n<h1><span style=\"font-weight: 400;\">O\u00f9 : Club de golf St-Jean-de-Matha<\/span><\/h1>\n<\/li>\n<\/ul>\n<p><span style=\"font-weight: 400;\">Cible : les golfeurs qui joue en couple\u00a0<\/span><\/p>\n<p><span style=\"font-weight: 400;\">Formule : V\u00e9gas \u00e0 2<\/span><\/p>\n<p><span style=\"font-weight: 400;\">Objectif de l\u2019\u00e9v\u00e9nement : se mettre au d\u00e9fi en couple dans un contexte amical et un d\u00e9cor enchanteur pour c\u00e9l\u00e9brer le meilleur sport de couple : le golf!<\/span><\/p>\n<p><b>L\u2019\u00e9v\u00e9nement comprend <\/b><span style=\"font-weight: 400;\">:\u00a0<\/span><\/p>\n<ul>\n<li style=\"font-weight: 400;\" aria-level=\"1\"><span style=\"font-weight: 400;\">Clinique golf &#8211; ax\u00e9 couple ex : \u00ab Comment on joue en couple \ud83d\ude09 )<\/span><\/li>\n<li style=\"font-weight: 400;\" aria-level=\"1\"><span style=\"font-weight: 400;\">Concours habilet\u00e9s autour du vert pour mettre le couple au d\u00e9fi \ud83d\ude09<\/span>\n<ul>\n<li style=\"font-weight: 400;\" aria-level=\"2\"><span style=\"font-weight: 400;\">Prix \u00e0 gagner<\/span><\/li>\n<\/ul>\n<\/li>\n<li style=\"font-weight: 400;\" aria-level=\"1\"><span style=\"font-weight: 400;\">V\u00e9gas \u00e0 2, ronde de 18 trous avec voiturette<\/span>\n<ul>\n<li style=\"font-weight: 400;\" aria-level=\"2\"><span style=\"font-weight: 400;\">lunch et consommation inclus<\/span><\/li>\n<li style=\"font-weight: 400;\" aria-level=\"2\"><span style=\"font-weight: 400;\">concours sur le terrain<\/span><\/li>\n<\/ul>\n<\/li>\n<li style=\"font-weight: 400;\" aria-level=\"1\"><span style=\"font-weight: 400;\">Prix pour les gagnants et prix de participation<\/span><\/li>\n<li style=\"font-weight: 400;\" aria-level=\"1\"><span style=\"font-weight: 400;\">Troph\u00e9s pour les gagnants\u00a0<\/span><\/li>\n<li style=\"font-weight: 400;\" aria-level=\"1\"><span style=\"font-weight: 400;\">Souper 3 services<\/span><\/li>\n<li style=\"font-weight: 400;\" aria-level=\"1\"><span style=\"font-weight: 400;\">Nuit\u00e9e en occupation double avec d\u00e9jeuner (optionnel)<\/span><\/li>\n<\/ul>\n<p><b>Organisation :\u00a0<\/b><\/p>\n<ul>\n<li><span style=\"font-weight: 400;\">10h30 : arriv\u00e9e des golfeurs\u00a0<\/span><\/li>\n<li><span style=\"font-weight: 400;\">11h30 : Concours habilet\u00e9s autour du vert (mettre le couple au d\u00e9fi ;))<\/span><\/li>\n<li><span style=\"font-weight: 400;\">12h30 : D\u00e9part en shotgun ronde 18 trous\u00a0<\/span><\/li>\n<li><span style=\"font-weight: 400;\">17h30 \u00e0 18h00 : check in et temps libre<\/span><\/li>\n<li><span style=\"font-weight: 400;\">19h00 &#8211; cocktail ouverture (option souper)<\/span><\/li>\n<li><span style=\"font-weight: 400;\">19h30: souper (option)<\/span><\/li>\n<li style=\"font-weight: 400;\" aria-level=\"1\"><span style=\"font-weight: 400;\">repas 3 services (choix de menu \u00e0 l\u2019inscription)<\/span><\/li>\n<li style=\"font-weight: 400;\" aria-level=\"1\"><span style=\"font-weight: 400;\">remise de prix\u00a0<\/span><\/li>\n<li><span style=\"font-weight: 400;\">21h30 : musique<\/span><\/li>\n<\/ul>\n","protected":false},"featured_media":173769,"template":"","meta":{"_et_pb_use_builder":"","_et_pb_old_content":"","_et_gb_content_width":""},"product_brand":[],"product_cat":[706],"product_tag":[],"class_list":{"0":"post-148474","1":"product","2":"type-product","3":"status-publish","4":"has-post-thumbnail","6":"product_cat-non-classe","8":"first","9":"outofstock","10":"taxable","11":"shipping-taxable","12":"purchasable","13":"product-type-variable"},"_links":{"self":[{"href":"https:\/\/flexigolf.ca\/en\/wp-json\/wp\/v2\/product\/148474","targetHints":{"allow":["GET"]}}],"collection":[{"href":"https:\/\/flexigolf.ca\/en\/wp-json\/wp\/v2\/product"}],"about":[{"href":"https:\/\/flexigolf.ca\/en\/wp-json\/wp\/v2\/types\/product"}],"wp:featuredmedia":[{"embeddable":true,"href":"https:\/\/flexigolf.ca\/en\/wp-json\/wp\/v2\/media\/173769"}],"wp:attachment":[{"href":"https:\/\/flexigolf.ca\/en\/wp-json\/wp\/v2\/media?parent=148474"}],"wp:term":[{"taxonomy":"product_brand","embeddable":true,"href":"https:\/\/flexigolf.ca\/en\/wp-json\/wp\/v2\/product_brand?post=148474"},{"taxonomy":"product_cat","embeddable":true,"href":"https:\/\/flexigolf.ca\/en\/wp-json\/wp\/v2\/product_cat?post=148474"},{"taxonomy":"product_tag","embeddable":true,"href":"https:\/\/flexigolf.ca\/en\/wp-json\/wp\/v2\/product_tag?post=148474"}],"curies":[{"name":"wp","href":"https:\/\/api.w.org\/{rel}","templated":true}]}}