{"id":148477,"date":"2022-04-25T16:35:57","date_gmt":"2022-04-25T20:35:57","guid":{"rendered":"https:\/\/flexigolf.ca\/?post_type=product&#038;p=148477"},"modified":"2022-11-29T11:11:30","modified_gmt":"2022-11-29T16:11:30","slug":"levenement-la-coupe-des-golfeurs-nomades-au-parcours-du-vieux-village","status":"publish","type":"product","link":"https:\/\/flexigolf.ca\/en\/product\/levenement-la-coupe-des-golfeurs-nomades-au-parcours-du-vieux-village\/","title":{"rendered":"L&#8217;\u00e9v\u00e9nement \u00ab La Coupe des golfeurs nomades \u00bb au Parcours du vieux Village"},"content":{"rendered":"<p>SOLD OUT &#8211; 144 golfeurs ! V\u00e9rifiez nos prochains \u00e9v\u00e9nements!<\/p>\n<ul>\n<li>\n<h1><span style=\"font-weight: 400;\">Quand : 24 septembre<\/span><\/h1>\n<\/li>\n<li>\n<h1><span style=\"font-weight: 400;\">O\u00f9 : Parcours du Vieux Village<\/span><\/h1>\n<\/li>\n<li>\n<h1>Prix par joueur : 75$<\/h1>\n<\/li>\n<\/ul>\n<p><span style=\"font-weight: 400;\">Cible : Les golfeurs nomades du Qu\u00e9bec. Se rassembler pour c\u00e9l\u00e9brer le golf et les amiti\u00e9s de notre sport favori!<\/span><\/p>\n<p><span style=\"font-weight: 400;\">Formule : V\u00e9gas \u00e0 4<\/span><\/p>\n<p><span style=\"font-weight: 400;\">Inscription : inscris-toi avec tes ami(es) ou seul et on te cr\u00e9er ton \u00e9quipe! Dans le ficher d&#8217;inscription que tu recevras par courriel, indique le nom de tes partenaires.<\/span><\/p>\n<p><span style=\"font-weight: 400;\">Objectif de l\u2019\u00e9v\u00e9nement : c\u00e9l\u00e9brer le golf entres golfeur et amener la coupe des golfeurs nomades dans une r\u00e9gion diff\u00e9rente l\u2019ann\u00e9e prochaine! Chaque \u00e9quipe repr\u00e9sente une r\u00e9gion<\/span><\/p>\n<p><span style=\"font-weight: 400;\">Pour tous nos \u00e9v\u00e9nements, 5$ par participant est remis \u00e0 la Fondation FlexiGolf afin de parrainer le plus grand nombre de jeunes golfeurs l\u2019ann\u00e9e prochaine, pour plus de d\u00e9tails visitez le site de la Fondation.<\/span><\/p>\n<p><b>L\u2019\u00e9v\u00e9nement comprend <\/b><span style=\"font-weight: 400;\">:\u00a0<\/span><\/p>\n<ul>\n<li style=\"font-weight: 400;\" aria-level=\"1\"><span style=\"font-weight: 400;\">Balles de pratiques incluses (1 jeton)<\/span><\/li>\n<li style=\"font-weight: 400;\" aria-level=\"1\"><span style=\"font-weight: 400;\">D\u00e9fi putting<\/span>\n<ul>\n<li style=\"font-weight: 400;\" aria-level=\"2\"><span style=\"font-weight: 400;\">Prix \u00e0 gagner<\/span><\/li>\n<\/ul>\n<\/li>\n<li style=\"font-weight: 400;\" aria-level=\"1\"><span style=\"font-weight: 400;\">V\u00e9gas \u00e0 4, ronde de 18 trous avec voiturette<\/span>\n<ul>\n<li style=\"font-weight: 400;\" aria-level=\"2\"><span style=\"font-weight: 400;\">lunch et consommation inclus<\/span><\/li>\n<li style=\"font-weight: 400;\" aria-level=\"2\"><span style=\"font-weight: 400;\">concours sur le terrain<\/span><\/li>\n<\/ul>\n<\/li>\n<li style=\"font-weight: 400;\" aria-level=\"1\"><span style=\"font-weight: 400;\">Prix pour les gagnants et prix de participation<\/span><\/li>\n<li style=\"font-weight: 400;\" aria-level=\"1\"><span style=\"font-weight: 400;\">Troph\u00e9s pour les gagnants\u00a0<\/span>\n<ul>\n<li style=\"font-weight: 400;\" aria-level=\"2\"><span style=\"font-weight: 400;\">L\u2019\u00e9quipe gagnante am\u00e8ne l\u2019\u00e9v\u00e9nement dans sa r\u00e9gion l\u2019ann\u00e9e prochaine et, surtout, obtient son inscription gratuitement!<\/span><\/li>\n<\/ul>\n<\/li>\n<li style=\"font-weight: 400;\" aria-level=\"1\"><span style=\"font-weight: 400;\">BBQ inclus apr\u00e8s la partie<\/span><\/li>\n<\/ul>\n<p><b>Organisation :\u00a0<\/b><\/p>\n<ul>\n<li><span style=\"font-weight: 400;\">10h30 : arriv\u00e9e des golfeurs et temps de pratique<\/span><\/li>\n<li><span style=\"font-weight: 400;\">11h30 : D\u00e9fi putting<\/span><\/li>\n<li><span style=\"font-weight: 400;\">13h00 : D\u00e9part en shotgun ronde 18 trous\u00a0<\/span><\/li>\n<li><span style=\"font-weight: 400;\">18h00 \u00e0 19h00 : remise des prix et bbq (inclus)<\/span><\/li>\n<\/ul>\n<p>\u00c9v\u00e9nement facebook : <a href=\"https:\/\/www.facebook.com\/events\/548923376598098\/?ref=newsfeed\" target=\"_blank\" rel=\"noopener\">L&#8217;\u00e9v\u00e9nement \u00ab La Coupe des golfeurs nomades \u00bb au Parcours du vieux Village | Facebook<\/a><\/p>\n","protected":false},"excerpt":{"rendered":"<ul>\n<li>\n<h1><span style=\"font-weight: 400;\">Quand : 24 septembre<\/span><\/h1>\n<\/li>\n<li>\n<h1><span style=\"font-weight: 400;\">O\u00f9 : Parcours du Vieux Village<\/span><\/h1>\n<\/li>\n<\/ul>\n<p><span style=\"font-weight: 400;\">Cible : Les golfeurs nomades du Qu\u00e9bec. Se rassembler pour c\u00e9l\u00e9brer le golf et les amiti\u00e9s de notre sport favori!<\/span><\/p>\n<p><span style=\"font-weight: 400;\">Formule : V\u00e9gas \u00e0 4<\/span><\/p>\n<p><span style=\"font-weight: 400;\">Inscription : inscris-toi avec tes ami(es) ou seul et on te cr\u00e9er ton \u00e9quipe! Dans le ficher d&#8217;inscription que tu recevras par courriel, indique le nom de tes partenaires.<\/span><\/p>\n<p><span style=\"font-weight: 400;\">Objectif de l\u2019\u00e9v\u00e9nement : c\u00e9l\u00e9brer le golf entres golfeur et amener la coupe des golfeurs nomades dans une r\u00e9gion diff\u00e9rente l\u2019ann\u00e9e prochaine! Chaque \u00e9quipe repr\u00e9sente une r\u00e9gion<\/span><\/p>\n<p><b>L\u2019\u00e9v\u00e9nement comprend <\/b><span style=\"font-weight: 400;\">:\u00a0<\/span><\/p>\n<ul>\n<li style=\"font-weight: 400;\" aria-level=\"1\"><span style=\"font-weight: 400;\">Balles de pratiques incluses (1 jeton)<\/span><\/li>\n<li style=\"font-weight: 400;\" aria-level=\"1\"><span style=\"font-weight: 400;\">D\u00e9fi putting<\/span>\n<ul>\n<li style=\"font-weight: 400;\" aria-level=\"2\"><span style=\"font-weight: 400;\">Prix \u00e0 gagner<\/span><\/li>\n<\/ul>\n<\/li>\n<li style=\"font-weight: 400;\" aria-level=\"1\"><span style=\"font-weight: 400;\">V\u00e9gas \u00e0 4, ronde de 18 trous avec voiturette<\/span>\n<ul>\n<li style=\"font-weight: 400;\" aria-level=\"2\"><span style=\"font-weight: 400;\">lunch et consommation inclus<\/span><\/li>\n<li style=\"font-weight: 400;\" aria-level=\"2\"><span style=\"font-weight: 400;\">concours sur le terrain<\/span><\/li>\n<\/ul>\n<\/li>\n<li style=\"font-weight: 400;\" aria-level=\"1\"><span style=\"font-weight: 400;\">Prix pour les gagnants et prix de participation<\/span><\/li>\n<li style=\"font-weight: 400;\" aria-level=\"1\"><span style=\"font-weight: 400;\">Troph\u00e9s pour les gagnants\u00a0<\/span>\n<ul>\n<li style=\"font-weight: 400;\" aria-level=\"2\"><span style=\"font-weight: 400;\">L\u2019\u00e9quipe gagnante am\u00e8ne l\u2019\u00e9v\u00e9nement dans sa r\u00e9gion l\u2019ann\u00e9e prochaine et, surtout, obtient son inscription gratuitement!<\/span><\/li>\n<\/ul>\n<\/li>\n<li style=\"font-weight: 400;\" aria-level=\"1\"><span style=\"font-weight: 400;\">BBQ inclus apr\u00e8s la partie<\/span><\/li>\n<\/ul>\n<p><b>Organisation :\u00a0<\/b><\/p>\n<ul>\n<li><span style=\"font-weight: 400;\">10h30 : arriv\u00e9e des golfeurs et temps de pratique<\/span><\/li>\n<li><span style=\"font-weight: 400;\">11h30 : D\u00e9fi putting<\/span><\/li>\n<li><span style=\"font-weight: 400;\">13h00 : D\u00e9part en shotgun ronde 18 trous\u00a0<\/span><\/li>\n<li><span style=\"font-weight: 400;\">18h00 \u00e0 19h00 : remise des prix et bbq (inclus)<\/span><\/li>\n<\/ul>\n","protected":false},"featured_media":164192,"template":"","meta":{"_et_pb_use_builder":"","_et_pb_old_content":"","_et_gb_content_width":""},"product_brand":[],"product_cat":[706],"product_tag":[],"class_list":{"0":"post-148477","1":"product","2":"type-product","3":"status-publish","4":"has-post-thumbnail","6":"product_cat-non-classe","7":"product_shipping_class-billet-golf-promotion-ou-evenement","9":"first","10":"outofstock","11":"downloadable","12":"taxable","13":"shipping-taxable","14":"purchasable","15":"product-type-simple"},"_links":{"self":[{"href":"https:\/\/flexigolf.ca\/en\/wp-json\/wp\/v2\/product\/148477","targetHints":{"allow":["GET"]}}],"collection":[{"href":"https:\/\/flexigolf.ca\/en\/wp-json\/wp\/v2\/product"}],"about":[{"href":"https:\/\/flexigolf.ca\/en\/wp-json\/wp\/v2\/types\/product"}],"wp:featuredmedia":[{"embeddable":true,"href":"https:\/\/flexigolf.ca\/en\/wp-json\/wp\/v2\/media\/164192"}],"wp:attachment":[{"href":"https:\/\/flexigolf.ca\/en\/wp-json\/wp\/v2\/media?parent=148477"}],"wp:term":[{"taxonomy":"product_brand","embeddable":true,"href":"https:\/\/flexigolf.ca\/en\/wp-json\/wp\/v2\/product_brand?post=148477"},{"taxonomy":"product_cat","embeddable":true,"href":"https:\/\/flexigolf.ca\/en\/wp-json\/wp\/v2\/product_cat?post=148477"},{"taxonomy":"product_tag","embeddable":true,"href":"https:\/\/flexigolf.ca\/en\/wp-json\/wp\/v2\/product_tag?post=148477"}],"curies":[{"name":"wp","href":"https:\/\/api.w.org\/{rel}","templated":true}]}}