{"id":154020,"date":"2022-05-20T10:56:52","date_gmt":"2022-05-20T14:56:52","guid":{"rendered":"https:\/\/flexigolf.ca\/?post_type=product&#038;p=154020"},"modified":"2022-11-23T16:35:44","modified_gmt":"2022-11-23T21:35:44","slug":"promotion-golf-et-souper-au-golf-kingsway","status":"publish","type":"product","link":"https:\/\/flexigolf.ca\/en\/product\/promotion-golf-et-souper-au-golf-kingsway\/","title":{"rendered":"Promotion golf et souper au Golf Kingsway"},"content":{"rendered":"<h1>Club de golf Kingsway, Outaouais<\/h1>\n<h2>18 trous, normale 72<\/h2>\n<p>Le Club de golf du Parc Kingsway est strat\u00e9giquement situ\u00e9 \u00e0 seulement 20 minutes du centre-ville de Gatineau et des principaux h\u00f4tels de la r\u00e9gion.<\/p>\n<p>C&#8217;est un tr\u00e8s beau parcours de 6400 verges \u00e0 normale 72 qui attends les golfeurs nomades! Juch\u00e9 au flanc de la montagne, le panoramas y est magnifique. Les installations du parcours en font une destination de choix. Vous serez impresisonn\u00e9 par le terrain de pratique, un rendez-vous assur\u00e9 avant votre partie pour vous \u00e9chauffer.<\/p>\n<p>Son pavillon patrimonial datant de 1821 et son cachet particulier en font une destination privil\u00e9gi\u00e9e pour tous les amateurs de golf. Parfait pour une apr\u00e8s partie!<\/p>\n","protected":false},"excerpt":{"rendered":"<h1 style=\"text-align: center;\">Golf et souper au Golf Kingsway<\/h1>\n<p>Cette offre du Golf Kingsway comprend<\/p>\n<ul>\n<li>Ronde de golf 18 trous avec voiturette<\/li>\n<li>Souper du chef<\/li>\n<\/ul>\n<p>Offre pour 1 joueur disponible. <strong>Offre 2 joueurs inclut l&#8217;acc\u00e8s au champ de pratique pour les deux joueurs : balles illimit\u00e9 30 minutes avant votre d\u00e9part)<\/strong><\/p>\n<p>Utilisable apr\u00e8s 13h00 du lundi au vendredi de la saison 2022.<\/p>\n<p><em>Les golfeurs peuvent r\u00e9server 7 jours \u00e0 l&#8217;avance.<\/em><\/p>\n","protected":false},"featured_media":152125,"template":"","meta":{"_et_pb_use_builder":"","_et_pb_old_content":"","_et_gb_content_width":""},"product_brand":[],"product_cat":[706],"product_tag":[3803],"class_list":{"0":"post-154020","1":"product","2":"type-product","3":"status-publish","4":"has-post-thumbnail","6":"product_cat-non-classe","7":"product_tag-lundi-au-vendredi","9":"first","10":"outofstock","11":"sale","12":"taxable","13":"shipping-taxable","14":"purchasable","15":"product-type-variable"},"_links":{"self":[{"href":"https:\/\/flexigolf.ca\/en\/wp-json\/wp\/v2\/product\/154020","targetHints":{"allow":["GET"]}}],"collection":[{"href":"https:\/\/flexigolf.ca\/en\/wp-json\/wp\/v2\/product"}],"about":[{"href":"https:\/\/flexigolf.ca\/en\/wp-json\/wp\/v2\/types\/product"}],"wp:featuredmedia":[{"embeddable":true,"href":"https:\/\/flexigolf.ca\/en\/wp-json\/wp\/v2\/media\/152125"}],"wp:attachment":[{"href":"https:\/\/flexigolf.ca\/en\/wp-json\/wp\/v2\/media?parent=154020"}],"wp:term":[{"taxonomy":"product_brand","embeddable":true,"href":"https:\/\/flexigolf.ca\/en\/wp-json\/wp\/v2\/product_brand?post=154020"},{"taxonomy":"product_cat","embeddable":true,"href":"https:\/\/flexigolf.ca\/en\/wp-json\/wp\/v2\/product_cat?post=154020"},{"taxonomy":"product_tag","embeddable":true,"href":"https:\/\/flexigolf.ca\/en\/wp-json\/wp\/v2\/product_tag?post=154020"}],"curies":[{"name":"wp","href":"https:\/\/api.w.org\/{rel}","templated":true}]}}