{"id":157874,"date":"2022-06-10T12:00:24","date_gmt":"2022-06-10T16:00:24","guid":{"rendered":"https:\/\/flexigolf.ca\/?post_type=product&#038;p=157874"},"modified":"2022-11-23T16:27:19","modified_gmt":"2022-11-23T21:27:19","slug":"offre-4-joueurs-au-club-de-golf-hawkesbury","status":"publish","type":"product","link":"https:\/\/flexigolf.ca\/en\/product\/offre-4-joueurs-au-club-de-golf-hawkesbury\/","title":{"rendered":"Offre 4 joueurs au Club de golf Hawkesbury"},"content":{"rendered":"<h1>Club de golf Hawkesbury, Ontario<\/h1>\n<h2>18 trous, normale 72<\/h2>\n<p>Hawkesbury Golf &amp; Curling offre un d\u00e9fi int\u00e9ressant pour les joueurs de tout niveau. \u00a0Le terrain de golf est reconnu pour ses all\u00e9es bord\u00e9es d\u2019arbres matures, ses verts \u00e9lev\u00e9s et il a la r\u00e9putation d\u2019\u00eatre beaucoup plus difficile \u00e0 jouer que l\u2019indique la longueur de son parcours. \u00a0La longueur du terrain se situe entre 5250 verges pour les tertres de d\u00e9part plac\u00e9s le plus \u00e0 l\u2019avant et 6700 verges pour les tertres de d\u00e9part de championnat.<\/p>\n<p>Les verts sont tout un d\u00e9fi, ils sont r\u00e9ceptifs et sont un super d\u00e9fi! Exp\u00e9rience golf impeccable \u00e0 d\u00e9couvrir!<\/p>\n<p>Pour d\u00e9couvrir le club et ces offres : <a href='https:\/\/flexigolf.ca\/categorie-produit\/club-de-golf\/club-de-golf-hawkesbury\/' class='small-button smallblue'>Voir le profil et les offres<\/a><\/p>\n","protected":false},"excerpt":{"rendered":"<h1 style=\"text-align: center;\">4 joueurs avec voiturette au Club de golf Hawkesbury<\/h1>\n<p>Cette offre inclus :<\/p>\n<ul>\n<li>4 joueurs ronde de 18 trous<\/li>\n<li>2 Voiturettes partag\u00e9es<\/li>\n<\/ul>\n<p>R\u00e9servation 5 jours possible \u00e0 l&#8217;avance.<\/p>\n<h3>Utilisable en tout temps pour la saison 2022.<\/h3>\n","protected":false},"featured_media":157872,"template":"","meta":{"_et_pb_use_builder":"","_et_pb_old_content":"","_et_gb_content_width":""},"product_brand":[],"product_cat":[706],"product_tag":[2535],"class_list":{"0":"post-157874","1":"product","2":"type-product","3":"status-publish","4":"has-post-thumbnail","6":"product_cat-non-classe","7":"product_tag-en-tout-temps","9":"first","10":"outofstock","11":"sale","12":"downloadable","13":"taxable","14":"shipping-taxable","15":"purchasable","16":"product-type-simple"},"_links":{"self":[{"href":"https:\/\/flexigolf.ca\/en\/wp-json\/wp\/v2\/product\/157874","targetHints":{"allow":["GET"]}}],"collection":[{"href":"https:\/\/flexigolf.ca\/en\/wp-json\/wp\/v2\/product"}],"about":[{"href":"https:\/\/flexigolf.ca\/en\/wp-json\/wp\/v2\/types\/product"}],"wp:featuredmedia":[{"embeddable":true,"href":"https:\/\/flexigolf.ca\/en\/wp-json\/wp\/v2\/media\/157872"}],"wp:attachment":[{"href":"https:\/\/flexigolf.ca\/en\/wp-json\/wp\/v2\/media?parent=157874"}],"wp:term":[{"taxonomy":"product_brand","embeddable":true,"href":"https:\/\/flexigolf.ca\/en\/wp-json\/wp\/v2\/product_brand?post=157874"},{"taxonomy":"product_cat","embeddable":true,"href":"https:\/\/flexigolf.ca\/en\/wp-json\/wp\/v2\/product_cat?post=157874"},{"taxonomy":"product_tag","embeddable":true,"href":"https:\/\/flexigolf.ca\/en\/wp-json\/wp\/v2\/product_tag?post=157874"}],"curies":[{"name":"wp","href":"https:\/\/api.w.org\/{rel}","templated":true}]}}