{"id":161484,"date":"2022-07-08T07:30:44","date_gmt":"2022-07-08T11:30:44","guid":{"rendered":"https:\/\/flexigolf.ca\/?post_type=product&#038;p=161484"},"modified":"2022-11-23T16:12:51","modified_gmt":"2022-11-23T21:12:51","slug":"promotion-golf-et-souper-au-parcours-du-vieux-village-a-bromont","status":"publish","type":"product","link":"https:\/\/flexigolf.ca\/en\/product\/promotion-golf-et-souper-au-parcours-du-vieux-village-a-bromont\/","title":{"rendered":"Promotion golf et souper au Parcours du Vieux Village \u00e0 Bromont"},"content":{"rendered":"<h1>&#x26f3; Le Parcours du Vieux Village \u00e0 Bromont, Estrie, 18 trous<\/h1>\n<p>Profitez de cette promotion pour jouer sur l&#8217;un des beaux d\u00e9fi golfique de l&#8217;Estrie!\u00a0D\u00e9couvrez ou rejouer ce club de golf toujours en excellente condition, vous serez convaincu d&#8217;adopter cette destination tout au long de l&#8217;\u00e9t\u00e9 \ud83d\ude09 ! Un parcours de 18 trous qui sait offrir du plaisir \u00e0 tous les niveaux de golfeurs. Les fins connaisseurs seront appr\u00e9cier cette superbe qualit\u00e9 de terrain et des verts dans un d\u00e9cor enchanteur. Une destination parfaite pour une escapade de golf ou encore une journ\u00e9e de golf entre amis ou en famille!<\/p>\n<p>D\u00e9couvrez les autres offres de golf du club\u00a0<a class=\"small-button smallblue\" href=\"http:\/\/flexigolf.ca\/categorie-produit\/club-de-golf\/parcours-du-vieux-village\/\">D\u00e9couvrez les offres<\/a><\/p>\n","protected":false},"excerpt":{"rendered":"<h1 style=\"text-align: center;\">1 joueur golf et voiturette avec souper \u00e0 la Tabl\u00e9e du Village<\/h1>\n<p>Cette offre inclus :<\/p>\n<ul>\n<li>1 joueur ronde de 18<\/li>\n<li>Voiturette partag\u00e9e<\/li>\n<li>Souper 3 services, un chef r\u00e9put\u00e9!<\/li>\n<li>services non inclus<\/li>\n<\/ul>\n<p>Utilisable en tout temps pour la saison 2022 (du mercredi au samedi). Ouvert \u00e0 partir du 13 juillet! R\u00e9servez votre d\u00e9part et souper 30 jours \u00e0 l&#8217;avance!<\/p>\n<p><strong>Menu \u00e0 la carte. Choix de :<\/strong><\/p>\n<ul>\n<li>3 entr\u00e9es<\/li>\n<li>4 plats principaux<\/li>\n<\/ul>\n","protected":false},"featured_media":161485,"template":"","meta":{"_et_pb_use_builder":"","_et_pb_old_content":"","_et_gb_content_width":""},"product_brand":[],"product_cat":[706],"product_tag":[],"class_list":{"0":"post-161484","1":"product","2":"type-product","3":"status-publish","4":"has-post-thumbnail","6":"product_cat-non-classe","8":"first","9":"outofstock","10":"sale","11":"downloadable","12":"taxable","13":"shipping-taxable","14":"purchasable","15":"product-type-simple"},"_links":{"self":[{"href":"https:\/\/flexigolf.ca\/en\/wp-json\/wp\/v2\/product\/161484","targetHints":{"allow":["GET"]}}],"collection":[{"href":"https:\/\/flexigolf.ca\/en\/wp-json\/wp\/v2\/product"}],"about":[{"href":"https:\/\/flexigolf.ca\/en\/wp-json\/wp\/v2\/types\/product"}],"wp:featuredmedia":[{"embeddable":true,"href":"https:\/\/flexigolf.ca\/en\/wp-json\/wp\/v2\/media\/161485"}],"wp:attachment":[{"href":"https:\/\/flexigolf.ca\/en\/wp-json\/wp\/v2\/media?parent=161484"}],"wp:term":[{"taxonomy":"product_brand","embeddable":true,"href":"https:\/\/flexigolf.ca\/en\/wp-json\/wp\/v2\/product_brand?post=161484"},{"taxonomy":"product_cat","embeddable":true,"href":"https:\/\/flexigolf.ca\/en\/wp-json\/wp\/v2\/product_cat?post=161484"},{"taxonomy":"product_tag","embeddable":true,"href":"https:\/\/flexigolf.ca\/en\/wp-json\/wp\/v2\/product_tag?post=161484"}],"curies":[{"name":"wp","href":"https:\/\/api.w.org\/{rel}","templated":true}]}}