{"id":167881,"date":"2022-08-08T23:15:42","date_gmt":"2022-08-09T03:15:42","guid":{"rendered":"https:\/\/flexigolf.ca\/?post_type=product&#038;p=167881"},"modified":"2024-11-04T12:29:06","modified_gmt":"2024-11-04T17:29:06","slug":"1-nuit-2-rondes-golf-fort-prevel-en-formule-hebergement-basse-saison","status":"publish","type":"product","link":"https:\/\/flexigolf.ca\/en\/product\/1-nuit-2-rondes-golf-fort-prevel-en-formule-hebergement-basse-saison\/","title":{"rendered":"1 nuit &#8211; 2 rondes &#8211; Golf Fort Pr\u00e9vel en formule h\u00e9bergement (basse saison)"},"content":{"rendered":"<h1>Club de golf Fort Pr\u00e9vel, Gasp\u00e9sie<\/h1>\n<h1>18 trous, normale 72<\/h1>\n<p>Nich\u00e9 sur une falaise, le Club de Golf Fort Pr\u00e9vel offre une vue spectaculaire sur l\u2019entr\u00e9e de la Baie de Gasp\u00e9! Entre mer et montagnes, venez jouer sur notre splendide terrain. Vous en garderez des souvenirs imp\u00e9rissables, avec le go\u00fbt d\u2019y revenir!<\/p>\n","protected":false},"excerpt":{"rendered":"<h1>Forfait golf et h\u00e9bergement au club de golf Fort-Pr\u00e9vel<\/h1>\n<p>Vous r\u00eavez de la Gasp\u00e9sie? Et bien c\u2019est votre chance de jouer ce magnifique club de golf avec notre offre exclusive pour 2 joueurs :<\/p>\n<ul>\n<li>1 nuit\u00e9e au motel de la falaise<\/li>\n<li>2 joueurs ronde de 18 trous<\/li>\n<li>Avec voiturette partag\u00e9e<\/li>\n<\/ul>\n<table class=\"entry-details-table \" cellspacing=\"0\">\n<tbody>\n<tr>\n<td class=\"entry-view-field-value\" colspan=\"2\">Motel \u00e0 un lit queen avec vue splendide sur la mer. Motels enti\u00e8rement r\u00e9nov\u00e9s en 2020 et 2021 avec petit frigo, micro-onde et cafeti\u00e8re. Stationnement devant la porte. Balcon avec chaises et table. D\u00e9jeuner complet disponible au casse-cro\u00fbte du golf (non inclus). Le motel de la Falaise est situ\u00e9 directement sur le site du golf de Fort Pr\u00e9vel.<\/td>\n<\/tr>\n<\/tbody>\n<\/table>\n<h2>Il s\u2019agit d\u2019un forfait basse saison, soit avant le 24 juin et apr\u00e8s le 5 septembre.<\/h2>\n","protected":false},"featured_media":164978,"template":"","meta":{"_et_pb_use_builder":"","_et_pb_old_content":"","_et_gb_content_width":""},"product_brand":[],"product_cat":[3701],"product_tag":[3914],"class_list":{"0":"post-167881","1":"product","2":"type-product","3":"status-publish","4":"has-post-thumbnail","6":"product_cat-unclassified","7":"product_tag-beginning-of-the-season","9":"first","10":"instock","11":"taxable","12":"shipping-taxable","13":"purchasable","14":"product-type-simple"},"_links":{"self":[{"href":"https:\/\/flexigolf.ca\/en\/wp-json\/wp\/v2\/product\/167881","targetHints":{"allow":["GET"]}}],"collection":[{"href":"https:\/\/flexigolf.ca\/en\/wp-json\/wp\/v2\/product"}],"about":[{"href":"https:\/\/flexigolf.ca\/en\/wp-json\/wp\/v2\/types\/product"}],"wp:featuredmedia":[{"embeddable":true,"href":"https:\/\/flexigolf.ca\/en\/wp-json\/wp\/v2\/media\/164978"}],"wp:attachment":[{"href":"https:\/\/flexigolf.ca\/en\/wp-json\/wp\/v2\/media?parent=167881"}],"wp:term":[{"taxonomy":"product_brand","embeddable":true,"href":"https:\/\/flexigolf.ca\/en\/wp-json\/wp\/v2\/product_brand?post=167881"},{"taxonomy":"product_cat","embeddable":true,"href":"https:\/\/flexigolf.ca\/en\/wp-json\/wp\/v2\/product_cat?post=167881"},{"taxonomy":"product_tag","embeddable":true,"href":"https:\/\/flexigolf.ca\/en\/wp-json\/wp\/v2\/product_tag?post=167881"}],"curies":[{"name":"wp","href":"https:\/\/api.w.org\/{rel}","templated":true}]}}