{"id":185980,"date":"2022-11-22T12:00:05","date_gmt":"2022-11-22T17:00:05","guid":{"rendered":"https:\/\/flexigolf.ca\/?post_type=product&#038;p=185980"},"modified":"2023-03-05T06:52:38","modified_gmt":"2023-03-05T11:52:38","slug":"1-ou-2-joueurs-9-trous-a-pied-club-de-golf-donnacona-sans-restriction","status":"publish","type":"product","link":"https:\/\/flexigolf.ca\/en\/product\/1-ou-2-joueurs-9-trous-a-pied-club-de-golf-donnacona-sans-restriction\/","title":{"rendered":"1 ou 2 joueurs &#8211; 9 trous \u00e0 pied &#8211; Club de golf Donnacona (EN TOUT TEMPS)"},"content":{"rendered":"<h2>Club de golf Donnacona, Capitale-Nationale<\/h2>\n<h2>9 trous<\/h2>\n<p>Le club de golf Donnacona saura vous offrir un d\u00e9fi golfique vari\u00e9 et plaisant dans un environnement enchanteur! Les verts offrent toujours un d\u00e9fi par leur rapidit\u00e9. Les arbres matures du terrain donne du cachet \u00e0 ce parcours, celui-ci \u00e9tait centenaire! Le c\u00f4t\u00e9 historique du terrain et la vue sur le fleuve rendent la partie encore plus agr\u00e9able. En effet, sur plusieurs trous vous pourrez admirer le fleuve. Profitez de cette promotion pour d\u00e9couvrir ce parcours ou encore pour le rejouer! Une belle escapade de golf entre amis ou en famille.<\/p>\n<p>Pour plus d&#8217;information sur le club de golf consultez leur profil <a href='https:\/\/flexigolf.ca\/project\/club-de-golf-donnacona\/' class='small-button smallsilver'>Voir le profil<\/a><\/p>\n","protected":false},"excerpt":{"rendered":"<p><span style=\"font-weight: 400;\">Un parcours de golf plaisant \u00e0 jouer entre amis ou en famille qui vous offre de superbes vues sur le fleuve St-Laurent.<\/span><\/p>\n<p><span style=\"font-weight: 400;\">Cette offre de duo de golfeurs au club de golf Donnacona inclus :\u00a0<\/span><\/p>\n<ul>\n<li style=\"font-weight: 400;\" aria-level=\"1\"><span style=\"font-weight: 400;\">1 ou 2 joueurs \u00e0 pied ronde de 9 trous (selon le forfait choisi)<\/span><\/li>\n<\/ul>\n<p><span style=\"font-weight: 400;\">Vous pouvez utiliser en tout temps cette offre, du lundi au dimanche sans restriction d\u2019heure. Vous pouvez r\u00e9server jusqu\u2019\u00e0 5 jours d\u2019avance.\u00a0<\/span><\/p>\n<p><span style=\"font-weight: 400;\">!* Cette offre est au meilleur prix, le prix augmentera en mars!<\/span><\/p>\n","protected":false},"featured_media":185983,"template":"","meta":{"_et_pb_use_builder":"","_et_pb_old_content":"","_et_gb_content_width":""},"product_brand":[],"product_cat":[706],"product_tag":[],"class_list":{"0":"post-185980","1":"product","2":"type-product","3":"status-publish","4":"has-post-thumbnail","6":"product_cat-non-classe","8":"first","9":"outofstock","10":"sale","11":"taxable","12":"shipping-taxable","13":"purchasable","14":"product-type-variable"},"_links":{"self":[{"href":"https:\/\/flexigolf.ca\/en\/wp-json\/wp\/v2\/product\/185980","targetHints":{"allow":["GET"]}}],"collection":[{"href":"https:\/\/flexigolf.ca\/en\/wp-json\/wp\/v2\/product"}],"about":[{"href":"https:\/\/flexigolf.ca\/en\/wp-json\/wp\/v2\/types\/product"}],"wp:featuredmedia":[{"embeddable":true,"href":"https:\/\/flexigolf.ca\/en\/wp-json\/wp\/v2\/media\/185983"}],"wp:attachment":[{"href":"https:\/\/flexigolf.ca\/en\/wp-json\/wp\/v2\/media?parent=185980"}],"wp:term":[{"taxonomy":"product_brand","embeddable":true,"href":"https:\/\/flexigolf.ca\/en\/wp-json\/wp\/v2\/product_brand?post=185980"},{"taxonomy":"product_cat","embeddable":true,"href":"https:\/\/flexigolf.ca\/en\/wp-json\/wp\/v2\/product_cat?post=185980"},{"taxonomy":"product_tag","embeddable":true,"href":"https:\/\/flexigolf.ca\/en\/wp-json\/wp\/v2\/product_tag?post=185980"}],"curies":[{"name":"wp","href":"https:\/\/api.w.org\/{rel}","templated":true}]}}