{"id":186069,"date":"2022-11-22T12:00:01","date_gmt":"2022-11-22T17:00:01","guid":{"rendered":"https:\/\/flexigolf.ca\/?post_type=product&#038;p=186069"},"modified":"2023-03-05T06:51:47","modified_gmt":"2023-03-05T11:51:47","slug":"2-joueurs-18-trous-a-pied-club-de-golf-lac-etchemin-sans-restriction","status":"publish","type":"product","link":"https:\/\/flexigolf.ca\/en\/product\/2-joueurs-18-trous-a-pied-club-de-golf-lac-etchemin-sans-restriction\/","title":{"rendered":"2 joueurs &#8211; 18 trous \u00e0 pied -Club de golf Lac Etchemin (EN TOUT TEMPS)"},"content":{"rendered":"<h2>Club de golf Lac-Etchemin, Chaudi\u00e8re-Appalaches<\/h2>\n<h2>18 trous, normale 71<\/h2>\n<p>Ce parcours de 18 trous situ\u00e9 dans la r\u00e9gion de Chaudi\u00e8re-Appalaches est un club de golf o\u00f9 vous serez assur\u00e9ment mis au d\u00e9fi sur un terrain de qualit\u00e9! Parsem\u00e9 de 13 lacs et 45 trappes de sables, cela en fait un endroit o\u00f9 le golf est strat\u00e9gique! Le parcours vous offre toujours d&#8217;excellentes conditions. Cela en fait un cadeau id\u00e9al pour une escapade de golf de choix! Vous serez convaincu d&#8217;en faire une destination annuelle!<\/p>\n","protected":false},"excerpt":{"rendered":"<p><span style=\"font-weight: 400;\">Cette promotion exclusive pour un duo de golfeurs au Club de golf Lac Etchemin inclus :<\/span><\/p>\n<ul>\n<li style=\"font-weight: 400;\" aria-level=\"1\"><span style=\"font-weight: 400;\">2 joueurs ronde de 18 trous \u00e0 pied\u00a0<\/span><\/li>\n<\/ul>\n<p><strong>Utilisable en tout temps pour la saison 2023 selon disponibilit\u00e9s. Vous pouvez r\u00e9server votre d\u00e9part jusqu\u2019\u00e0 7 jours \u00e0 l\u2019avance.<\/strong><\/p>\n","protected":false},"featured_media":186070,"template":"","meta":{"_et_pb_use_builder":"","_et_pb_old_content":"","_et_gb_content_width":""},"product_brand":[],"product_cat":[3699,3701,3912],"product_tag":[],"class_list":{"0":"post-186069","1":"product","2":"type-product","3":"status-publish","4":"has-post-thumbnail","6":"product_cat-18-holes","7":"product_cat-unclassified","8":"product_cat-completed","10":"first","11":"outofstock","12":"downloadable","13":"taxable","14":"shipping-taxable","15":"product-type-simple"},"_links":{"self":[{"href":"https:\/\/flexigolf.ca\/en\/wp-json\/wp\/v2\/product\/186069","targetHints":{"allow":["GET"]}}],"collection":[{"href":"https:\/\/flexigolf.ca\/en\/wp-json\/wp\/v2\/product"}],"about":[{"href":"https:\/\/flexigolf.ca\/en\/wp-json\/wp\/v2\/types\/product"}],"wp:featuredmedia":[{"embeddable":true,"href":"https:\/\/flexigolf.ca\/en\/wp-json\/wp\/v2\/media\/186070"}],"wp:attachment":[{"href":"https:\/\/flexigolf.ca\/en\/wp-json\/wp\/v2\/media?parent=186069"}],"wp:term":[{"taxonomy":"product_brand","embeddable":true,"href":"https:\/\/flexigolf.ca\/en\/wp-json\/wp\/v2\/product_brand?post=186069"},{"taxonomy":"product_cat","embeddable":true,"href":"https:\/\/flexigolf.ca\/en\/wp-json\/wp\/v2\/product_cat?post=186069"},{"taxonomy":"product_tag","embeddable":true,"href":"https:\/\/flexigolf.ca\/en\/wp-json\/wp\/v2\/product_tag?post=186069"}],"curies":[{"name":"wp","href":"https:\/\/api.w.org\/{rel}","templated":true}]}}