{"id":186084,"date":"2022-11-22T12:00:54","date_gmt":"2022-11-22T17:00:54","guid":{"rendered":"https:\/\/flexigolf.ca\/?post_type=product&#038;p=186084"},"modified":"2023-12-12T14:07:10","modified_gmt":"2023-12-12T19:07:10","slug":"2-joueurs-18-trous-voiturette-golf-sainte-marie","status":"publish","type":"product","link":"https:\/\/flexigolf.ca\/en\/product\/2-joueurs-18-trous-voiturette-golf-sainte-marie\/","title":{"rendered":"2 joueurs &#8211; 18 trous voiturette &#8211; Golf Sainte-Marie"},"content":{"rendered":"<h1>Club de golf Sainte-Marie, Chaudi\u00e8re-Appalaches<\/h1>\n<h2>18 trous, normale 72<\/h2>\n<p>Le Club de golf Sainte-Marie est un parcours de choix en Beauce. Le Club de de Golf de Sainte-Marie, c\u2019est bient\u00f4t 60 ans \u00e0 se rassembler pour se divertir, partager de bons repas et vivre de bons moments. C\u2019est consolider des liens d\u2019amiti\u00e9 et en cr\u00e9er de nouveaux. C\u2019est une \u00e9quipe de passionn\u00e9s qui s\u2019assure de rendre votre visite agr\u00e9able et m\u00e9morable. Bienvenue dans votre nouveau lieu de pr\u00e9dilection!<\/p>\n<p>Un parcours 18 trous \u00e0 normal 72 de 6285 verges.<\/p>\n","protected":false},"excerpt":{"rendered":"<p><span style=\"font-weight: 400;\">Un parcours que tous les golfeurs adorent! <\/span><\/p>\n<p><span style=\"font-weight: 400;\">Cette offre exclusive au Club de golf Sainte-Marie comprend :<\/span><\/p>\n<ul>\n<li style=\"font-weight: 400;\" aria-level=\"1\"><span style=\"font-weight: 400;\">2 joueurs ronde de 18 trous en voiturette\u00a0<\/span><\/li>\n<li style=\"font-weight: 400;\" aria-level=\"1\"><span style=\"font-weight: 400;\">1 consommation par personne apr\u00e8s la partie<\/span><\/li>\n<\/ul>\n<h3><span style=\"font-weight: 400;\">Utilisable apr\u00e8s 13h du lundi au dimanche pour la saison 2023! Vous pouvez r\u00e9server votre d\u00e9part 6 jours \u00e0 l\u2019avance.<\/span><\/h3>\n<p><span style=\"font-weight: 400;\">!* Offre exclusive pour la p\u00e9riode des f\u00eates et la Saint-Valentin. <\/span><\/p>\n","protected":false},"featured_media":186085,"template":"","meta":{"_et_pb_use_builder":"","_et_pb_old_content":"","_et_gb_content_width":""},"product_brand":[],"product_cat":[3754],"product_tag":[],"class_list":{"0":"post-186084","1":"product","2":"type-product","3":"status-publish","4":"has-post-thumbnail","6":"product_cat-terminee","8":"first","9":"outofstock","10":"downloadable","11":"taxable","12":"shipping-taxable","13":"product-type-simple"},"_links":{"self":[{"href":"https:\/\/flexigolf.ca\/en\/wp-json\/wp\/v2\/product\/186084","targetHints":{"allow":["GET"]}}],"collection":[{"href":"https:\/\/flexigolf.ca\/en\/wp-json\/wp\/v2\/product"}],"about":[{"href":"https:\/\/flexigolf.ca\/en\/wp-json\/wp\/v2\/types\/product"}],"wp:featuredmedia":[{"embeddable":true,"href":"https:\/\/flexigolf.ca\/en\/wp-json\/wp\/v2\/media\/186085"}],"wp:attachment":[{"href":"https:\/\/flexigolf.ca\/en\/wp-json\/wp\/v2\/media?parent=186084"}],"wp:term":[{"taxonomy":"product_brand","embeddable":true,"href":"https:\/\/flexigolf.ca\/en\/wp-json\/wp\/v2\/product_brand?post=186084"},{"taxonomy":"product_cat","embeddable":true,"href":"https:\/\/flexigolf.ca\/en\/wp-json\/wp\/v2\/product_cat?post=186084"},{"taxonomy":"product_tag","embeddable":true,"href":"https:\/\/flexigolf.ca\/en\/wp-json\/wp\/v2\/product_tag?post=186084"}],"curies":[{"name":"wp","href":"https:\/\/api.w.org\/{rel}","templated":true}]}}