{"id":186108,"date":"2022-11-22T12:00:50","date_gmt":"2022-11-22T17:00:50","guid":{"rendered":"https:\/\/flexigolf.ca\/?post_type=product&#038;p=186108"},"modified":"2023-03-04T22:36:13","modified_gmt":"2023-03-05T03:36:13","slug":"1-joueur-18-trous-et-voiturette-golf-val-des-sources-sans-restriction","status":"publish","type":"product","link":"https:\/\/flexigolf.ca\/en\/product\/1-joueur-18-trous-et-voiturette-golf-val-des-sources-sans-restriction\/","title":{"rendered":"1 joueur &#8211; 18 trous et voiturette &#8211; Golf Val-des-sources (SANS RESTRICTION)"},"content":{"rendered":"<h1>Golf Val-des-Sources, Estrie<\/h1>\n<h2>18 trous, normale 72<\/h2>\n<p>Situ\u00e9 \u00e0 Val-des-Sources (Asbestos), dans les Cantons de l\u2019Est, \u00e0 seulement 30 minutes de Sherbrooke, le Golf Val-des-Sources \u00e9tait l\u2019h\u00f4te du Championnat Provincial Amateur en 2015.<\/p>\n<p>D\u2019une richesse et d\u2019une beaut\u00e9 remarquable, le parcours du Golf Val-des-Sources saura plaire \u00e0 toutes les cat\u00e9gories de golfeurs avec ses 18 trous (de pr\u00e8s de 7,000 verges) con\u00e7us par l\u2019architecte Howard Watson. Sa signature a su marier les surfaces unies et bois\u00e9es avec des d\u00e9nivellations naturelles, pour en faire un site spectaculaire.<\/p>\n<p>Chacun des trous du Golf Val-des-Sources est unique. Qu\u2019importe votre calibre, vous serez \u00e0 coup s\u00fbr charm\u00e9 par la beaut\u00e9 et les conditions exceptionnelles du jeu. Informez-vous sur les prix comp\u00e9titifs, l\u2019organisation de tournois et l\u2019accueil de petits groupes de golfeurs.<\/p>\n<p>Le Golf Val-des-Sources est aussi un excellent lieu de d\u00e9tente. Sa salle de r\u00e9ception, d\u2019une capacit\u00e9 de 500 personnes, et ses deux terrasses, avec vues exceptionnelles sur le terrain de golf vous r\u00e9servent une ambiance chaleureuse, dans une luminosit\u00e9 incomparable.<\/p>\n","protected":false},"excerpt":{"rendered":"<p><span style=\"font-weight: 400;\">Vous d\u00e9sirez d\u00e9couvrir un nouveau club de golf r\u00e9put\u00e9 pour sa qualit\u00e9? Misez sur le golf Val-des-Sources, nouveau partenaire de FlexiGolf cette ann\u00e9e. Situ\u00e9 en Estrie, c\u2019est un golf \u00e0 d\u00e9couvrir ou \u00e0 faire d\u00e9couvrir!<\/span><\/p>\n<p><span style=\"font-weight: 400;\">Cette offre exclusive pour 1 golfeur inclus :\u00a0<\/span><\/p>\n<ul>\n<li style=\"font-weight: 400;\" aria-level=\"1\"><span style=\"font-weight: 400;\">1 ronde de 18 trous avec voiturette<\/span><\/li>\n<\/ul>\n<p><span style=\"font-weight: 400;\">Cette offre est utilisable en tout temps pour la saison 2023 et ce, sans restriction. Vous pouvez r\u00e9server votre d\u00e9part jusqu\u2019\u00e0 3 jours \u00e0 l\u2019avance.\u00a0<\/span><\/p>\n<p><span style=\"font-weight: 400;\">!* Offre exclusive pour la p\u00e9riode des f\u00eates et la Saint-Valentin.\u00a0<\/span><\/p>\n","protected":false},"featured_media":177404,"template":"","meta":{"_et_pb_use_builder":"","_et_pb_old_content":"","_et_gb_content_width":""},"product_brand":[],"product_cat":[706],"product_tag":[2535],"class_list":{"0":"post-186108","1":"product","2":"type-product","3":"status-publish","4":"has-post-thumbnail","6":"product_cat-non-classe","7":"product_tag-en-tout-temps","9":"first","10":"outofstock","11":"downloadable","12":"taxable","13":"shipping-taxable","14":"product-type-simple"},"_links":{"self":[{"href":"https:\/\/flexigolf.ca\/en\/wp-json\/wp\/v2\/product\/186108","targetHints":{"allow":["GET"]}}],"collection":[{"href":"https:\/\/flexigolf.ca\/en\/wp-json\/wp\/v2\/product"}],"about":[{"href":"https:\/\/flexigolf.ca\/en\/wp-json\/wp\/v2\/types\/product"}],"wp:featuredmedia":[{"embeddable":true,"href":"https:\/\/flexigolf.ca\/en\/wp-json\/wp\/v2\/media\/177404"}],"wp:attachment":[{"href":"https:\/\/flexigolf.ca\/en\/wp-json\/wp\/v2\/media?parent=186108"}],"wp:term":[{"taxonomy":"product_brand","embeddable":true,"href":"https:\/\/flexigolf.ca\/en\/wp-json\/wp\/v2\/product_brand?post=186108"},{"taxonomy":"product_cat","embeddable":true,"href":"https:\/\/flexigolf.ca\/en\/wp-json\/wp\/v2\/product_cat?post=186108"},{"taxonomy":"product_tag","embeddable":true,"href":"https:\/\/flexigolf.ca\/en\/wp-json\/wp\/v2\/product_tag?post=186108"}],"curies":[{"name":"wp","href":"https:\/\/api.w.org\/{rel}","templated":true}]}}