{"id":187981,"date":"2022-11-23T12:49:45","date_gmt":"2022-11-23T17:49:45","guid":{"rendered":"https:\/\/flexigolf.ca\/?post_type=product&#038;p=187981"},"modified":"2023-03-04T21:18:01","modified_gmt":"2023-03-05T02:18:01","slug":"2-joueurs-18-trous-a-pied-souper-3-services-golf-oasis","status":"publish","type":"product","link":"https:\/\/flexigolf.ca\/en\/product\/2-joueurs-18-trous-a-pied-souper-3-services-golf-oasis\/","title":{"rendered":"2 joueurs &#8211; 18 trous \u00e0 pied &#8211; souper 3 services &#8211; Golf Oasis"},"content":{"rendered":"<h1>Club de golf Oasis, Laurentides,<\/h1>\n<h2>18 trous normale 72<\/h2>\n<p>Le club de golf oasis est un parcours de 18 trous vous offrant un d\u00e9fi de qualit\u00e9 avec un design vari\u00e9 de trous. Parfois des trous restreints, d\u2019autres plus larges.<\/p>\n<p>Vous devez choisir le b\u00e2ton id\u00e9al sur quelques tertres de d\u00e9parts. Le golf strat\u00e9gique est au rendez-vous! Les obstacles sont pr\u00e9sents et les verts vous donne aussi un d\u00e9fi des plus int\u00e9ressant.<\/p>\n<p>Plaisir assur\u00e9 \u00e0 ce club de golf de montagne accessible! Situ\u00e9 \u00e0 seulement 45 minutes de Montr\u00e9al.<\/p>\n<p>Pour voir les autres offres du club <a href='https:\/\/flexigolf.ca\/categorie-produit\/club-de-golf\/club-de-golf-oasis\/' class='small-button smallsilver'>Texte du lien<\/a><\/p>\n","protected":false},"excerpt":{"rendered":"<p><span style=\"font-weight: 400;\">Offrez-vous une destination golf \u00e0 proximit\u00e9 de Montr\u00e9al qui offre un beau d\u00e9fi de golf au golfeur tant les d\u00e9butants que les exp\u00e9riment\u00e9s!<\/span><\/p>\n<p><span style=\"font-weight: 400;\">Cette offre exclusive au Golf Oasis inclus :\u00a0<\/span><\/p>\n<ul>\n<li style=\"font-weight: 400;\" aria-level=\"1\"><span style=\"font-weight: 400;\">Duo golfeurs pour ronde de 18 trous \u00e0 pied<\/span><\/li>\n<li style=\"font-weight: 400;\" aria-level=\"1\"><span style=\"font-weight: 400;\">Repas 3 services (2)<\/span><\/li>\n<\/ul>\n<p><b>Utilisable du jeudi au samedi avec des d\u00e9parts apr\u00e8s 13h pour la saison 2023.<\/b><\/p>\n<p><span style=\"font-weight: 400;\">Le golfeur peut r\u00e9server son d\u00e9part jusqu\u2019\u00e0 7 jours d\u2019avance.<\/span><\/p>\n<p><span style=\"font-weight: 400;\">*! Offre exclusive aux f\u00eates, profitez-en! Meilleur prix de l&#8217;ann\u00e9e<\/span><\/p>\n","protected":false},"featured_media":187775,"template":"","meta":{"_et_pb_use_builder":"","_et_pb_old_content":"","_et_gb_content_width":""},"product_brand":[],"product_cat":[706],"product_tag":[],"class_list":{"0":"post-187981","1":"product","2":"type-product","3":"status-publish","4":"has-post-thumbnail","6":"product_cat-non-classe","8":"first","9":"outofstock","10":"downloadable","11":"taxable","12":"shipping-taxable","13":"product-type-simple"},"_links":{"self":[{"href":"https:\/\/flexigolf.ca\/en\/wp-json\/wp\/v2\/product\/187981","targetHints":{"allow":["GET"]}}],"collection":[{"href":"https:\/\/flexigolf.ca\/en\/wp-json\/wp\/v2\/product"}],"about":[{"href":"https:\/\/flexigolf.ca\/en\/wp-json\/wp\/v2\/types\/product"}],"wp:featuredmedia":[{"embeddable":true,"href":"https:\/\/flexigolf.ca\/en\/wp-json\/wp\/v2\/media\/187775"}],"wp:attachment":[{"href":"https:\/\/flexigolf.ca\/en\/wp-json\/wp\/v2\/media?parent=187981"}],"wp:term":[{"taxonomy":"product_brand","embeddable":true,"href":"https:\/\/flexigolf.ca\/en\/wp-json\/wp\/v2\/product_brand?post=187981"},{"taxonomy":"product_cat","embeddable":true,"href":"https:\/\/flexigolf.ca\/en\/wp-json\/wp\/v2\/product_cat?post=187981"},{"taxonomy":"product_tag","embeddable":true,"href":"https:\/\/flexigolf.ca\/en\/wp-json\/wp\/v2\/product_tag?post=187981"}],"curies":[{"name":"wp","href":"https:\/\/api.w.org\/{rel}","templated":true}]}}