{"id":189172,"date":"2022-11-28T10:33:35","date_gmt":"2022-11-28T15:33:35","guid":{"rendered":"https:\/\/flexigolf.ca\/?post_type=product&#038;p=189172"},"modified":"2024-11-04T12:28:09","modified_gmt":"2024-11-04T17:28:09","slug":"forfait-1-nuit-et-2-rondes-fairmont-le-manoir-richelieu","status":"publish","type":"product","link":"https:\/\/flexigolf.ca\/en\/product\/forfait-1-nuit-et-2-rondes-fairmont-le-manoir-richelieu\/","title":{"rendered":"Forfait 1 nuit et 2 rondes (par personnes) &#8211; Fairmont Le Manoir Richelieu"},"content":{"rendered":"<h2>Club de golf Fairmont Le Manoir Richelieu, Capitale Nationale<\/h2>\n<h2>27 trous<\/h2>\n<p><span style=\"font-weight: 400;\">Le Club de golf Fairmont Le Manoir Richelieu est probablement le plus beau parcours panoramique du Qu\u00e9bec. Tout au long des 27 trous vous serez \u00e9pat\u00e9s tant par les vues spectaculaires que par la qualit\u00e9 et l&#8217;entretien du terrain. Nul besoin de convaincre personne en disant que c&#8217;est une destination de r\u00eave pour une escapade de golf, qu&#8217;elle soit en couple, entre amis ou en famille! On y retrouve de tout, pour tout les go\u00fbts!<\/span><\/p>\n<p>Pour la r\u00e9servation, vous aurez l&#8217;option \u00e0 la page commande d&#8217;indiquer vos dates de s\u00e9jour souhait\u00e9 si vous d\u00e9sirez r\u00e9server tout de suite. La confirmation de r\u00e9servation se fait dans les 24h suivant votre commande. Avec FlexiGolf vous b\u00e9n\u00e9ficiez des meilleurs tarifs! Vous d\u00e9sirez un forfait personnalis\u00e9 selon vos besoins?<a href=\"http:\/\/flexigolf.ca\/nois-joindre\"> Communiquez avec nous<\/a> pour organiser votre escapade golf de r\u00eave<\/p>\n<p>Vous d\u00e9sirez ajouter une nuit \u00e0 votre forfait ? Ajouter au panier votre forfait golf et h\u00e9bergement et cliquez sur le bouton suivant pour ajouter une nuit <a href='https:\/\/escapadegolf.flexigolf.ca\/produit\/nuit-supplementaire-sans-golf-fairmont-manoir-richelieu\/' class='small-button smallsilver' target=\"_blank\">Ajouter une nuit au forfait<\/a><\/p>\n<p>D\u00e9couvrez les autres forfaits golf et h\u00e9bergement du Club de golf Fairmont Le Manoir Richelieu <a href='https:\/\/escapadegolf.flexigolf.ca\/categorie-produit\/club-de-golf\/club-de-golf-manoir-charlevoix\/' class='small-button smallsilver'>Voir les autres offres du club<\/a><\/p>\n","protected":false},"excerpt":{"rendered":"<h2 style=\"text-align: center;\">Forfait golf et nuit\u00e9e au Fairmont Le Manoir Richelieu<\/h2>\n<p>Ce forfait pour deux personnes comprend :<\/p>\n<ul>\n<li>Une nuit\u00e9e en chambre Fairmont avec les acc\u00e8s aux installations de piscine int\u00e9rieure et ext\u00e9rieure<\/li>\n<li>Rondes de golf au Club de golf du Fairmont Manoir Richelieu avec la voiturette* (2 ronde par personne)<\/li>\n<li>Taxes d&#8217;h\u00e9bergement<\/li>\n<li>Vous pouvez ajuster votre forfait avec les options ci-bas pour cr\u00e9er votre forfait sur-mesure en ligne.<\/li>\n<\/ul>\n<p>* Vous avez l&#8217;option de jouer un 9 trous suppl\u00e9mentaire gratuitement le m\u00eame jour de votre ronde!<\/p>\n<p>Utilisable en tout temps dans les moments choisis : rendez-vous sur le site d&#8217;Escapade FlexiGolf<\/p>\n","protected":false},"featured_media":62160,"template":"","meta":{"_et_pb_use_builder":"on","_et_pb_old_content":"<h2>Club de golf Fairmont Le Manoir Richelieu, Capitale Nationale<\/h2>\r\n<h2>27 trous<\/h2>\r\n<span style=\"font-weight: 400;\">Le Club de golf Fairmont Le Manoir Richelieu est probablement le plus beau parcours panoramique du Qu\u00e9bec. Tout au long des 27 trous vous serez \u00e9pat\u00e9s tant par les vues spectaculaires que par la qualit\u00e9 et l'entretien du terrain. Nul besoin de convaincre personne en disant que c'est une destination de r\u00eave pour une escapade de golf, qu'elle soit en couple, entre amis ou en famille! On y retrouve de tout, pour tout les go\u00fbts!<\/span>\r\n\r\nPour la r\u00e9servation, vous aurez l'option \u00e0 la page commande d'indiquer vos dates de s\u00e9jour souhait\u00e9 si vous d\u00e9sirez r\u00e9server tout de suite. La confirmation de r\u00e9servation se fait dans les 24h suivant votre commande. Avec FlexiGolf vous b\u00e9n\u00e9ficiez des meilleurs tarifs! Vous d\u00e9sirez un forfait personnalis\u00e9 selon vos besoins?<a href=\"http:\/\/flexigolf.ca\/nois-joindre\"> Communiquez avec nous<\/a> pour organiser votre escapade golf de r\u00eave\r\n\r\nVous d\u00e9sirez ajouter une nuit \u00e0 votre forfait ? Ajouter au panier votre forfait golf et h\u00e9bergement et cliquez sur le bouton suivant pour ajouter une nuit [button link=\"https:\/\/escapadegolf.flexigolf.ca\/produit\/nuit-supplementaire-sans-golf-fairmont-manoir-richelieu\/\" color=\"silver\" newwindow=\"yes\"] Ajouter une nuit au forfait[\/button]\r\n\r\nD\u00e9couvrez les autres forfaits golf et h\u00e9bergement du Club de golf Fairmont Le Manoir Richelieu [button link=\"https:\/\/escapadegolf.flexigolf.ca\/categorie-produit\/club-de-golf\/club-de-golf-manoir-charlevoix\/\" color=\"silver\"] Voir les autres offres du club[\/button]","_et_gb_content_width":""},"product_brand":[],"product_cat":[3754],"product_tag":[],"class_list":{"0":"post-189172","1":"product","2":"type-product","3":"status-publish","4":"has-post-thumbnail","6":"product_cat-terminee","8":"first","9":"instock","10":"taxable","11":"shipping-taxable","12":"product-type-simple"},"_links":{"self":[{"href":"https:\/\/flexigolf.ca\/en\/wp-json\/wp\/v2\/product\/189172","targetHints":{"allow":["GET"]}}],"collection":[{"href":"https:\/\/flexigolf.ca\/en\/wp-json\/wp\/v2\/product"}],"about":[{"href":"https:\/\/flexigolf.ca\/en\/wp-json\/wp\/v2\/types\/product"}],"wp:featuredmedia":[{"embeddable":true,"href":"https:\/\/flexigolf.ca\/en\/wp-json\/wp\/v2\/media\/62160"}],"wp:attachment":[{"href":"https:\/\/flexigolf.ca\/en\/wp-json\/wp\/v2\/media?parent=189172"}],"wp:term":[{"taxonomy":"product_brand","embeddable":true,"href":"https:\/\/flexigolf.ca\/en\/wp-json\/wp\/v2\/product_brand?post=189172"},{"taxonomy":"product_cat","embeddable":true,"href":"https:\/\/flexigolf.ca\/en\/wp-json\/wp\/v2\/product_cat?post=189172"},{"taxonomy":"product_tag","embeddable":true,"href":"https:\/\/flexigolf.ca\/en\/wp-json\/wp\/v2\/product_tag?post=189172"}],"curies":[{"name":"wp","href":"https:\/\/api.w.org\/{rel}","templated":true}]}}