{"id":192624,"date":"2022-12-08T13:37:45","date_gmt":"2022-12-08T18:37:45","guid":{"rendered":"https:\/\/flexigolf.ca\/?post_type=product&#038;p=192624"},"modified":"2025-09-19T15:04:26","modified_gmt":"2025-09-19T19:04:26","slug":"2-joueurs-18-trous-avec-voiturette-club-de-golf-beauceville-en-tout-temps","status":"publish","type":"product","link":"https:\/\/flexigolf.ca\/en\/product\/2-joueurs-18-trous-avec-voiturette-club-de-golf-beauceville-en-tout-temps\/","title":{"rendered":"2 joueurs &#8211; 18 trous avec voiturette &#8211; Club de golf Beauceville (en tout temps)"},"content":{"rendered":"<h1>Club de golf Beauceville, Chaudi\u00e8re-Appalaches<\/h1>\n<h2>18 trous, normale 72<\/h2>\n<p>B\u00e2ti en 1991, le Club de golf\u00a0<span class=\"il\">Beauceville<\/span>\u00a0est l&#8217;un des plus beau de la vall\u00e9e de la chaudi\u00e8re. C&#8217;est un terrain o\u00f9 on peut voir les arbres matures valser avec les nouveaut\u00e9s qui \u00e9merge depuis quelques ann\u00e9es. Pour un total de 6502 verges, notre parcours 18 trous vous offre un d\u00e9fi peu importe votre niveau de jeu. Les all\u00e9es sont permissives, mais les verts sont juste assez ondul\u00e9s pour vous mettre au d\u00e9fi.<br \/>\nPour un s\u00e9jour de golf r\u00e9ussi, le Club de golf\u00a0<span class=\"il\">Beauceville<\/span> est assur\u00e9ment un immanquable au Qu\u00e9bec. Un h\u00f4tel de 36 unit\u00e9s \u00e0 \u00e9t\u00e9 \u00e9rig\u00e9 sur les abords du club en 2016 pour faciliter la vie des golfeurs nomades. La Cache du golf est l&#8217;endroit r\u00eav\u00e9 pour une sorti de golf m\u00e9morable en couple, entre amis ou en groupe.<\/p>\n","protected":false},"excerpt":{"rendered":"<p><span style=\"font-weight: 400;\">D\u00e9couvrez ce partenaire de Chaudi\u00e8re-Appalache. Celui-ci est reconnu pour la qualit\u00e9 de son parcours et de ses verts.\u00a0<\/span><\/p>\n<p><span style=\"font-weight: 400;\">Cette offre exclusive inclus :\u00a0<\/span><\/p>\n<ul>\n<li style=\"font-weight: 400;\" aria-level=\"1\"><span style=\"font-weight: 400;\">Un duo de golfeurs 18 trous avec voiturette\u00a0<\/span><\/li>\n<\/ul>\n<p><span style=\"font-weight: 400;\">Cette offre est utilisable en tout temps pour la saison 2023 et ce, sans restriction. Vous pouvez r\u00e9server votre d\u00e9part jusqu\u2019\u00e0 4 jours \u00e0 l\u2019avance.\u00a0<\/span><\/p>\n<p><span style=\"font-weight: 400;\">!* Offre exclusivement disponible jusqu\u2019au 1 janvier.<\/span><\/p>\n","protected":false},"featured_media":192629,"template":"","meta":{"_et_pb_use_builder":"","_et_pb_old_content":"","_et_gb_content_width":""},"product_brand":[],"product_cat":[706,3754],"product_tag":[],"class_list":{"0":"post-192624","1":"product","2":"type-product","3":"status-publish","4":"has-post-thumbnail","6":"product_cat-non-classe","7":"product_cat-terminee","9":"first","10":"outofstock","11":"sale","12":"downloadable","13":"taxable","14":"shipping-taxable","15":"purchasable","16":"product-type-simple"},"_links":{"self":[{"href":"https:\/\/flexigolf.ca\/en\/wp-json\/wp\/v2\/product\/192624","targetHints":{"allow":["GET"]}}],"collection":[{"href":"https:\/\/flexigolf.ca\/en\/wp-json\/wp\/v2\/product"}],"about":[{"href":"https:\/\/flexigolf.ca\/en\/wp-json\/wp\/v2\/types\/product"}],"wp:featuredmedia":[{"embeddable":true,"href":"https:\/\/flexigolf.ca\/en\/wp-json\/wp\/v2\/media\/192629"}],"wp:attachment":[{"href":"https:\/\/flexigolf.ca\/en\/wp-json\/wp\/v2\/media?parent=192624"}],"wp:term":[{"taxonomy":"product_brand","embeddable":true,"href":"https:\/\/flexigolf.ca\/en\/wp-json\/wp\/v2\/product_brand?post=192624"},{"taxonomy":"product_cat","embeddable":true,"href":"https:\/\/flexigolf.ca\/en\/wp-json\/wp\/v2\/product_cat?post=192624"},{"taxonomy":"product_tag","embeddable":true,"href":"https:\/\/flexigolf.ca\/en\/wp-json\/wp\/v2\/product_tag?post=192624"}],"curies":[{"name":"wp","href":"https:\/\/api.w.org\/{rel}","templated":true}]}}