{"id":202539,"date":"2023-01-23T16:02:30","date_gmt":"2023-01-23T21:02:30","guid":{"rendered":"https:\/\/flexigolf.ca\/?post_type=product&#038;p=202539"},"modified":"2023-03-04T18:06:24","modified_gmt":"2023-03-04T23:06:24","slug":"2-joueurs-18-trous-voiturette-et-restauration-club-de-golf-st-michel-en-tout-temps","status":"publish","type":"product","link":"https:\/\/flexigolf.ca\/en\/product\/2-joueurs-18-trous-voiturette-et-restauration-club-de-golf-st-michel-en-tout-temps\/","title":{"rendered":"2 joueurs &#8211; 18 trous, voiturette et restauration &#8211; Club de golf St-Michel (en tout temps)"},"content":{"rendered":"<h2>Club de golf St-Michel, Chaudi\u00e8re-Appalaches<\/h2>\n<h4>18 trous, normale 72<\/h4>\n<div class=\"clearfix et_pb_module et_pb_bg_layout_light et_pb_text_align_left et_pb_woo_text_0\">\n<p>Le club de golf St-Michel vous offre un d\u00e9fi golfique de qualit\u00e9 variant les d\u00e9nivel\u00e9s et qui est accessible \u00e0 tous. Le parcours se retrouve sur deux paliers. La rivi\u00e8re Boyer sillonne quelques trous du palier inf\u00e9rieure ce qui donne du caract\u00e8re tout en lui procurant un charme distinctif! Certains trous offres de beaux d\u00e9nivel\u00e9s gr\u00e2ce au relief du terrain. Ce club de golf est toujours bien entretenu et entour\u00e9 d&#8217;une tr\u00e8s belle nature et biodiversit\u00e9 \u00e0 proximit\u00e9 de la Ville de L\u00e9vis. Une partie de golf \u00e0 la hauteur de vos attentes est au rendez-vous au club de golf St-Michel!<\/p>\n<\/div>\n<div class=\"clearfix et_pb_module et_pb_bg_layout_light et_pb_text_align_left et_pb_woo_text_1\">\n<p>Pour en savoir davantage sur le club de golf St-Michel, visitez leur profil\u00a0<a class=\"small-button smallsilver\" href=\"http:\/\/flexigolf.ca\/project\/club-de-golf-st-michel\/\">Voir le profil<\/a><\/p>\n<\/div>\n","protected":false},"excerpt":{"rendered":"<p><span style=\"font-weight: 400;\">Cette offre de duo de golfeurs au club de golf St-Michel inclus :\u00a0<\/span><\/p>\n<ul>\n<li style=\"font-weight: 400;\" aria-level=\"1\"><span style=\"font-weight: 400;\">Ronde de 18 trous pour deux joueurs<\/span><\/li>\n<li style=\"font-weight: 400;\" aria-level=\"1\"><span style=\"font-weight: 400;\">Avec voiturette motoris\u00e9e (flotte neuve de 2021)<\/span><\/li>\n<li style=\"font-weight: 400;\" aria-level=\"1\"><span style=\"font-weight: 400;\">2 trios sandwich (chips, breuvage non alcoolis\u00e9)<\/span><\/li>\n<\/ul>\n<p><span style=\"font-weight: 400;\">Vous pouvez utiliser en tout temps cette offre, du lundi au dimanche sans restriction d\u2019heure. Vous pouvez r\u00e9server jusqu\u2019\u00e0 4 jours d\u2019avance.\u00a0<\/span><\/p>\n","protected":false},"featured_media":185996,"template":"","meta":{"_et_pb_use_builder":"","_et_pb_old_content":"","_et_gb_content_width":""},"product_brand":[],"product_cat":[706],"product_tag":[2535],"class_list":{"0":"post-202539","1":"product","2":"type-product","3":"status-publish","4":"has-post-thumbnail","6":"product_cat-non-classe","7":"product_tag-en-tout-temps","9":"first","10":"outofstock","11":"downloadable","12":"taxable","13":"shipping-taxable","14":"purchasable","15":"product-type-simple"},"_links":{"self":[{"href":"https:\/\/flexigolf.ca\/en\/wp-json\/wp\/v2\/product\/202539","targetHints":{"allow":["GET"]}}],"collection":[{"href":"https:\/\/flexigolf.ca\/en\/wp-json\/wp\/v2\/product"}],"about":[{"href":"https:\/\/flexigolf.ca\/en\/wp-json\/wp\/v2\/types\/product"}],"wp:featuredmedia":[{"embeddable":true,"href":"https:\/\/flexigolf.ca\/en\/wp-json\/wp\/v2\/media\/185996"}],"wp:attachment":[{"href":"https:\/\/flexigolf.ca\/en\/wp-json\/wp\/v2\/media?parent=202539"}],"wp:term":[{"taxonomy":"product_brand","embeddable":true,"href":"https:\/\/flexigolf.ca\/en\/wp-json\/wp\/v2\/product_brand?post=202539"},{"taxonomy":"product_cat","embeddable":true,"href":"https:\/\/flexigolf.ca\/en\/wp-json\/wp\/v2\/product_cat?post=202539"},{"taxonomy":"product_tag","embeddable":true,"href":"https:\/\/flexigolf.ca\/en\/wp-json\/wp\/v2\/product_tag?post=202539"}],"curies":[{"name":"wp","href":"https:\/\/api.w.org\/{rel}","templated":true}]}}