{"id":205087,"date":"2023-03-04T18:32:59","date_gmt":"2023-03-04T23:32:59","guid":{"rendered":"https:\/\/flexigolf.ca\/?post_type=product&#038;p=205087"},"modified":"2023-12-12T12:55:39","modified_gmt":"2023-12-12T17:55:39","slug":"golf-sorel-tracy-les-dunes-2-joueurs-18-trous-en-voiturette-avec-balles-pratique-fin-de-semaine","status":"publish","type":"product","link":"https:\/\/flexigolf.ca\/en\/product\/golf-sorel-tracy-les-dunes-2-joueurs-18-trous-en-voiturette-avec-balles-pratique-fin-de-semaine\/","title":{"rendered":"Golf Sorel Tracy Les Dunes &#8211; 2 joueurs &#8211; 18 trous en voiturette avec balles pratique (fin de semaine)"},"content":{"rendered":"<h1>Club de golf Sorel Tracy Les Dunes<\/h1>\n<h2>Mont\u00e9r\u00e9gie, 18 trous<\/h2>\n<p>Situ\u00e9 \u00e0 45 minutes de Montr\u00e9al, c\u2019est une destination id\u00e9ale pour une escapade de golf d\u2019une journ\u00e9e!<\/p>\n<p>Reconnu parmi les plus beaux parcours de la Mont\u00e9r\u00e9gie, le golf \u00abLes Dunes\u00bb a su conserver, au fil des ans, la noblesse de son environnement. La for\u00eat y est majestueuse et bien pr\u00e9sente pour le plaisir des golfeurs. Ses all\u00e9es s\u2019\u00e9tirent \u00e0 travers de belles rang\u00e9es de pins majestueux. La rivi\u00e8re du richelieu donne un cachet \u00e0 la terrasse et donne un environnement enchanteur.<\/p>\n<p>Offrez-vous une belle escapade de golf!<\/p>\n","protected":false},"excerpt":{"rendered":"<p><span style=\"font-weight: 400;\">Situ\u00e9 en Mont\u00e9r\u00e9gie, c\u2019est une destination golf \u00e0 d\u00e9couvrir. Un parcours bien entretenu avec une ambiance paisible en nature avec un beau d\u00e9fi golfique!<\/span><\/p>\n<p><span style=\"font-weight: 400;\">L\u2019offre au Golf Sorel Tracy inclus :\u00a0<\/span><\/p>\n<ul>\n<li style=\"font-weight: 400;\" aria-level=\"1\"><span style=\"font-weight: 400;\">2 ronde de 18 trous\u00a0<\/span><\/li>\n<li style=\"font-weight: 400;\" aria-level=\"1\"><span style=\"font-weight: 400;\">Voiturette motoris\u00e9e<\/span><\/li>\n<li style=\"font-weight: 400;\" aria-level=\"1\"><span style=\"font-weight: 400;\">Balles de pratique incluses<\/span><\/li>\n<li aria-level=\"1\">\n<div>\n<div><u>1 consommation par joueur au pavillon apr\u00e8s la partie (bouteille d&#8217;eau, jus, boisson gazeuse, ou bi\u00e8re en pression).<\/u><\/div>\n<\/div>\n<\/li>\n<\/ul>\n<p><span style=\"font-weight: 400;\"><strong>Utilisable apr\u00e8s 12h00 vendredi au dimanche (et f\u00e9ri\u00e9s) de la saison 2023<\/strong>. Vous pouvez r\u00e9server votre d\u00e9part jusqu\u2019\u00e0 7 jours \u00e0 l\u2019avance.\u00a0<\/span><\/p>\n","protected":false},"featured_media":186105,"template":"","meta":{"_et_pb_use_builder":"","_et_pb_old_content":"","_et_gb_content_width":""},"product_brand":[],"product_cat":[706],"product_tag":[3811],"class_list":{"0":"post-205087","1":"product","2":"type-product","3":"status-publish","4":"has-post-thumbnail","6":"product_cat-non-classe","7":"product_tag-fin-de-semaine","9":"first","10":"outofstock","11":"sale","12":"downloadable","13":"taxable","14":"shipping-taxable","15":"purchasable","16":"product-type-simple"},"_links":{"self":[{"href":"https:\/\/flexigolf.ca\/en\/wp-json\/wp\/v2\/product\/205087","targetHints":{"allow":["GET"]}}],"collection":[{"href":"https:\/\/flexigolf.ca\/en\/wp-json\/wp\/v2\/product"}],"about":[{"href":"https:\/\/flexigolf.ca\/en\/wp-json\/wp\/v2\/types\/product"}],"wp:featuredmedia":[{"embeddable":true,"href":"https:\/\/flexigolf.ca\/en\/wp-json\/wp\/v2\/media\/186105"}],"wp:attachment":[{"href":"https:\/\/flexigolf.ca\/en\/wp-json\/wp\/v2\/media?parent=205087"}],"wp:term":[{"taxonomy":"product_brand","embeddable":true,"href":"https:\/\/flexigolf.ca\/en\/wp-json\/wp\/v2\/product_brand?post=205087"},{"taxonomy":"product_cat","embeddable":true,"href":"https:\/\/flexigolf.ca\/en\/wp-json\/wp\/v2\/product_cat?post=205087"},{"taxonomy":"product_tag","embeddable":true,"href":"https:\/\/flexigolf.ca\/en\/wp-json\/wp\/v2\/product_tag?post=205087"}],"curies":[{"name":"wp","href":"https:\/\/api.w.org\/{rel}","templated":true}]}}