{"id":205099,"date":"2023-03-04T19:52:18","date_gmt":"2023-03-05T00:52:18","guid":{"rendered":"https:\/\/flexigolf.ca\/?post_type=product&#038;p=205099"},"modified":"2023-11-20T14:28:17","modified_gmt":"2023-11-20T19:28:17","slug":"club-de-golf-milby-4-joueurs-18-trous-avec-voiturette-en-tout-temps","status":"publish","type":"product","link":"https:\/\/flexigolf.ca\/en\/product\/club-de-golf-milby-4-joueurs-18-trous-avec-voiturette-en-tout-temps\/","title":{"rendered":"Club de golf Milby &#8211; 4 joueurs &#8211; 18 trous avec voiturette &#8211; en tout temps &#8211;  (en ligne jusqu&#8217;au 31 mars seulement!)"},"content":{"rendered":"<h1>Club de golf Milby, Estrie<\/h1>\n<h2>18 trous<\/h2>\n<p>Nich\u00e9 dans la belle campagne estrienne, \u00e0 quelques minutes de Sherbrooke, de North Hatley et de Compton dans les Cantons-de-l\u2019Est, le Club de golf Milby est un club de golf semi-priv\u00e9 offrant un d\u00e9fi de golf int\u00e9ressant, et ce, dans un d\u00e9cor enchanteur de bois\u00e9s, de rivi\u00e8res et de belles collines.<\/p>\n<p>Con\u00e7u par le r\u00e9put\u00e9 architecte Howard Watson et inaugur\u00e9 en 1964, le Club de golf Milby a, au fil des ans, fait sa marque pour ses grands verts ondul\u00e9s, la qualit\u00e9 de son terrain et la particularit\u00e9 de son pavillon. Plusieurs revues sp\u00e9cialis\u00e9es l\u2019ont maintes fois prim\u00e9 l\u2019un des meilleurs parcours semi-priv\u00e9 du Qu\u00e9bec.<\/p>\n<p>Le Club a d\u2019ailleurs \u00e9t\u00e9 l\u2019h\u00f4te de nombreux tournois prestigieux, dont les Jeux du Canada en 2013, l\u2019Omnium du Qu\u00e9bec en 1992 et 1993. Ses membres sont d\u2019ailleurs fiers d\u2019encourager la rel\u00e8ve du golf, en acceptant d\u2019accueillir plusieurs comp\u00e9titions tant aux niveaux universitaire que secondaire.<\/p>\n","protected":false},"excerpt":{"rendered":"<p><span style=\"font-weight: 400;\">D\u00e9couvrez ce club de golf cet \u00e9t\u00e9, celui-ci est reconnu pour la qualit\u00e9 de son parcours et de ses verts!<\/span><\/p>\n<p><span style=\"font-weight: 400;\">Cette offre exclusive inclus :\u00a0<\/span><\/p>\n<ul>\n<li style=\"font-weight: 400;\" aria-level=\"1\"><span style=\"font-weight: 400;\">Un quatuor de golfeurs 18 trous avec voiturette\u00a0<\/span><\/li>\n<li style=\"font-weight: 400;\" aria-level=\"1\"><span style=\"font-weight: 400;\">Une consommation par personne (20 oz)<\/span><\/li>\n<\/ul>\n<p><strong>Cette offre est utilisable en tout temps pour la saison 2023 et ce, sans restriction. Vous pouvez r\u00e9server votre d\u00e9part jusqu\u2019\u00e0 7 jours \u00e0 l\u2019avance. <\/strong><\/p>\n","protected":false},"featured_media":191454,"template":"","meta":{"_et_pb_use_builder":"","_et_pb_old_content":"","_et_gb_content_width":""},"product_brand":[],"product_cat":[3754],"product_tag":[3763],"class_list":{"0":"post-205099","1":"product","2":"type-product","3":"status-publish","4":"has-post-thumbnail","6":"product_cat-terminee","7":"product_tag-at-all-times-2","9":"first","10":"outofstock","11":"downloadable","12":"taxable","13":"shipping-taxable","14":"product-type-simple"},"_links":{"self":[{"href":"https:\/\/flexigolf.ca\/en\/wp-json\/wp\/v2\/product\/205099","targetHints":{"allow":["GET"]}}],"collection":[{"href":"https:\/\/flexigolf.ca\/en\/wp-json\/wp\/v2\/product"}],"about":[{"href":"https:\/\/flexigolf.ca\/en\/wp-json\/wp\/v2\/types\/product"}],"wp:featuredmedia":[{"embeddable":true,"href":"https:\/\/flexigolf.ca\/en\/wp-json\/wp\/v2\/media\/191454"}],"wp:attachment":[{"href":"https:\/\/flexigolf.ca\/en\/wp-json\/wp\/v2\/media?parent=205099"}],"wp:term":[{"taxonomy":"product_brand","embeddable":true,"href":"https:\/\/flexigolf.ca\/en\/wp-json\/wp\/v2\/product_brand?post=205099"},{"taxonomy":"product_cat","embeddable":true,"href":"https:\/\/flexigolf.ca\/en\/wp-json\/wp\/v2\/product_cat?post=205099"},{"taxonomy":"product_tag","embeddable":true,"href":"https:\/\/flexigolf.ca\/en\/wp-json\/wp\/v2\/product_tag?post=205099"}],"curies":[{"name":"wp","href":"https:\/\/api.w.org\/{rel}","templated":true}]}}