{"id":205112,"date":"2023-03-04T20:19:40","date_gmt":"2023-03-05T01:19:40","guid":{"rendered":"https:\/\/flexigolf.ca\/?post_type=product&#038;p=205112"},"modified":"2023-12-12T14:30:42","modified_gmt":"2023-12-12T19:30:42","slug":"golf-baie-st-paul-1-joueur-18-trous-avec-voiturette-en-tout-temps-2","status":"publish","type":"product","link":"https:\/\/flexigolf.ca\/en\/product\/golf-baie-st-paul-1-joueur-18-trous-avec-voiturette-en-tout-temps-2\/","title":{"rendered":"Golf Baie-St-Paul &#8211; 1 joueur &#8211; 18 trous avec voiturette (en tout temps)"},"content":{"rendered":"<h1>Club de golf Baie-St-Paul, Capitale-Nationale,<\/h1>\n<h2>18 trous, normale 72<\/h2>\n<p>Le Club de golf Baie-Saint-Paul, situ\u00e9 dans la r\u00e9gion de Charlevoix pr\u00e8s de Qu\u00e9bec permet \u00e0 l&#8217;amateur d&#8217;admirer des paysages o\u00f9 la mer, la for\u00eat et les montagnes se chevauchent dans un \u00e9ventail de couleurs qui varient d&#8217;une saison \u00e0 l&#8217;autre. Le parcours vous offre un d\u00e9fi unique et vari\u00e9 tout au long de votre partie. Les verts seront votre d\u00e9fi!<\/p>\n<p>De plusieurs endroits sur le terrain, de magnifique point de vue s&#8217;offre \u00e0 vous pour voir la ville de Baie-Saint-Paul, L\u2019Isle-aux-Coudres et la rive sud du magnifique fleuve Saint-Laurent. Au cours de votre ronde, vous aurez l\u2019occasion de traverser deux ponts couverts, dont l&#8217;un surplombe un ruisseau situ\u00e9 \u00e0 une hauteur de plus de dix m\u00e8tres. Venez appr\u00e9cier l&#8217;accueil chaleureux typique de Charlevoix.<\/p>\n<p>D\u00e9couvrez le profil et les autres offres du club <a href='https:\/\/flexigolf.ca\/categorie-produit\/club-de-golf\/club-de-golf-le-loup\/' class='small-button smallsilver'>Texte du lien<\/a><\/p>\n","protected":false},"excerpt":{"rendered":"<p><span style=\"font-weight: 400;\">Offrez-vous une escapade de golf dans un endroit parfait pour d\u00e9crocher : Baie-St-Paul. Ce golf vous offre un d\u00e9fi de qualit\u00e9 et de magnifique points de vue !<\/span><\/p>\n<p><span style=\"font-weight: 400;\">Cette offre exclusive au Golf Baie-St-Paul inclus :\u00a0<\/span><\/p>\n<ul>\n<li style=\"font-weight: 400;\" aria-level=\"1\"><span style=\"font-weight: 400;\">Une ronde de golf 18 trous avec voiturette<\/span><\/li>\n<\/ul>\n<p><strong>Utilisable en tout temps pour la saison 2023. Vous pouvez r\u00e9server votre d\u00e9part 7 jours \u00e0 l&#8217;avance!<\/strong><\/p>\n<p>&nbsp;<\/p>\n","protected":false},"featured_media":131704,"template":"","meta":{"_et_pb_use_builder":"","_et_pb_old_content":"","_et_gb_content_width":""},"product_brand":[],"product_cat":[706],"product_tag":[],"class_list":{"0":"post-205112","1":"product","2":"type-product","3":"status-publish","4":"has-post-thumbnail","6":"product_cat-non-classe","8":"first","9":"outofstock","10":"sale","11":"downloadable","12":"taxable","13":"shipping-taxable","14":"purchasable","15":"product-type-simple"},"_links":{"self":[{"href":"https:\/\/flexigolf.ca\/en\/wp-json\/wp\/v2\/product\/205112","targetHints":{"allow":["GET"]}}],"collection":[{"href":"https:\/\/flexigolf.ca\/en\/wp-json\/wp\/v2\/product"}],"about":[{"href":"https:\/\/flexigolf.ca\/en\/wp-json\/wp\/v2\/types\/product"}],"wp:featuredmedia":[{"embeddable":true,"href":"https:\/\/flexigolf.ca\/en\/wp-json\/wp\/v2\/media\/131704"}],"wp:attachment":[{"href":"https:\/\/flexigolf.ca\/en\/wp-json\/wp\/v2\/media?parent=205112"}],"wp:term":[{"taxonomy":"product_brand","embeddable":true,"href":"https:\/\/flexigolf.ca\/en\/wp-json\/wp\/v2\/product_brand?post=205112"},{"taxonomy":"product_cat","embeddable":true,"href":"https:\/\/flexigolf.ca\/en\/wp-json\/wp\/v2\/product_cat?post=205112"},{"taxonomy":"product_tag","embeddable":true,"href":"https:\/\/flexigolf.ca\/en\/wp-json\/wp\/v2\/product_tag?post=205112"}],"curies":[{"name":"wp","href":"https:\/\/api.w.org\/{rel}","templated":true}]}}