{"id":205122,"date":"2023-03-04T21:15:51","date_gmt":"2023-03-05T02:15:51","guid":{"rendered":"https:\/\/flexigolf.ca\/?post_type=product&#038;p=205122"},"modified":"2023-11-23T12:17:27","modified_gmt":"2023-11-23T17:17:27","slug":"club-de-golf-canton-2-joueurs-18-trous-a-voiturette","status":"publish","type":"product","link":"https:\/\/flexigolf.ca\/en\/product\/club-de-golf-canton-2-joueurs-18-trous-a-voiturette\/","title":{"rendered":"Club de golf Canton &#8211; 2 joueurs &#8211; 18 trous \u00e0 voiturette"},"content":{"rendered":"<h2>&#x26f3;\u00a0 Club de golf Canton,18 trous, Centre-du-Qu\u00e9bec<\/h2>\n<p>Le Club de golf Canton est situ\u00e9 dans la r\u00e9gion du Centre-du-Qu\u00e9bec. Un parcours de 18 trous d&#8217;une normale 72 enti\u00e8rement irrigu\u00e9 qui vous offre une vue des plus int\u00e9ressante sur le Mont Gleason. Les verts ondul\u00e9s saura vous mettre au d\u00e9fi. Un excellent rapport qualit\u00e9 prix vous attends au Club de golf Canton! Assur\u00e9ment une destination d&#8217;escapade de golf pour l&#8217;\u00e9t\u00e9 2022! Vous devez le jouer pour vous convaincre d&#8217;y aller \u00e0 chaque ann\u00e9e!<\/p>\n<p>Pour en savoir plus sur le club visitez leur profil <a href='https:\/\/flexigolf.ca\/categorie-produit\/club-de-golf\/club-de-golf-canton\/' class='small-button smallsilver'>Visitez le profil<\/a><\/p>\n","protected":false},"excerpt":{"rendered":"<p><span style=\"font-weight: 400;\">Cette offre exclusive inclus :\u00a0<\/span><\/p>\n<ul>\n<li style=\"font-weight: 400;\" aria-level=\"1\"><span style=\"font-weight: 400;\">Un duo de golfeurs 18 trous avec voiturette<\/span><\/li>\n<\/ul>\n<p>Cette offre est utilisable du lundi au jeudi sans restriction d&#8217;heures et du vendredi au dimanche (inclus les f\u00e9ri\u00e9s) apr\u00e8s 11 hrs.<\/p>\n<p>Vous pouvez r\u00e9server votre d\u00e9part 3 jours \u00e0 l&#8217;avance.<\/p>\n","protected":false},"featured_media":85569,"template":"","meta":{"_et_pb_use_builder":"","_et_pb_old_content":"","_et_gb_content_width":""},"product_brand":[],"product_cat":[706,3754],"product_tag":[3763],"class_list":{"0":"post-205122","1":"product","2":"type-product","3":"status-publish","4":"has-post-thumbnail","6":"product_cat-non-classe","7":"product_cat-terminee","8":"product_tag-at-all-times-2","10":"first","11":"outofstock","12":"sale","13":"downloadable","14":"taxable","15":"shipping-taxable","16":"purchasable","17":"product-type-simple"},"_links":{"self":[{"href":"https:\/\/flexigolf.ca\/en\/wp-json\/wp\/v2\/product\/205122","targetHints":{"allow":["GET"]}}],"collection":[{"href":"https:\/\/flexigolf.ca\/en\/wp-json\/wp\/v2\/product"}],"about":[{"href":"https:\/\/flexigolf.ca\/en\/wp-json\/wp\/v2\/types\/product"}],"wp:featuredmedia":[{"embeddable":true,"href":"https:\/\/flexigolf.ca\/en\/wp-json\/wp\/v2\/media\/85569"}],"wp:attachment":[{"href":"https:\/\/flexigolf.ca\/en\/wp-json\/wp\/v2\/media?parent=205122"}],"wp:term":[{"taxonomy":"product_brand","embeddable":true,"href":"https:\/\/flexigolf.ca\/en\/wp-json\/wp\/v2\/product_brand?post=205122"},{"taxonomy":"product_cat","embeddable":true,"href":"https:\/\/flexigolf.ca\/en\/wp-json\/wp\/v2\/product_cat?post=205122"},{"taxonomy":"product_tag","embeddable":true,"href":"https:\/\/flexigolf.ca\/en\/wp-json\/wp\/v2\/product_tag?post=205122"}],"curies":[{"name":"wp","href":"https:\/\/api.w.org\/{rel}","templated":true}]}}