{"id":205149,"date":"2023-03-05T06:40:40","date_gmt":"2023-03-05T11:40:40","guid":{"rendered":"https:\/\/flexigolf.ca\/?post_type=product&#038;p=205149"},"modified":"2023-11-20T16:41:40","modified_gmt":"2023-11-20T21:41:40","slug":"parcours-du-vieux-village-2-joueurs-18-trous-a-pied-avant-8h-et-apres-13h","status":"publish","type":"product","link":"https:\/\/flexigolf.ca\/en\/product\/parcours-du-vieux-village-2-joueurs-18-trous-a-pied-avant-8h-et-apres-13h\/","title":{"rendered":"Parcours du vieux village &#8211; 2 joueurs &#8211; 18 trous \u00e0 pied (avant 8h et apr\u00e8s 14h)"},"content":{"rendered":"<h2>Le Parcours du Vieux Village \u00e0 Bromont, Estrie,<\/h2>\n<h2>18 trous, normale 72<\/h2>\n<p>Profitez de cette promotion pour jouer sur l&#8217;un des beaux d\u00e9fis golfiques de Bromont. D\u00e9couvrez o\u00f9 rejouer ce club de golf toujours en excellente condition, vous serez convaincu d&#8217;adopter cette destination tout au long de l&#8217;\u00e9t\u00e9 \ud83d\ude09 ! Un parcours de 18 trous qui sait offrir du plaisir \u00e0 tous les niveaux de golfeurs. Les amateurs les plus aguerris adore ce parcours pour la qualit\u00e9 constante qu&#8217;il offre.<\/p>\n<p>Une destination parfaite pour une escapade de golf ou encore une journ\u00e9e de golf entre amis ou en famille!<\/p>\n<p>D\u00e9couvrez les autres offres de golf du club <a href='http:\/\/flexigolf.ca\/categorie-produit\/club-de-golf\/parcours-du-vieux-village\/' class='small-button smallblue'>D\u00e9couvrez les offres<\/a><\/p>\n","protected":false},"excerpt":{"rendered":"<p><span style=\"font-weight: 400;\">Un parcours unique par sa qualit\u00e9 de jeu et son accueil chaleureux. Offrez une destination golf unique que tout golfeur appr\u00e9ciera!<\/span><\/p>\n<p><span style=\"font-weight: 400;\">Cette offre de duo de golfeurs au Parcours du vieux village inclus :\u00a0<\/span><\/p>\n<ul>\n<li style=\"font-weight: 400;\" aria-level=\"1\"><span style=\"font-weight: 400;\">2 joueurs 18 trous \u00e0 pied\u00a0<\/span><\/li>\n<\/ul>\n<p><span style=\"font-weight: 400;\"><strong>Utilisable du lundi au jeudi avant 8h ou apr\u00e8s 13h<\/strong>. Vous pouvez r\u00e9server jusqu\u2019\u00e0 <\/span><span style=\"font-weight: 400;\">9 jours d\u2019avance.\u00a0<\/span><\/p>\n<p><strong>!* QUANTIT\u00c9 LIMIT\u00c9. <\/strong>Vous pouvez acheter un maximum de 3 promotions par personne.<\/p>\n","protected":false},"featured_media":185986,"template":"","meta":{"_et_pb_use_builder":"","_et_pb_old_content":"","_et_gb_content_width":""},"product_brand":[],"product_cat":[706],"product_tag":[],"class_list":{"0":"post-205149","1":"product","2":"type-product","3":"status-publish","4":"has-post-thumbnail","6":"product_cat-non-classe","8":"first","9":"outofstock","10":"sale","11":"downloadable","12":"taxable","13":"shipping-taxable","14":"purchasable","15":"product-type-simple"},"_links":{"self":[{"href":"https:\/\/flexigolf.ca\/en\/wp-json\/wp\/v2\/product\/205149","targetHints":{"allow":["GET"]}}],"collection":[{"href":"https:\/\/flexigolf.ca\/en\/wp-json\/wp\/v2\/product"}],"about":[{"href":"https:\/\/flexigolf.ca\/en\/wp-json\/wp\/v2\/types\/product"}],"wp:featuredmedia":[{"embeddable":true,"href":"https:\/\/flexigolf.ca\/en\/wp-json\/wp\/v2\/media\/185986"}],"wp:attachment":[{"href":"https:\/\/flexigolf.ca\/en\/wp-json\/wp\/v2\/media?parent=205149"}],"wp:term":[{"taxonomy":"product_brand","embeddable":true,"href":"https:\/\/flexigolf.ca\/en\/wp-json\/wp\/v2\/product_brand?post=205149"},{"taxonomy":"product_cat","embeddable":true,"href":"https:\/\/flexigolf.ca\/en\/wp-json\/wp\/v2\/product_cat?post=205149"},{"taxonomy":"product_tag","embeddable":true,"href":"https:\/\/flexigolf.ca\/en\/wp-json\/wp\/v2\/product_tag?post=205149"}],"curies":[{"name":"wp","href":"https:\/\/api.w.org\/{rel}","templated":true}]}}