{"id":205454,"date":"2023-03-05T09:59:45","date_gmt":"2023-03-05T14:59:45","guid":{"rendered":"https:\/\/flexigolf.ca\/?post_type=product&#038;p=205454"},"modified":"2024-05-11T11:31:20","modified_gmt":"2024-05-11T15:31:20","slug":"golf-matha-1-joueur-mai-en-tout-temps","status":"publish","type":"product","link":"https:\/\/flexigolf.ca\/en\/product\/golf-matha-1-joueur-mai-en-tout-temps\/","title":{"rendered":"Golf Matha &#8211; 1 joueur &#8211; 18 trous avec voiturette &#8211; MAI (en tout temps)"},"content":{"rendered":"<h1>Golf Matha, Lanaudi\u00e8re,<\/h1>\n<h1>18 trous, normale 72<\/h1>\n<p>Le Golf Matha vous offre l&#8217;endroit id\u00e9al pour un s\u00e9jour de golf avec h\u00e9bergement, c&#8217;est un endroit class\u00e9 4 \u00e9toiles. Il est non seulement reconnu comme l&#8217;un des plus beaux d\u00e9fis de golf du Qu\u00e9bec et ces conditions de jeux sont superbes, tout comme les vues. Le parcours de 18 trous est inspir\u00e9 de beaucoup clubs de golf partout \u00e0 travers le monde, en fait, tous les trous sont uniques \u00e0 Matha!<\/p>\n<p>L&#8217;auberge Lanaudi\u00e8re est un centre de vill\u00e9giature parfaitement situ\u00e9 et am\u00e9nag\u00e9, on y retrouve une piscine et une ambiance accueillante et chaleureuse. Les chambres sont bien emm\u00e9nag\u00e9es et tr\u00e8s confortables. Tout pour passer un agr\u00e9able s\u00e9jour!<\/p>\n<p>Allez, sortez et golfez tout en profitant de la vie et de ce bel endroit qu&#8217;est la r\u00e9gion de Lanaudi\u00e8re<\/p>\n<p>Vous d\u00e9sirez ajouter une nuit suppl\u00e9mentaire : <a href='https:\/\/escapadegolf.flexigolf.ca\/produit\/nuit-supplementaire-forfait-golf-au-club-de-golf-st-jean-de-matha\/' class='small-button smallblue'>Ajouter une nuit<\/a><\/p>\n","protected":false},"excerpt":{"rendered":"<p><span style=\"font-weight: 400;\">Vous avez trouv\u00e9 votre endroit d&#8217;escapade de golf de d\u00e9but de saison! Le Golf Matha, une destination parfaite \u00e0 offrir ou \u00e0 s&#8217;offrir \ud83d\ude09\u00a0<\/span><\/p>\n<p><span style=\"font-weight: 400;\">Cette offre de duos de golfeurs au golf Matha inclus :\u00a0<\/span><\/p>\n<ul>\n<li style=\"font-weight: 400;\" aria-level=\"1\"><span style=\"font-weight: 400;\">1 golfeur avec voiturette<\/span><\/li>\n<\/ul>\n<p><strong>Utilisable en tout temps pour le mois de mai.<\/strong><\/p>\n<p>Vous pouvez r\u00e9server vos d\u00e9parts 14 jours \u00e0 l&#8217;avance.<\/p>\n","protected":false},"featured_media":186058,"template":"","meta":{"_et_pb_use_builder":"","_et_pb_old_content":"","_et_gb_content_width":""},"product_brand":[],"product_cat":[3701,3912],"product_tag":[3914],"class_list":{"0":"post-205454","1":"product","2":"type-product","3":"status-publish","4":"has-post-thumbnail","6":"product_cat-unclassified","7":"product_cat-completed","8":"product_tag-beginning-of-the-season","10":"first","11":"outofstock","12":"sale","13":"downloadable","14":"taxable","15":"shipping-taxable","16":"purchasable","17":"product-type-simple"},"_links":{"self":[{"href":"https:\/\/flexigolf.ca\/en\/wp-json\/wp\/v2\/product\/205454","targetHints":{"allow":["GET"]}}],"collection":[{"href":"https:\/\/flexigolf.ca\/en\/wp-json\/wp\/v2\/product"}],"about":[{"href":"https:\/\/flexigolf.ca\/en\/wp-json\/wp\/v2\/types\/product"}],"wp:featuredmedia":[{"embeddable":true,"href":"https:\/\/flexigolf.ca\/en\/wp-json\/wp\/v2\/media\/186058"}],"wp:attachment":[{"href":"https:\/\/flexigolf.ca\/en\/wp-json\/wp\/v2\/media?parent=205454"}],"wp:term":[{"taxonomy":"product_brand","embeddable":true,"href":"https:\/\/flexigolf.ca\/en\/wp-json\/wp\/v2\/product_brand?post=205454"},{"taxonomy":"product_cat","embeddable":true,"href":"https:\/\/flexigolf.ca\/en\/wp-json\/wp\/v2\/product_cat?post=205454"},{"taxonomy":"product_tag","embeddable":true,"href":"https:\/\/flexigolf.ca\/en\/wp-json\/wp\/v2\/product_tag?post=205454"}],"curies":[{"name":"wp","href":"https:\/\/api.w.org\/{rel}","templated":true}]}}