{"id":205741,"date":"2023-03-07T09:20:48","date_gmt":"2023-03-07T14:20:48","guid":{"rendered":"https:\/\/flexigolf.ca\/?post_type=product&#038;p=205741"},"modified":"2023-04-01T12:51:43","modified_gmt":"2023-04-01T16:51:43","slug":"club-de-golf-lac-st-joseph-2-joueurs-18-trous-avec-voiturette-en-ligne-jusquau-31-mars","status":"publish","type":"product","link":"https:\/\/flexigolf.ca\/en\/product\/club-de-golf-lac-st-joseph-2-joueurs-18-trous-avec-voiturette-en-ligne-jusquau-31-mars\/","title":{"rendered":"Club de golf Lac St-Joseph &#8211; 2 joueurs &#8211; 18 trous, voiturette, balles de pratique (en ligne jusqu&#8217;au 31 mars)"},"content":{"rendered":"<h1>Club de golf Lac St-Joseph<\/h1>\n<h2>18 trous, normale 72<\/h2>\n<p>Depuis sa fondation en 1953, le Club de Golf du Lac St-Joseph a soutenu la belle et riche tradition du golf avec un parcours vous offrant les meilleures conditions de jeu de la r\u00e9gion. Que vous soyez un nouveau golfeur ou un golfeur \u00e9lite, vous serez<br \/>\n\u00e9tonn\u00e9 par la qualit\u00e9 exceptionnelle de ce parcours de 18 trous \u00e0 5 jalons de d\u00e9part. Le Golf du Lac St-Joseph offre un cadre serein et une surface de jeu de prestige. Profitez de la vue panoramique sur le paysage, de la proximit\u00e9 avec la nature et de l\u2019intimit\u00e9 que le Club de Golf du Lac St-Joseph vous procure.<\/p>\n","protected":false},"excerpt":{"rendered":"<p>D\u00e9couvrez le club de golf Lac St-Joseph, un parcours d&#8217;une qualit\u00e9 exceptionnel \u00e0 Qu\u00e9bec.<\/p>\n<p>Cette offre est valide pour :<\/p>\n<ul>\n<li>2 joueurs en ronde 18 trous<\/li>\n<li>avec voiturette<\/li>\n<li>L&#8217;acc\u00e8s au champ de pratique inclus pour les 2 joueurs<\/li>\n<\/ul>\n<p><strong>Utilisable du lundi au dimanche apr\u00e8s 13h30 pour la saison 2023. <\/strong>Vous pouvez r\u00e9servez votre d\u00e9part 7 jours \u00e0 l&#8217;avance.<\/p>\n<h2>En ligne uniquement jusqu&#8217;au 31 mars 2023!<\/h2>\n","protected":false},"featured_media":205744,"template":"","meta":{"_et_pb_use_builder":"","_et_pb_old_content":"","_et_gb_content_width":""},"product_brand":[],"product_cat":[3754],"product_tag":[],"class_list":{"0":"post-205741","1":"product","2":"type-product","3":"status-publish","4":"has-post-thumbnail","6":"product_cat-terminee","8":"first","9":"outofstock","10":"downloadable","11":"taxable","12":"shipping-taxable","13":"product-type-simple"},"_links":{"self":[{"href":"https:\/\/flexigolf.ca\/en\/wp-json\/wp\/v2\/product\/205741","targetHints":{"allow":["GET"]}}],"collection":[{"href":"https:\/\/flexigolf.ca\/en\/wp-json\/wp\/v2\/product"}],"about":[{"href":"https:\/\/flexigolf.ca\/en\/wp-json\/wp\/v2\/types\/product"}],"wp:featuredmedia":[{"embeddable":true,"href":"https:\/\/flexigolf.ca\/en\/wp-json\/wp\/v2\/media\/205744"}],"wp:attachment":[{"href":"https:\/\/flexigolf.ca\/en\/wp-json\/wp\/v2\/media?parent=205741"}],"wp:term":[{"taxonomy":"product_brand","embeddable":true,"href":"https:\/\/flexigolf.ca\/en\/wp-json\/wp\/v2\/product_brand?post=205741"},{"taxonomy":"product_cat","embeddable":true,"href":"https:\/\/flexigolf.ca\/en\/wp-json\/wp\/v2\/product_cat?post=205741"},{"taxonomy":"product_tag","embeddable":true,"href":"https:\/\/flexigolf.ca\/en\/wp-json\/wp\/v2\/product_tag?post=205741"}],"curies":[{"name":"wp","href":"https:\/\/api.w.org\/{rel}","templated":true}]}}