{"id":206515,"date":"2023-03-14T16:51:05","date_gmt":"2023-03-14T20:51:05","guid":{"rendered":"https:\/\/flexigolf.ca\/?post_type=product&#038;p=206515"},"modified":"2024-11-20T12:04:01","modified_gmt":"2024-11-20T17:04:01","slug":"club-de-golf-vercheres-2-ou-4-joueurs-18-trous-voiturette-panier-de-balle","status":"publish","type":"product","link":"https:\/\/flexigolf.ca\/en\/product\/club-de-golf-vercheres-2-ou-4-joueurs-18-trous-voiturette-panier-de-balle\/","title":{"rendered":"Club de golf verch\u00e8res &#8211; 2 ou 4 joueurs, 18 trous, voiturette, panier de balle"},"content":{"rendered":"<h1>Club de golf Verch\u00e8res, Mont\u00e9r\u00e9gie<\/h1>\n<h2>36 trous, 2 parcours de 18 trous<\/h2>\n<p>Situ\u00e9 au c\u0153ur des \u00e9rabli\u00e8res, le Club de Golf Verch\u00e8res compte 36 trous au travers 2 environnements diff\u00e9rents. Situ\u00e9 \u00e0 moins de 30 minutes de Montr\u00e9al, on trouve \u00e0 ce club de golf une ambiance conviviale et d\u00e9contract\u00e9e. La nouvelle \u00e9quipe de jeunes et dynamiques propri\u00e9taires sont pr\u00e9sents sur place et r\u00e9investissent de fa\u00e7on importante dans leur nouveau club<\/p>\n<p>Le premier neuf du parcours \u201cMadeleine\u201d offre une vue imprenable sur la campagne. Tel un parcours \u201clinks\u201d situ\u00e9 sur le bord de la mer, le vent \u00e9tant toujours de la partie. Ces neufs premiers trous, re-dessin\u00e9s et r\u00e9nov\u00e9s par Graham Cooke et Darrel Huxam en 2003, offrent un d\u00e9fi des plus int\u00e9ressants, gr\u00e2ce aux 28 trappes de sable et aux 2 lacs.<\/p>\n<p>Le neuf de retour du parcours \u201cMadeleine\u201d nous am\u00e8ne dans un environnement compl\u00e8tement diff\u00e9rent. Nous devons maintenant positionner nos coups de d\u00e9part au centre d\u2019all\u00e9es \u00e9troites bord\u00e9es d\u2019arbres matures. Cette section du club de golf offre certain des trous les plus int\u00e9ressants, dont le 13 et le 18, deux normales 4 qui demandent une bonne strat\u00e9gie et des ex\u00e9cutions impeccables.<\/p>\n","protected":false},"excerpt":{"rendered":"<p><span style=\"font-weight: 400;\">Profitez de cette offre exclusive pour d\u00e9couvrir un club de golf de la Rive-Sud de 36 trous \u00e0 moins de 30 minutes de Montr\u00e9al. Une nouvelle administration qui offre une superbe qualit\u00e9 de terrain accessible \u00e0 tous !<\/span><\/p>\n<p><span style=\"font-weight: 400;\">L&#8217;offre inclus, selon le forfait 2 ou 4 joueurs :<\/span><\/p>\n<ul>\n<li style=\"font-weight: 400;\" aria-level=\"1\"><span style=\"font-weight: 400;\">2 ou 4 joueurs<\/span><\/li>\n<li style=\"font-weight: 400;\" aria-level=\"1\"><span style=\"font-weight: 400;\">2 ou 4 petits paniers de balles<\/span><\/li>\n<li style=\"font-weight: 400;\" aria-level=\"1\"><span style=\"font-weight: 400;\">\u00c0 voiturette<\/span><\/li>\n<li style=\"font-weight: 400;\" aria-level=\"1\"><span style=\"font-weight: 400;\">2 ou 4 consommations apr\u00e8s la partie (boisson alcoolis\u00e9e ou non-alcoolis\u00e9e)<\/span><\/li>\n<\/ul>\n<p><b>Valide en tout temps apr\u00e8s 11h pour la saison 2023!<\/b><\/p>\n","protected":false},"featured_media":13673,"template":"","meta":{"_et_pb_use_builder":"","_et_pb_old_content":"","_et_gb_content_width":""},"product_brand":[],"product_cat":[706,3754],"product_tag":[],"class_list":{"0":"post-206515","1":"product","2":"type-product","3":"status-publish","4":"has-post-thumbnail","6":"product_cat-non-classe","7":"product_cat-terminee","9":"first","10":"outofstock","11":"sale","12":"taxable","13":"shipping-taxable","14":"purchasable","15":"product-type-variable"},"_links":{"self":[{"href":"https:\/\/flexigolf.ca\/en\/wp-json\/wp\/v2\/product\/206515","targetHints":{"allow":["GET"]}}],"collection":[{"href":"https:\/\/flexigolf.ca\/en\/wp-json\/wp\/v2\/product"}],"about":[{"href":"https:\/\/flexigolf.ca\/en\/wp-json\/wp\/v2\/types\/product"}],"wp:featuredmedia":[{"embeddable":true,"href":"https:\/\/flexigolf.ca\/en\/wp-json\/wp\/v2\/media\/13673"}],"wp:attachment":[{"href":"https:\/\/flexigolf.ca\/en\/wp-json\/wp\/v2\/media?parent=206515"}],"wp:term":[{"taxonomy":"product_brand","embeddable":true,"href":"https:\/\/flexigolf.ca\/en\/wp-json\/wp\/v2\/product_brand?post=206515"},{"taxonomy":"product_cat","embeddable":true,"href":"https:\/\/flexigolf.ca\/en\/wp-json\/wp\/v2\/product_cat?post=206515"},{"taxonomy":"product_tag","embeddable":true,"href":"https:\/\/flexigolf.ca\/en\/wp-json\/wp\/v2\/product_tag?post=206515"}],"curies":[{"name":"wp","href":"https:\/\/api.w.org\/{rel}","templated":true}]}}