{"id":211572,"date":"2023-05-13T12:49:20","date_gmt":"2023-05-13T16:49:20","guid":{"rendered":"https:\/\/flexigolf.ca\/?post_type=product&#038;p=211572"},"modified":"2023-11-23T12:14:14","modified_gmt":"2023-11-23T17:14:14","slug":"golf-le-select-de-mirabel-1-joueur-a-pied-ou-a-voiturette-fin-de-semaine-tout-temps","status":"publish","type":"product","link":"https:\/\/flexigolf.ca\/en\/product\/golf-le-select-de-mirabel-1-joueur-a-pied-ou-a-voiturette-fin-de-semaine-tout-temps\/","title":{"rendered":"Golf Le S\u00e9lect de Mirabel &#8211; 1 joueur &#8211; \u00e0 pied ou \u00e0 voiturette &#8211; fin de semaine (tout temps)"},"content":{"rendered":"<h1>Club de golf Le S\u00e9lect de Mirabel, Basses-Laurentides<\/h1>\n<h3>18 trous, normale 72<\/h3>\n<p>Le terrain de golf le S\u00e9lect de Mirabel est un parcours de 18 trous \u00e0 proximit\u00e9 de St-J\u00e9r\u00f4me et de Lachute, un endroit en pleine nature! La rivi\u00e8re du nord sillonne le parcours d\u2019une normale 72. C\u2019est un terrain accessible \u00e0 tous et sur lequel tout niveau de golfeur aura du plaisir et un d\u00e9fi \u00e0 relev\u00e9! Avec ces lacs trappes de sables et vallons sur le terrain, vous y aurez certainement un bon d\u00e9fi de golf! C\u2019est un autre parcours de golf \u00e0 d\u00e9couvrir!<\/p>\n<p>Ce qui le distingue, c\u2019est qu\u2019il y a d\u2019autre choses \u00e0 faire pour les membres de votre entourage qui n\u2019aime pas le golf! En effet ceux-ci peuvent y faire du kayak, du paddle board, canot et volleyball. Une belle terrasse sur place vous attends pour bien terminer votre journ\u00e9e!<\/p>\n","protected":false},"excerpt":{"rendered":"<p>Situ\u00e9 dans les Basses Laurentides, ce parcours de 18 trous offre une belle qualit\u00e9 au golfeur peut importe leur niveau! Cette offre inclus :<\/p>\n<ul>\n<li>1 joueur ronde 18 trous<\/li>\n<li>\u00c0 pied ou en voiturette<\/li>\n<\/ul>\n<p><strong>Utilisable du vendredi au dimanche (et f\u00e9ri\u00e9s) en tout temps pour la saison 2023. Vous pouvez r\u00e9server vos temps de d\u00e9part 10 jours \u00e0 l&#8217;avance.<\/strong><\/p>\n","protected":false},"featured_media":88477,"template":"","meta":{"_et_pb_use_builder":"","_et_pb_old_content":"","_et_gb_content_width":""},"product_brand":[],"product_cat":[3912],"product_tag":[3857],"class_list":{"0":"post-211572","1":"product","2":"type-product","3":"status-publish","4":"has-post-thumbnail","6":"product_cat-completed","7":"product_tag-en-tout-temps-fin-de-semaine","9":"first","10":"instock","11":"taxable","12":"shipping-taxable","13":"purchasable","14":"product-type-variable"},"_links":{"self":[{"href":"https:\/\/flexigolf.ca\/en\/wp-json\/wp\/v2\/product\/211572","targetHints":{"allow":["GET"]}}],"collection":[{"href":"https:\/\/flexigolf.ca\/en\/wp-json\/wp\/v2\/product"}],"about":[{"href":"https:\/\/flexigolf.ca\/en\/wp-json\/wp\/v2\/types\/product"}],"wp:featuredmedia":[{"embeddable":true,"href":"https:\/\/flexigolf.ca\/en\/wp-json\/wp\/v2\/media\/88477"}],"wp:attachment":[{"href":"https:\/\/flexigolf.ca\/en\/wp-json\/wp\/v2\/media?parent=211572"}],"wp:term":[{"taxonomy":"product_brand","embeddable":true,"href":"https:\/\/flexigolf.ca\/en\/wp-json\/wp\/v2\/product_brand?post=211572"},{"taxonomy":"product_cat","embeddable":true,"href":"https:\/\/flexigolf.ca\/en\/wp-json\/wp\/v2\/product_cat?post=211572"},{"taxonomy":"product_tag","embeddable":true,"href":"https:\/\/flexigolf.ca\/en\/wp-json\/wp\/v2\/product_tag?post=211572"}],"curies":[{"name":"wp","href":"https:\/\/api.w.org\/{rel}","templated":true}]}}