{"id":212040,"date":"2023-05-23T20:02:10","date_gmt":"2023-05-24T00:02:10","guid":{"rendered":"https:\/\/flexigolf.ca\/?post_type=product&#038;p=212040"},"modified":"2023-11-27T15:23:42","modified_gmt":"2023-11-27T20:23:42","slug":"club-de-golf-royal-bromont-2-joueurs-avec-voiturette-apres-14h30","status":"publish","type":"product","link":"https:\/\/flexigolf.ca\/en\/product\/club-de-golf-royal-bromont-2-joueurs-avec-voiturette-apres-14h30\/","title":{"rendered":"Club de golf Royal Bromont &#8211; 2 joueurs avec voiturette apr\u00e8s 14h30"},"content":{"rendered":"<h1>Club de golf Royal Bromont<\/h1>\n<h3>18 trous, normale 72<\/h3>\n<p>Le club de golf Royal Bromont et ses installations vous offre une belle option de destination pour une escapade de golf \u00e0 Bromont. Son h\u00f4tel bien r\u00e9put\u00e9 et son restaurant le Cellier du Roy vous offre une belle qualit\u00e9 pour satisfaire vos envies!<\/p>\n<p>Le parcours de golf du Royal Bromont est des plus appr\u00e9ci\u00e9 par les amateurs tant par sa qualit\u00e9 que par son design unique.<\/p>\n<p>C&#8217;est une destination \u00e0 d\u00e9couvrir assur\u00e9ment!<\/p>\n","protected":false},"excerpt":{"rendered":"<p>Le parcours du Club de golf Royal Bromont est \u00e0 d\u00e9couvrir! Profitez de cette offre pour jouer sur un super terrain de la r\u00e9gion de l&#8217;Estrie, situ\u00e9 id\u00e9alement \u00e0 Bromont.<\/p>\n<p>Cette offre inclus :<\/p>\n<ul>\n<li>2 joueurs ronde de 18 trous<\/li>\n<li>Voiturette \u00e9lectrique<\/li>\n<\/ul>\n<p><strong>Cette offre est utilisable apr\u00e8s 14h30 du lundi au dimanche pour la saison 2023.\u00a0<\/strong><\/p>\n<p>R\u00e9servation 7 jours \u00e0 l\u2019avance seulement (selon disponibilit\u00e9)<\/p>\n<p>&nbsp;<\/p>\n","protected":false},"featured_media":211885,"template":"","meta":{"_et_pb_use_builder":"","_et_pb_old_content":"","_et_gb_content_width":""},"product_brand":[],"product_cat":[3754],"product_tag":[],"class_list":{"0":"post-212040","1":"product","2":"type-product","3":"status-publish","4":"has-post-thumbnail","6":"product_cat-terminee","8":"first","9":"outofstock","10":"downloadable","11":"taxable","12":"shipping-taxable","13":"purchasable","14":"product-type-simple"},"_links":{"self":[{"href":"https:\/\/flexigolf.ca\/en\/wp-json\/wp\/v2\/product\/212040","targetHints":{"allow":["GET"]}}],"collection":[{"href":"https:\/\/flexigolf.ca\/en\/wp-json\/wp\/v2\/product"}],"about":[{"href":"https:\/\/flexigolf.ca\/en\/wp-json\/wp\/v2\/types\/product"}],"wp:featuredmedia":[{"embeddable":true,"href":"https:\/\/flexigolf.ca\/en\/wp-json\/wp\/v2\/media\/211885"}],"wp:attachment":[{"href":"https:\/\/flexigolf.ca\/en\/wp-json\/wp\/v2\/media?parent=212040"}],"wp:term":[{"taxonomy":"product_brand","embeddable":true,"href":"https:\/\/flexigolf.ca\/en\/wp-json\/wp\/v2\/product_brand?post=212040"},{"taxonomy":"product_cat","embeddable":true,"href":"https:\/\/flexigolf.ca\/en\/wp-json\/wp\/v2\/product_cat?post=212040"},{"taxonomy":"product_tag","embeddable":true,"href":"https:\/\/flexigolf.ca\/en\/wp-json\/wp\/v2\/product_tag?post=212040"}],"curies":[{"name":"wp","href":"https:\/\/api.w.org\/{rel}","templated":true}]}}