{"id":212390,"date":"2023-05-24T09:27:48","date_gmt":"2023-05-24T13:27:48","guid":{"rendered":"https:\/\/flexigolf.ca\/?post_type=product&#038;p=212390"},"modified":"2024-11-04T12:27:21","modified_gmt":"2024-11-04T17:27:21","slug":"club-de-golf-heritage-forfait-golf-36-trous-et-hebergement-avec-restauration-mai-et-juin","status":"publish","type":"product","link":"https:\/\/flexigolf.ca\/en\/product\/club-de-golf-heritage-forfait-golf-36-trous-et-hebergement-avec-restauration-mai-et-juin\/","title":{"rendered":"Club de golf H\u00e9ritage &#8211; Forfait golf 36 trous et h\u00e9bergement avec restauration"},"content":{"rendered":"<h1>Club de golf H\u00e9ritage, Outaouais, 18 trous<\/h1>\n<p>Le Club de golf H\u00e9ritage est un endroit accueillant et charmeur pour une escapade de golf! Situ\u00e9 dans la belle nature des Outaouais, au bas de la cha\u00eene de montagnes des Laurentides, le c\u00f4t\u00e9 relaxant de la nature vient tout de suite nous charmer! Nous l&#8217;avons visit\u00e9 et on vous le confirme, c&#8217;est une tr\u00e8s belle destination d&#8217;escapade de golf cet \u00e9t\u00e9! L&#8217;endroit a tout pour vous charmer : le terrain est tr\u00e8s bien entretenu, le service est impeccable et le service de restauration excellent! Construit sans dynamitage, le parcours \u00a0\u00e9pouse les reliefs du terrain pour donner des ondulations et devues magnifiques.<\/p>\n<p>Profitez de cette promotion golf et h\u00e9bergement tout inclus pour vivre une belle escapade de golf pour la fin de la saison! Aller admirer les couleurs d&#8217;automne dans cette belle r\u00e9gion de l&#8217;Outaouais. Le club de golf H\u00e9ritage est situ\u00e9 \u00e0 moins de 1h00 de Gatineau et 1h30 de Montr\u00e9al.<\/p>\n<a href='https:\/\/flexigolf.ca\/categorie-produit\/club-de-golf\/club-de-golf-heritage' class='small-button smallblue'>Les offres golf seulement<\/a>\n","protected":false},"excerpt":{"rendered":"<h2 style=\"text-align: center;\">Forfait golf et h\u00e9bergement au club de golf H\u00e9ritage en Outaouais!<\/h2>\n<p><strong>Ce forfait pour deux personnes inclus :<\/strong><\/p>\n<ul>\n<li>La nuit\u00e9e chambre r\u00e9guli\u00e8re<\/li>\n<li>Deux soupers table d&#8217;h\u00f4te<\/li>\n<li>Rondes de golf et la voiturette (2 par personne)<\/li>\n<li>Deux petits d\u00e9jeuner<\/li>\n<\/ul>\n<p>Le prix est pour deux personnes. \u00a0Faites-vite pour r\u00e9server vos temps de d\u00e9part!<\/p>\n<h2 style=\"text-align: center;\">Utilisable en mai et en juin selon disponibilit\u00e9s<\/h2>\n","protected":false},"featured_media":14103,"template":"","meta":{"_et_pb_use_builder":"","_et_pb_old_content":"","_et_gb_content_width":""},"product_brand":[],"product_cat":[3754],"product_tag":[],"class_list":{"0":"post-212390","1":"product","2":"type-product","3":"status-publish","4":"has-post-thumbnail","6":"product_cat-terminee","8":"first","9":"instock","10":"downloadable","11":"taxable","12":"shipping-taxable","13":"purchasable","14":"product-type-simple"},"_links":{"self":[{"href":"https:\/\/flexigolf.ca\/en\/wp-json\/wp\/v2\/product\/212390","targetHints":{"allow":["GET"]}}],"collection":[{"href":"https:\/\/flexigolf.ca\/en\/wp-json\/wp\/v2\/product"}],"about":[{"href":"https:\/\/flexigolf.ca\/en\/wp-json\/wp\/v2\/types\/product"}],"wp:featuredmedia":[{"embeddable":true,"href":"https:\/\/flexigolf.ca\/en\/wp-json\/wp\/v2\/media\/14103"}],"wp:attachment":[{"href":"https:\/\/flexigolf.ca\/en\/wp-json\/wp\/v2\/media?parent=212390"}],"wp:term":[{"taxonomy":"product_brand","embeddable":true,"href":"https:\/\/flexigolf.ca\/en\/wp-json\/wp\/v2\/product_brand?post=212390"},{"taxonomy":"product_cat","embeddable":true,"href":"https:\/\/flexigolf.ca\/en\/wp-json\/wp\/v2\/product_cat?post=212390"},{"taxonomy":"product_tag","embeddable":true,"href":"https:\/\/flexigolf.ca\/en\/wp-json\/wp\/v2\/product_tag?post=212390"}],"curies":[{"name":"wp","href":"https:\/\/api.w.org\/{rel}","templated":true}]}}