{"id":212715,"date":"2023-05-26T21:58:21","date_gmt":"2023-05-27T01:58:21","guid":{"rendered":"https:\/\/flexigolf.ca\/?post_type=product&#038;p=212715"},"modified":"2023-12-12T12:51:53","modified_gmt":"2023-12-12T17:51:53","slug":"club-de-golf-le-grand-portneuf-2-joueurs-avec-voiturette-apres-15h30","status":"publish","type":"product","link":"https:\/\/flexigolf.ca\/en\/product\/club-de-golf-le-grand-portneuf-2-joueurs-avec-voiturette-apres-15h30\/","title":{"rendered":"Club de Golf Le Grand Portneuf &#8211; 2 joueurs avec voiturette (apr\u00e8s 15h30)"},"content":{"rendered":"<h1>Club de golf Le Grand Portneuf, Capitale-Nationale<\/h1>\n<h2>27 trous<\/h2>\n<p>Le club de Golf Le Grand Portneuf est un magnifique 27 trous \u00e0 seulement 20 minutes de Qu\u00e9bec. Le terrain de qualit\u00e9 sup\u00e9rieure offre un d\u00e9fi impressionnant pour tous les types de golfeurs. Son parcours offre des points de vue saisissants sur la rivi\u00e8re Portneuf dans un d\u00e9cor naturel. Les installations peuvent recevoir la client\u00e8le pour casser la cro\u00fbte ou pour la tenue d\u2019un tournoi pouvant aller jusqu\u2019\u00e0 220 golfeurs. R\u00e9servation d\u2019un d\u00e9part au legrandportneuf.com.<br \/>\nDe plus, sans oublier le tout nouveau projet, d\u2019un d\u00e9veloppement domiciliaire de 57 terrains aux abords du club de golf appel\u00e9e La Cit\u00e9-Jardin du Grand Portneuf!<\/p>\n<p>&nbsp;<\/p>\n","protected":false},"excerpt":{"rendered":"<p>Offrez-vous une escapade de golf au club de Golf Le Grand Portneuf, situ\u00e9 dans le r\u00e9gion de la capitale-nationale. Ce parcours offre un beau d\u00e9fi de golf encr\u00e9 en nature lors de 27 trous!<\/p>\n<p>Cette offre inclus :<\/p>\n<ul>\n<li>Ronde de 18 trous 2 joueurs<\/li>\n<li>Voiturette<\/li>\n<\/ul>\n<p>Vous pouvez jouer apr\u00e8s 15h30 du lundi au dimanche (sur disponibilit\u00e9s). Utilisable pour la saison 2023<\/p>\n<p>Vous pouvez r\u00e9server votre d\u00e9part 4 jours \u00e0 l&#8217;avance.<\/p>\n","protected":false},"featured_media":212665,"template":"","meta":{"_et_pb_use_builder":"","_et_pb_old_content":"","_et_gb_content_width":""},"product_brand":[],"product_cat":[3754],"product_tag":[],"class_list":{"0":"post-212715","1":"product","2":"type-product","3":"status-publish","4":"has-post-thumbnail","6":"product_cat-terminee","8":"first","9":"outofstock","10":"downloadable","11":"taxable","12":"shipping-taxable","13":"purchasable","14":"product-type-simple"},"_links":{"self":[{"href":"https:\/\/flexigolf.ca\/en\/wp-json\/wp\/v2\/product\/212715","targetHints":{"allow":["GET"]}}],"collection":[{"href":"https:\/\/flexigolf.ca\/en\/wp-json\/wp\/v2\/product"}],"about":[{"href":"https:\/\/flexigolf.ca\/en\/wp-json\/wp\/v2\/types\/product"}],"wp:featuredmedia":[{"embeddable":true,"href":"https:\/\/flexigolf.ca\/en\/wp-json\/wp\/v2\/media\/212665"}],"wp:attachment":[{"href":"https:\/\/flexigolf.ca\/en\/wp-json\/wp\/v2\/media?parent=212715"}],"wp:term":[{"taxonomy":"product_brand","embeddable":true,"href":"https:\/\/flexigolf.ca\/en\/wp-json\/wp\/v2\/product_brand?post=212715"},{"taxonomy":"product_cat","embeddable":true,"href":"https:\/\/flexigolf.ca\/en\/wp-json\/wp\/v2\/product_cat?post=212715"},{"taxonomy":"product_tag","embeddable":true,"href":"https:\/\/flexigolf.ca\/en\/wp-json\/wp\/v2\/product_tag?post=212715"}],"curies":[{"name":"wp","href":"https:\/\/api.w.org\/{rel}","templated":true}]}}