{"id":218352,"date":"2023-08-03T17:08:36","date_gmt":"2023-08-03T21:08:36","guid":{"rendered":"https:\/\/flexigolf.ca\/?post_type=product&#038;p=218352"},"modified":"2024-12-04T12:58:14","modified_gmt":"2024-12-04T17:58:14","slug":"club-de-golf-st-pamphile-4-joueurs-18-trous-avec-voiturette","status":"publish","type":"product","link":"https:\/\/flexigolf.ca\/en\/product\/club-de-golf-st-pamphile-4-joueurs-18-trous-avec-voiturette\/","title":{"rendered":"Club de golf St-Pamphile &#8211; 4 joueurs &#8211; 18 trous avec voiturette"},"content":{"rendered":"<h1>Club de golf St-Pamphile, Chaudi\u00e8re-Appalaches<\/h1>\n<h2>18 trous, normale 72<\/h2>\n<p>Le Club de golf St-Pamphile, un parcours de 18 trous aux magnifique design, aux grands verts de style championnat. Inaugur\u00e9 en 1989, ce parcours offre un d\u00e9fi de qualit\u00e9 aux golfeurs de tous les niveaux. D&#8217;une longueur de 6384 verges, il est accessible \u00e0 tous, mais rec\u00e8le de d\u00e9fis avec les nombreux lacs et la rivi\u00e8re qui traverse le parcours. La beaut\u00e9 des lieux accentue le plaisir d&#8217;y jouer. C&#8217;est une escapade de golf \u00e0 faire et d\u00e9couvrir cet \u00e9t\u00e9 certainement! Tous les golfeurs sont impressionn\u00e9 par la qualit\u00e9 du parcours et surtout l&#8217;accueil chaleureuse des gens.<\/p>\n","protected":false},"excerpt":{"rendered":"<p>Le Club de golf St-Pamphile est situ\u00e9 dans la r\u00e9gion de Chaudi\u00e8re-Appalaches. L&#8217;offre au Club de golf St-Pamphile inclus :<\/p>\n<ul>\n<li>4 joueurs ronde de 18 trous avec voiturette<\/li>\n<\/ul>\n<p>Utilisable en tout temps pour la saison 2024!<\/p>\n<h3>R\u00e9servation 7 jours \u00e0 l&#8217;avance possible.<\/h3>\n","protected":false},"featured_media":146208,"template":"","meta":{"_et_pb_use_builder":"","_et_pb_old_content":"","_et_gb_content_width":""},"product_brand":[],"product_cat":[3754],"product_tag":[2535],"class_list":{"0":"post-218352","1":"product","2":"type-product","3":"status-publish","4":"has-post-thumbnail","6":"product_cat-terminee","7":"product_tag-en-tout-temps","9":"first","10":"outofstock","11":"sale","12":"downloadable","13":"taxable","14":"shipping-taxable","15":"purchasable","16":"product-type-simple"},"_links":{"self":[{"href":"https:\/\/flexigolf.ca\/en\/wp-json\/wp\/v2\/product\/218352","targetHints":{"allow":["GET"]}}],"collection":[{"href":"https:\/\/flexigolf.ca\/en\/wp-json\/wp\/v2\/product"}],"about":[{"href":"https:\/\/flexigolf.ca\/en\/wp-json\/wp\/v2\/types\/product"}],"wp:featuredmedia":[{"embeddable":true,"href":"https:\/\/flexigolf.ca\/en\/wp-json\/wp\/v2\/media\/146208"}],"wp:attachment":[{"href":"https:\/\/flexigolf.ca\/en\/wp-json\/wp\/v2\/media?parent=218352"}],"wp:term":[{"taxonomy":"product_brand","embeddable":true,"href":"https:\/\/flexigolf.ca\/en\/wp-json\/wp\/v2\/product_brand?post=218352"},{"taxonomy":"product_cat","embeddable":true,"href":"https:\/\/flexigolf.ca\/en\/wp-json\/wp\/v2\/product_cat?post=218352"},{"taxonomy":"product_tag","embeddable":true,"href":"https:\/\/flexigolf.ca\/en\/wp-json\/wp\/v2\/product_tag?post=218352"}],"curies":[{"name":"wp","href":"https:\/\/api.w.org\/{rel}","templated":true}]}}