{"id":222573,"date":"2023-11-20T06:15:55","date_gmt":"2023-11-20T11:15:55","guid":{"rendered":"https:\/\/flexigolf.ca\/?post_type=product&#038;p=222573"},"modified":"2025-09-24T11:39:58","modified_gmt":"2025-09-24T15:39:58","slug":"club-de-golf-bois-francs-ou-plessisville-2-joueurs-voiturette-18-trous-en-tout-temps","status":"publish","type":"product","link":"https:\/\/flexigolf.ca\/en\/product\/club-de-golf-bois-francs-ou-plessisville-2-joueurs-voiturette-18-trous-en-tout-temps\/","title":{"rendered":"Club de golf Bois-Francs ou Plessisville &#8211; 2 joueurs &#8211; voiturette &#8211; 18 trous (en tout temps)"},"content":{"rendered":"<h1>Club de golf Bois-Francs et Plessisville<\/h1>\n<p>Deux beaux parcours de golf situ\u00e9 \u00e0 15 minutes l&#8217;un de l&#8217;autres dans la belle r\u00e9gion du centre-du-qu\u00e9bec!<\/p>\n<p>Au c\u0153ur des Bois-Francs, se niche un club de golf des plus saisissant. Fond\u00e9 en 1993, le terrain du club de golf Bois-Francs vous offre un design moderne et novateur qui ajoute \u00e0 l\u2019attrait naturel du lieu. En effet, les paysages changent d\u2019un trou \u00e0 l\u2019autre, ce qui saura satisfaire tous les types d\u2019amateurs de golf. Des lacs, des murets de pierre, des fosses de sable, des arbres, tous ces \u00e9l\u00e9ments sont strat\u00e9giquement bien dispos\u00e9s pour augmenter le plaisir du jeu.<\/p>\n","protected":false},"excerpt":{"rendered":"<p>Profitez de cette offre pour d\u00e9couvrir le Golf les Bois-Francs ou encore celui de Plessisville, avec cette offre vous avez le choix d&#8217;aller jouer sur un ou l&#8217;autre des parcours ! Deux excellents rapports qualit\u00e9-prix! C&#8217;est encore le tarif de l&#8217;ann\u00e9e 2023 jusqu&#8217;au 1 janvier, ne manquez pas votre chance!<\/p>\n<p>Cette offre inclus :<\/p>\n<ul>\n<li>2 droits de jeu ronde de 18 trous<\/li>\n<li>Avec voiturette<\/li>\n<\/ul>\n<p>Vous pouvez r\u00e9server votre temps de d\u00e9part 5 jours \u00e0 l&#8217;avance.<\/p>\n<p>Cette offre est utilisable<strong> en tout temps du lundi au dimanche j<\/strong>usqu&#8217;\u00e0 la fin de la saison 2024.<\/p>\n","protected":false},"featured_media":218398,"template":"","meta":{"_et_pb_use_builder":"","_et_pb_old_content":"","_et_gb_content_width":""},"product_brand":[],"product_cat":[3754],"product_tag":[2535],"class_list":{"0":"post-222573","1":"product","2":"type-product","3":"status-publish","4":"has-post-thumbnail","6":"product_cat-terminee","7":"product_tag-en-tout-temps","9":"first","10":"outofstock","11":"downloadable","12":"taxable","13":"shipping-taxable","14":"purchasable","15":"product-type-simple"},"_links":{"self":[{"href":"https:\/\/flexigolf.ca\/en\/wp-json\/wp\/v2\/product\/222573","targetHints":{"allow":["GET"]}}],"collection":[{"href":"https:\/\/flexigolf.ca\/en\/wp-json\/wp\/v2\/product"}],"about":[{"href":"https:\/\/flexigolf.ca\/en\/wp-json\/wp\/v2\/types\/product"}],"wp:featuredmedia":[{"embeddable":true,"href":"https:\/\/flexigolf.ca\/en\/wp-json\/wp\/v2\/media\/218398"}],"wp:attachment":[{"href":"https:\/\/flexigolf.ca\/en\/wp-json\/wp\/v2\/media?parent=222573"}],"wp:term":[{"taxonomy":"product_brand","embeddable":true,"href":"https:\/\/flexigolf.ca\/en\/wp-json\/wp\/v2\/product_brand?post=222573"},{"taxonomy":"product_cat","embeddable":true,"href":"https:\/\/flexigolf.ca\/en\/wp-json\/wp\/v2\/product_cat?post=222573"},{"taxonomy":"product_tag","embeddable":true,"href":"https:\/\/flexigolf.ca\/en\/wp-json\/wp\/v2\/product_tag?post=222573"}],"curies":[{"name":"wp","href":"https:\/\/api.w.org\/{rel}","templated":true}]}}