{"id":222583,"date":"2023-11-20T07:59:13","date_gmt":"2023-11-20T12:59:13","guid":{"rendered":"https:\/\/flexigolf.ca\/?post_type=product&#038;p=222583"},"modified":"2024-10-18T11:34:30","modified_gmt":"2024-10-18T15:34:30","slug":"2-joueurs-18-trous-avec-voiturette-club-de-golf-montmagny-en-tout-temps","status":"publish","type":"product","link":"https:\/\/flexigolf.ca\/en\/product\/2-joueurs-18-trous-avec-voiturette-club-de-golf-montmagny-en-tout-temps\/","title":{"rendered":"2 joueurs &#8211; 18 trous avec voiturette &#8211; Club de golf Montmagny &#8211; en tout temps"},"content":{"rendered":"<h2>&#x26f3; Club de golf Montmagny, Chaudi\u00e8re-Appalaches<\/h2>\n<h2>18 trous, normale 72<\/h2>\n<p>Le club de golf Montmagny vous offre un terrain mature et de qualit\u00e9! Vous serez charm\u00e9 par les magnifiques panoramas sur l&#8217;archipel de Montmagny ainsi que sur le majestueux fleuve Saint-Laurent, la biodiversit\u00e9 et la faune qui s&#8217;y trouve!<\/p>\n<p>Une partie de golf qui sera assur\u00e9ment r\u00e9ussie !\u00a0Fond\u00e9e en 1962, ce parcours de 18 trous \u00e0 normal 72, de 6366 verges offre un d\u00e9fi des plus int\u00e9ressants pour toutes les cat\u00e9gories de golfeurs, ce sera un coup de c\u0153ur cet \u00e9t\u00e9 pour tout amateur de golf!\u00a0 La pr\u00e9cision et parfois la distance seront des atouts vous permettant de r\u00e9aliser de belles performances.<\/p>\n<a href='https:\/\/flexigolf.ca\/categorie-produit\/club-de-golf\/club-de-golf-montmagny\/' class='small-button smallsilver'>Voir le profil du club<\/a>\n","protected":false},"excerpt":{"rendered":"<p><span style=\"font-weight: 400;\">Profitez de cette offre qui est encore au m\u00eame prix que 2023! Un parcours de golf aim\u00e9 de tous les golfeurs nomades. <\/span><\/p>\n<p><span style=\"font-weight: 400;\">Cette offre de duo de golfeurs au club de golf Montmagny inclus :\u00a0<\/span><\/p>\n<ul>\n<li><span style=\"font-weight: 400;\">\u00a0<\/span>2 joueurs en voiturette ronde de 18 trous<\/li>\n<\/ul>\n<p><span style=\"font-weight: 400;\">Utilisable en tout temps pour la saison 2024, <\/span><span style=\"font-weight: 400;\">SANS RESTRICTION<\/span><span style=\"font-weight: 400;\">!\u00a0<\/span><\/p>\n<p><span style=\"font-weight: 400;\">R\u00e9servation possible 4 jours \u00e0 l\u2019avance.\u00a0<\/span><\/p>\n<p><strong>!* Offre exclusive pour la p\u00e9riode des f\u00eates et la Saint-Valentin. Ne reviendra pas \u00e0 ce prix et sans condition.<\/strong><\/p>\n","protected":false},"featured_media":8390,"template":"","meta":{"_et_pb_use_builder":"","_et_pb_old_content":"","_et_gb_content_width":""},"product_brand":[],"product_cat":[3754],"product_tag":[3763],"class_list":{"0":"post-222583","1":"product","2":"type-product","3":"status-publish","4":"has-post-thumbnail","6":"product_cat-terminee","7":"product_tag-at-all-times-2","9":"first","10":"outofstock","11":"sale","12":"downloadable","13":"taxable","14":"shipping-taxable","15":"purchasable","16":"product-type-simple"},"_links":{"self":[{"href":"https:\/\/flexigolf.ca\/en\/wp-json\/wp\/v2\/product\/222583","targetHints":{"allow":["GET"]}}],"collection":[{"href":"https:\/\/flexigolf.ca\/en\/wp-json\/wp\/v2\/product"}],"about":[{"href":"https:\/\/flexigolf.ca\/en\/wp-json\/wp\/v2\/types\/product"}],"wp:featuredmedia":[{"embeddable":true,"href":"https:\/\/flexigolf.ca\/en\/wp-json\/wp\/v2\/media\/8390"}],"wp:attachment":[{"href":"https:\/\/flexigolf.ca\/en\/wp-json\/wp\/v2\/media?parent=222583"}],"wp:term":[{"taxonomy":"product_brand","embeddable":true,"href":"https:\/\/flexigolf.ca\/en\/wp-json\/wp\/v2\/product_brand?post=222583"},{"taxonomy":"product_cat","embeddable":true,"href":"https:\/\/flexigolf.ca\/en\/wp-json\/wp\/v2\/product_cat?post=222583"},{"taxonomy":"product_tag","embeddable":true,"href":"https:\/\/flexigolf.ca\/en\/wp-json\/wp\/v2\/product_tag?post=222583"}],"curies":[{"name":"wp","href":"https:\/\/api.w.org\/{rel}","templated":true}]}}