{"id":222599,"date":"2023-11-20T09:23:32","date_gmt":"2023-11-20T14:23:32","guid":{"rendered":"https:\/\/flexigolf.ca\/?post_type=product&#038;p=222599"},"modified":"2024-10-18T11:31:18","modified_gmt":"2024-10-18T15:31:18","slug":"club-de-golf-manitou-2-joueurs-18-trous-en-voiturette-en-tout-temps-2","status":"publish","type":"product","link":"https:\/\/flexigolf.ca\/en\/product\/club-de-golf-manitou-2-joueurs-18-trous-en-voiturette-en-tout-temps-2\/","title":{"rendered":"Club de golf Manitou &#8211; 2 joueurs &#8211; 18 trous en voiturette &#8211; en tout temps"},"content":{"rendered":"<h2>Club de golf Manitou, Laurentides,<\/h2>\n<h2>18 trous, normale 54<\/h2>\n<div class=\"clearfix et_pb_module et_pb_bg_layout_light et_pb_text_align_left et_pb_woo_text_0\">\n<p><span style=\"color: #000000;\">Au c\u0153ur des Laurentides se trouve le meilleur parcours de jeu court au Canada! Un parcours de 18 trous, avec des normales 4 et 3 pour une sortie de golf unique et remarquable! Un parcours dessin\u00e9 par l\u2019architecte de renomm\u00e9e mondiale, Darrell Huxham (Fontainebleau, Le Ma\u00eetre, La B\u00eate), chaque trou est inspir\u00e9 de parcours c\u00e9l\u00e8bres \u00e0 travers le monde tels Pinehurst, Augusta National et Turnberry en \u00c9cosse. Vous y trouverez un parcours de golf avec des conditions de jeu pour mettre votre jeu court au d\u00e9fi et surtout votre pr\u00e9cision! Le design du terrain est plus qu&#8217;int\u00e9ressant.<\/span><\/p>\n<p><span style=\"color: #000000;\">D\u00e9couvrez les autres offres du club de golf <a href='http:\/\/flexigolf.ca\/categorie-produit\/club-de-golf\/club-de-golf-manitou\/' class='small-button smallblue'>Voir les offres<\/a><\/span><\/p>\n<\/div>\n","protected":false},"excerpt":{"rendered":"<p><span style=\"font-weight: 400;\">Cette offre exclusive de duo de golfeurs au club de golf Manitou inclus :\u00a0<\/span><\/p>\n<ul>\n<li style=\"font-weight: 400;\" aria-level=\"1\"><span style=\"font-weight: 400;\">2 joueurs ronde de 18 trous avec voiturette motoris\u00e9e<\/span><\/li>\n<\/ul>\n<p><strong>Utilisable en tout temps pour la saison 2024.<\/strong><\/p>\n<p><span style=\"font-weight: 400;\">R\u00e9servation possible 7 jours \u00e0 l\u2019avance.\u00a0<\/span><\/p>\n","protected":false},"featured_media":186046,"template":"","meta":{"_et_pb_use_builder":"","_et_pb_old_content":"","_et_gb_content_width":""},"product_brand":[],"product_cat":[706,3754],"product_tag":[2535],"class_list":{"0":"post-222599","1":"product","2":"type-product","3":"status-publish","4":"has-post-thumbnail","6":"product_cat-non-classe","7":"product_cat-terminee","8":"product_tag-en-tout-temps","10":"first","11":"outofstock","12":"sale","13":"downloadable","14":"taxable","15":"shipping-taxable","16":"purchasable","17":"product-type-simple"},"_links":{"self":[{"href":"https:\/\/flexigolf.ca\/en\/wp-json\/wp\/v2\/product\/222599","targetHints":{"allow":["GET"]}}],"collection":[{"href":"https:\/\/flexigolf.ca\/en\/wp-json\/wp\/v2\/product"}],"about":[{"href":"https:\/\/flexigolf.ca\/en\/wp-json\/wp\/v2\/types\/product"}],"wp:featuredmedia":[{"embeddable":true,"href":"https:\/\/flexigolf.ca\/en\/wp-json\/wp\/v2\/media\/186046"}],"wp:attachment":[{"href":"https:\/\/flexigolf.ca\/en\/wp-json\/wp\/v2\/media?parent=222599"}],"wp:term":[{"taxonomy":"product_brand","embeddable":true,"href":"https:\/\/flexigolf.ca\/en\/wp-json\/wp\/v2\/product_brand?post=222599"},{"taxonomy":"product_cat","embeddable":true,"href":"https:\/\/flexigolf.ca\/en\/wp-json\/wp\/v2\/product_cat?post=222599"},{"taxonomy":"product_tag","embeddable":true,"href":"https:\/\/flexigolf.ca\/en\/wp-json\/wp\/v2\/product_tag?post=222599"}],"curies":[{"name":"wp","href":"https:\/\/api.w.org\/{rel}","templated":true}]}}