{"id":222636,"date":"2023-11-20T12:03:58","date_gmt":"2023-11-20T17:03:58","guid":{"rendered":"https:\/\/flexigolf.ca\/?post_type=product&#038;p=222636"},"modified":"2024-10-18T11:22:04","modified_gmt":"2024-10-18T15:22:04","slug":"club-de-golf-carling-lake-2-joueurs-avec-voiturette-lundi-au-jeudi-en-tout-temps-2","status":"publish","type":"product","link":"https:\/\/flexigolf.ca\/en\/product\/club-de-golf-carling-lake-2-joueurs-avec-voiturette-lundi-au-jeudi-en-tout-temps-2\/","title":{"rendered":"Club de golf Carling Lake &#8211; 2 joueurs avec voiturette (lundi au jeudi en tout temps)"},"content":{"rendered":"<h1>&#x26f3; Club de golf Carling Lake, Laurentides<\/h1>\n<h2>18 trous normale 72<\/h2>\n<p>Le Club de golf Carling Lake est votre destination golf en nature dans les Laurentides. Le terrain vous donne un d\u00e9fi plaisant et des plus agr\u00e9able \u00e0 jouer. La nature des Laurentides est accueillante et l&#8217;emplacement de ce club de golf n&#8217;en fait pas d\u00e9faut! Ce parcours est reconnu par la Revue Golf Digest comme l&#8217;un des plus beaux golfs publics au Canada!<\/p>\n<p>La beaut\u00e9 naturelle de la r\u00e9gion ajoute \u00e0 votre exp\u00e9rience de golf. Situ\u00e9 \u00e0 moins de 20 minutes de Lachute, cela en fait une destination de choix pour les golfeurs en recherche d&#8217;escapade de golf!<\/p>\n<a href='https:\/\/flexigolf.ca\/categorie-produit\/club-de-golf\/club-de-golf-carling-lake\/' class='small-button smallsilver'>Le profil du club<\/a>\n","protected":false},"excerpt":{"rendered":"<p>Le Golf du Lac Carling vous offre une superbe exp\u00e9rience golf en nature avec un parcours au design stimulant pour tous les golfeurs!<\/p>\n<p><strong>Cette offre exclusive FlexiGolf pour un duo de golfeurs au Golf Carling Lake inclus :<\/strong><\/p>\n<ul>\n<li style=\"font-weight: 400;\" aria-level=\"1\"><span style=\"font-weight: 400;\">2 rondes de 18 trous avec voiturette<\/span><\/li>\n<\/ul>\n<p><span style=\"font-weight: 400;\">Utilisable en tout temps du lundi au jeudi except\u00e9 les journ\u00e9es f\u00e9ri\u00e9es. Le golfeur peut r\u00e9server son d\u00e9part jusqu\u2019\u00e0 7 jours d\u2019avance.<\/span><\/p>\n","protected":false},"featured_media":186074,"template":"","meta":{"_et_pb_use_builder":"","_et_pb_old_content":"","_et_gb_content_width":""},"product_brand":[],"product_cat":[706],"product_tag":[3530],"class_list":{"0":"post-222636","1":"product","2":"type-product","3":"status-publish","4":"has-post-thumbnail","6":"product_cat-non-classe","7":"product_tag-en-tout-temps-lundi-au-jeudi","9":"first","10":"outofstock","11":"sale","12":"downloadable","13":"taxable","14":"shipping-taxable","15":"purchasable","16":"product-type-simple"},"_links":{"self":[{"href":"https:\/\/flexigolf.ca\/en\/wp-json\/wp\/v2\/product\/222636","targetHints":{"allow":["GET"]}}],"collection":[{"href":"https:\/\/flexigolf.ca\/en\/wp-json\/wp\/v2\/product"}],"about":[{"href":"https:\/\/flexigolf.ca\/en\/wp-json\/wp\/v2\/types\/product"}],"wp:featuredmedia":[{"embeddable":true,"href":"https:\/\/flexigolf.ca\/en\/wp-json\/wp\/v2\/media\/186074"}],"wp:attachment":[{"href":"https:\/\/flexigolf.ca\/en\/wp-json\/wp\/v2\/media?parent=222636"}],"wp:term":[{"taxonomy":"product_brand","embeddable":true,"href":"https:\/\/flexigolf.ca\/en\/wp-json\/wp\/v2\/product_brand?post=222636"},{"taxonomy":"product_cat","embeddable":true,"href":"https:\/\/flexigolf.ca\/en\/wp-json\/wp\/v2\/product_cat?post=222636"},{"taxonomy":"product_tag","embeddable":true,"href":"https:\/\/flexigolf.ca\/en\/wp-json\/wp\/v2\/product_tag?post=222636"}],"curies":[{"name":"wp","href":"https:\/\/api.w.org\/{rel}","templated":true}]}}