{"id":222657,"date":"2023-11-20T13:36:00","date_gmt":"2023-11-20T18:36:00","guid":{"rendered":"https:\/\/flexigolf.ca\/?post_type=product&#038;p=222657"},"modified":"2024-05-01T07:24:01","modified_gmt":"2024-05-01T11:24:01","slug":"club-de-golf-thetford-2-joueurs-18-trous-et-voiturette-en-tout-temps-2","status":"publish","type":"product","link":"https:\/\/flexigolf.ca\/en\/product\/club-de-golf-thetford-2-joueurs-18-trous-et-voiturette-en-tout-temps-2\/","title":{"rendered":"Club de golf Thetford &#8211; 2 joueurs &#8211; 18 trous et voiturette (en tout temps)"},"content":{"rendered":"<h1>Club de golf &amp; Curling Thetford, Chaudi\u00e8re-Appalaches<\/h1>\n<h2>18 trous, normale 72<\/h2>\n<p>Le Club de Golf et Curling Thetford est un centre multisports 4 saisons, qui offre un magnifique parcours de golf de 18 trous, deux all\u00e9es de curling r\u00e9put\u00e9es, 30 km de sentiers de ski de fond, 23 km de sentiers de raquette, un simulateur de golf int\u00e9rieur et une magnifique salle de r\u00e9ception accompagn\u00e9e d\u2019un bar moderne. Situ\u00e9 au c\u0153ur du centre-ville de Thetford et \u00e0 environ une heure de route des grands centres, accueille depuis 1921, les amateurs de sports de partout au Qu\u00e9bec.<\/p>\n","protected":false},"excerpt":{"rendered":"<p><span style=\"font-weight: 400;\">D\u00e9couvrez un club de golf centenaire de la r\u00e9gion Chaudi\u00e8re-Appalaches dans la ville de Thetford.<\/span><\/p>\n<p><span style=\"font-weight: 400;\">Cette offre exclusive pour un duo de golfeurs inclus :\u00a0<\/span><\/p>\n<ul>\n<li style=\"font-weight: 400;\" aria-level=\"1\"><span style=\"font-weight: 400;\">2 joueurs ronde de 18 trous avec voiturette<\/span><\/li>\n<\/ul>\n<p><span style=\"font-weight: 400;\"><strong>Cette offre est utilisable en tout temps pour la saison 2024 et ce, sans restriction<\/strong>. Vous pouvez r\u00e9server votre d\u00e9part jusqu\u2019\u00e0 5 jours \u00e0 l\u2019avance.\u00a0<\/span><\/p>\n<p><em>EN LIGNE JUSQU&#8217;\u00c0 LA FIN AVRIL SEULEMENT!<\/em><\/p>\n","protected":false},"featured_media":222658,"template":"","meta":{"_et_pb_use_builder":"","_et_pb_old_content":"","_et_gb_content_width":""},"product_brand":[],"product_cat":[3912],"product_tag":[3785],"class_list":{"0":"post-222657","1":"product","2":"type-product","3":"status-publish","4":"has-post-thumbnail","6":"product_cat-completed","7":"product_tag-at-all-times-en","9":"first","10":"outofstock","11":"sale","12":"downloadable","13":"taxable","14":"shipping-taxable","15":"purchasable","16":"product-type-simple"},"_links":{"self":[{"href":"https:\/\/flexigolf.ca\/en\/wp-json\/wp\/v2\/product\/222657","targetHints":{"allow":["GET"]}}],"collection":[{"href":"https:\/\/flexigolf.ca\/en\/wp-json\/wp\/v2\/product"}],"about":[{"href":"https:\/\/flexigolf.ca\/en\/wp-json\/wp\/v2\/types\/product"}],"wp:featuredmedia":[{"embeddable":true,"href":"https:\/\/flexigolf.ca\/en\/wp-json\/wp\/v2\/media\/222658"}],"wp:attachment":[{"href":"https:\/\/flexigolf.ca\/en\/wp-json\/wp\/v2\/media?parent=222657"}],"wp:term":[{"taxonomy":"product_brand","embeddable":true,"href":"https:\/\/flexigolf.ca\/en\/wp-json\/wp\/v2\/product_brand?post=222657"},{"taxonomy":"product_cat","embeddable":true,"href":"https:\/\/flexigolf.ca\/en\/wp-json\/wp\/v2\/product_cat?post=222657"},{"taxonomy":"product_tag","embeddable":true,"href":"https:\/\/flexigolf.ca\/en\/wp-json\/wp\/v2\/product_tag?post=222657"}],"curies":[{"name":"wp","href":"https:\/\/api.w.org\/{rel}","templated":true}]}}