{"id":222729,"date":"2023-11-20T15:35:08","date_gmt":"2023-11-20T20:35:08","guid":{"rendered":"https:\/\/flexigolf.ca\/?post_type=product&#038;p=222729"},"modified":"2024-11-04T12:25:13","modified_gmt":"2024-11-04T17:25:13","slug":"club-de-golf-mont-ste-anne-18-trous-en-voiturette-lundi-au-vendredi","status":"publish","type":"product","link":"https:\/\/flexigolf.ca\/en\/product\/club-de-golf-mont-ste-anne-18-trous-en-voiturette-lundi-au-vendredi\/","title":{"rendered":"Club de golf Mont-Ste-Anne (Saint-Ferr\u00e9ol) &#8211; 18 trous en voiturette &#8211; lundi au jeudi apr\u00e8s 12h00"},"content":{"rendered":"<h1>Club de golf Mont Ste-Anne, capitale-nationale<\/h1>\n<h2>18 trous, normale 72<\/h2>\n<p><strong>Id\u00e9alement situ\u00e9 \u00e0 25 minutes du centre-ville de Qu\u00e9bec, le club de golf Mont Ste-Anne, ancienement \u00a0nomm\u00e9 le golf St-Ferr\u00e9ol, est une superbe destination golf \u00e0 visiter! D\u2019une longueur de 6400 verges, le parcours offre une belle qualit\u00e9 de terrain \u00e0 tous les golfeurs.<br \/>\n<\/strong><\/p>\n<p>La tranquillit\u00e9 du site, la beaut\u00e9 des paysages et les vues magnifiques sur le Mont Saint-Anne donne un cachet ind\u00e9niable au parcours. On peut \u00e9galement appercevoir le fleuve a quelques reprises, le temps de s\u2019\u00e9merveiller.<\/p>\n<p>Le club de golf a l\u2019un des plus grand champ de pratique sur gazon naturel \u00e0 Qu\u00e9bec.<\/p>\n<p>Un parcours de golf \u00e0 mettre sur votre liste de d\u00e9couverte!<\/p>\n","protected":false},"excerpt":{"rendered":"<p>D\u00e9couvrez le club de golf Mont-Ste-Anne (anciennement le club de golf St-Ferr\u00e9ol). Un parcours de 18 trous qui vous offre un d\u00e9fi unique avec de magnifiques vues.<\/p>\n<p>Cette offre inclus :<\/p>\n<ul>\n<li>1 joueur en voiturette ronde de 18 trous<\/li>\n<\/ul>\n<p><strong>Utilisable en tout temps pour la saison 2024 lundi au jeudi apr\u00e8s 12h00.\u00a0<\/strong><\/p>\n<p>Vous pouvez r\u00e9server vos d\u00e9parts 5 jours \u00e0 l&#8217;avance.<\/p>\n","protected":false},"featured_media":211902,"template":"","meta":{"_et_pb_use_builder":"","_et_pb_old_content":"","_et_gb_content_width":""},"product_brand":[],"product_cat":[706],"product_tag":[3029],"class_list":{"0":"post-222729","1":"product","2":"type-product","3":"status-publish","4":"has-post-thumbnail","6":"product_cat-non-classe","7":"product_tag-lundi-au-jeudi","9":"first","10":"outofstock","11":"sale","12":"downloadable","13":"taxable","14":"shipping-taxable","15":"purchasable","16":"product-type-simple"},"_links":{"self":[{"href":"https:\/\/flexigolf.ca\/en\/wp-json\/wp\/v2\/product\/222729","targetHints":{"allow":["GET"]}}],"collection":[{"href":"https:\/\/flexigolf.ca\/en\/wp-json\/wp\/v2\/product"}],"about":[{"href":"https:\/\/flexigolf.ca\/en\/wp-json\/wp\/v2\/types\/product"}],"wp:featuredmedia":[{"embeddable":true,"href":"https:\/\/flexigolf.ca\/en\/wp-json\/wp\/v2\/media\/211902"}],"wp:attachment":[{"href":"https:\/\/flexigolf.ca\/en\/wp-json\/wp\/v2\/media?parent=222729"}],"wp:term":[{"taxonomy":"product_brand","embeddable":true,"href":"https:\/\/flexigolf.ca\/en\/wp-json\/wp\/v2\/product_brand?post=222729"},{"taxonomy":"product_cat","embeddable":true,"href":"https:\/\/flexigolf.ca\/en\/wp-json\/wp\/v2\/product_cat?post=222729"},{"taxonomy":"product_tag","embeddable":true,"href":"https:\/\/flexigolf.ca\/en\/wp-json\/wp\/v2\/product_tag?post=222729"}],"curies":[{"name":"wp","href":"https:\/\/api.w.org\/{rel}","templated":true}]}}