{"id":223066,"date":"2023-11-22T08:02:49","date_gmt":"2023-11-22T13:02:49","guid":{"rendered":"https:\/\/flexigolf.ca\/?post_type=product&#038;p=223066"},"modified":"2024-10-18T11:05:00","modified_gmt":"2024-10-18T15:05:00","slug":"golf-fraser-edmundston-golf-et-nuitee-deux-hotels-au-choix","status":"publish","type":"product","link":"https:\/\/flexigolf.ca\/en\/product\/golf-fraser-edmundston-golf-et-nuitee-deux-hotels-au-choix\/","title":{"rendered":"Golf Fraser Edmundston &#8211; Golf et nuit\u00e9e (deux hotels au choix)"},"content":{"rendered":"<h1>Club de golf Fraser Edmundston, Nouveau Brunswick<\/h1>\n<h3>18 trous, normale 72<\/h3>\n<p>Vous commencerez votre escapade de golf dans l\u2019Atlantique avec un terrain de golf hautement reconnu car sa richesse en for\u00eat et ses arbres matures vous charmeront instantan\u00e9ment. Fond\u00e9 en 1926 et con\u00e7u par Albert Murray de Nottingham, Angleterre en 1947, le parcours de golf Fraser Edmundston vous donnera l\u2019impression d\u2019\u00eatre isol\u00e9 par un encadrement des plus pittoresque et ses contours de terrain. Vous serez mis au d\u00e9fi par des greens sur\u00e9lev\u00e9s d\u00e9licats, des verts inclin\u00e9s, des changements de pente spectaculaires et des all\u00e9es attrayantes. Chaque trou a un look distinctif et un d\u00e9fi toujours pr\u00e9sent o\u00f9 vous longerez la rivi\u00e8re Madawaska, traverserez des ruisseaux et admirerez le calme de l\u2019\u00e9tang.<\/p>\n<p>Le Fraser Edmundston Golf Club a re\u00e7u un prix de jeu recommand\u00e9 de \u00ab Golf in Canada \u00bb pour \u00ab qualit\u00e9, vari\u00e9t\u00e9 et, surtout, plaisir. Toutes les choses que le golf au Canada recherche dans un grand terrain de golf. Golf Digest lui a attribu\u00e9 une note de quatre \u00e9toiles et l\u2019a inclus dans sa liste des meilleurs endroits o\u00f9 jouer. Alors que vous planifiez votre itin\u00e9raire sup\u00e9rieur dans les provinces de l\u2019Atlantique, votre premier jeu et votre premier s\u00e9jour est Edmundston!<\/p>\n<p>D\u00e9couvrez les autres offres du club <a href='https:\/\/flexigolf.ca\/categorie-produit\/canada\/nouveau-brunswick\/club-de-golf-fraser-edmundston\/' class='small-button smallsilver'>Voir le profil<\/a><\/p>\n","protected":false},"excerpt":{"rendered":"<p>Ce forfait comprend :<\/p>\n<ul>\n<li>Ronde de golf pour 2 personnes au Club de golf Fraser Edmundston<\/li>\n<li>1 nuit\u00e9e pour 2 personnes \u00e0 l&#8217;h\u00f4tel Best Western ou le Four Points Sheraton*<\/li>\n<\/ul>\n<p>*N&#8217;inclut pas la taxe d&#8217;h\u00e9bergement<\/p>\n<table class=\"entry-details-table \" cellspacing=\"0\">\n<tbody>\n<tr>\n<td class=\"entry-view-field-value\" colspan=\"2\">3 tournois majeurs durant la saison, les forfaits ne s&#8217;appliquent pas durant les dates suivantes : 7 et 14 juin et 6 septembre 2024<\/td>\n<\/tr>\n<\/tbody>\n<\/table>\n","protected":false},"featured_media":186118,"template":"","meta":{"_et_pb_use_builder":"","_et_pb_old_content":"","_et_gb_content_width":""},"product_brand":[],"product_cat":[706],"product_tag":[],"class_list":{"0":"post-223066","1":"product","2":"type-product","3":"status-publish","4":"has-post-thumbnail","6":"product_cat-non-classe","8":"first","9":"outofstock","10":"sale","11":"taxable","12":"shipping-taxable","13":"purchasable","14":"product-type-simple"},"_links":{"self":[{"href":"https:\/\/flexigolf.ca\/en\/wp-json\/wp\/v2\/product\/223066","targetHints":{"allow":["GET"]}}],"collection":[{"href":"https:\/\/flexigolf.ca\/en\/wp-json\/wp\/v2\/product"}],"about":[{"href":"https:\/\/flexigolf.ca\/en\/wp-json\/wp\/v2\/types\/product"}],"wp:featuredmedia":[{"embeddable":true,"href":"https:\/\/flexigolf.ca\/en\/wp-json\/wp\/v2\/media\/186118"}],"wp:attachment":[{"href":"https:\/\/flexigolf.ca\/en\/wp-json\/wp\/v2\/media?parent=223066"}],"wp:term":[{"taxonomy":"product_brand","embeddable":true,"href":"https:\/\/flexigolf.ca\/en\/wp-json\/wp\/v2\/product_brand?post=223066"},{"taxonomy":"product_cat","embeddable":true,"href":"https:\/\/flexigolf.ca\/en\/wp-json\/wp\/v2\/product_cat?post=223066"},{"taxonomy":"product_tag","embeddable":true,"href":"https:\/\/flexigolf.ca\/en\/wp-json\/wp\/v2\/product_tag?post=223066"}],"curies":[{"name":"wp","href":"https:\/\/api.w.org\/{rel}","templated":true}]}}