{"id":223840,"date":"2023-11-28T16:28:37","date_gmt":"2023-11-28T21:28:37","guid":{"rendered":"https:\/\/flexigolf.ca\/?post_type=product&#038;p=223840"},"modified":"2024-04-22T12:17:01","modified_gmt":"2024-04-22T16:17:01","slug":"golf-le-rocher-de-roxton-pond-2-joueurs-18-trous-pied-apres-11h","status":"publish","type":"product","link":"https:\/\/flexigolf.ca\/en\/product\/golf-le-rocher-de-roxton-pond-2-joueurs-18-trous-pied-apres-11h\/","title":{"rendered":"Golf le Rocher de Roxton Pond &#8211; 2 joueurs &#8211; 18 trous -pied (apr\u00e8s 11h)"},"content":{"rendered":"<h1>Golf le Rocher de Roxton Pond,<\/h1>\n<h1>18 trous, Mont\u00e9r\u00e9gie &#x26f3;<\/h1>\n<p>Le parcours du Golf le Rocher vous offre une joute qui fera travailler votre strat\u00e9gie tout en vous offrant le plaisir de jouer en pleine nature! D\u00e9fiez les plans d\u2019eau et les fosses de sable et pratiquez vos habilit\u00e9s sur les superbes verts du Golf le Rocher de Roxton Pond. Le tout bord\u00e9 de magnifiques bois\u00e9s entretenus avec le plus grand soin.<\/p>\n<p>Profitez de cette promotion \u00e0 un prix incroyable pour un duo de golfeurs avec voiturette, champ de pratique, bi\u00e8res et hot-dog! Un parcours de 18 trous de qualit\u00e9 en pleine nature vous attends! Vous serez convaincu d&#8217;y retourner \ud83d\ude09<\/p>\n<p>Pour d\u00e9couvrir le club et ses autres offres : <a href='http:\/\/flexigolf.ca\/categorie-produit\/club-de-golf\/le-rocher-de-roxton-pond\/' class='small-button smallsilver'>D\u00e9couvrir le club<\/a><\/p>\n","protected":false},"excerpt":{"rendered":"<p><span style=\"font-weight: 400;\">Reconnu pour sa qualit\u00e9 de terrain et son accessibilit\u00e9, Le Golf Roxton Pond vous attends cet \u00e9t\u00e9!<\/span><\/p>\n<p><span style=\"font-weight: 400;\">L&#8217;offre inclus :<\/span><\/p>\n<ul>\n<li aria-level=\"1\">Duo de golfeur 18 trous \u00e0 pied<\/li>\n<li aria-level=\"1\">2 pour 1 sur un f\u00fbt 12 oz apr\u00e8s la partie<\/li>\n<\/ul>\n<p><b>Utilisable en tout temps du lundi au dimanche apr\u00e8s 11h pour la saison 2024.\u00a0<\/b><\/p>\n<p><em><span style=\"font-weight: 400;\">Vous pouvez r\u00e9server votre d\u00e9part 14 jours \u00e0 l\u2019avance.* nouveaut\u00e9<\/span><\/em><\/p>\n","protected":false},"featured_media":12812,"template":"","meta":{"_et_pb_use_builder":"","_et_pb_old_content":"","_et_gb_content_width":""},"product_brand":[],"product_cat":[3754],"product_tag":[3870],"class_list":{"0":"post-223840","1":"product","2":"type-product","3":"status-publish","4":"has-post-thumbnail","6":"product_cat-terminee","7":"product_tag-en-tout-temps-apres-11h","9":"first","10":"outofstock","11":"sale","12":"downloadable","13":"taxable","14":"shipping-taxable","15":"purchasable","16":"product-type-simple"},"_links":{"self":[{"href":"https:\/\/flexigolf.ca\/en\/wp-json\/wp\/v2\/product\/223840","targetHints":{"allow":["GET"]}}],"collection":[{"href":"https:\/\/flexigolf.ca\/en\/wp-json\/wp\/v2\/product"}],"about":[{"href":"https:\/\/flexigolf.ca\/en\/wp-json\/wp\/v2\/types\/product"}],"wp:featuredmedia":[{"embeddable":true,"href":"https:\/\/flexigolf.ca\/en\/wp-json\/wp\/v2\/media\/12812"}],"wp:attachment":[{"href":"https:\/\/flexigolf.ca\/en\/wp-json\/wp\/v2\/media?parent=223840"}],"wp:term":[{"taxonomy":"product_brand","embeddable":true,"href":"https:\/\/flexigolf.ca\/en\/wp-json\/wp\/v2\/product_brand?post=223840"},{"taxonomy":"product_cat","embeddable":true,"href":"https:\/\/flexigolf.ca\/en\/wp-json\/wp\/v2\/product_cat?post=223840"},{"taxonomy":"product_tag","embeddable":true,"href":"https:\/\/flexigolf.ca\/en\/wp-json\/wp\/v2\/product_tag?post=223840"}],"curies":[{"name":"wp","href":"https:\/\/api.w.org\/{rel}","templated":true}]}}