{"id":225009,"date":"2023-12-13T12:49:00","date_gmt":"2023-12-13T17:49:00","guid":{"rendered":"https:\/\/flexigolf.ca\/?post_type=product&#038;p=225009"},"modified":"2024-05-01T07:12:23","modified_gmt":"2024-05-01T11:12:23","slug":"club-de-golf-acton-vale-2-joueurs-18-trous-a-pied-apres-12h-semaine","status":"publish","type":"product","link":"https:\/\/flexigolf.ca\/en\/product\/club-de-golf-acton-vale-2-joueurs-18-trous-a-pied-apres-12h-semaine\/","title":{"rendered":"Club de golf Acton Vale &#8211; 2 joueurs &#8211; 18 trous &#8211; \u00e0 pied (apr\u00e8s 12h &#8211; semaine)"},"content":{"rendered":"<h1>Club de golf Acton Vale<\/h1>\n<h2>27 trous, Mont\u00e9r\u00e9gie<\/h2>\n<p>Situ\u00e9 en Mont\u00e9r\u00e9gie, \u00e0 la sortie ouest d\u2019Acton Vale, \u00e0 une dizaine de kilom\u00e8tres \u00e0 vol d\u2019oiseau de l\u2019autoroute 20, le Club de golf Acton Vale vous offre 3 parcours diversifi\u00e9s de 9 trous (le Renne, le Valois et le Bois\u00e9), salles de r\u00e9ception, un resto-bar et\u2026 beaucoup de plaisir!<\/p>\n<p>Fond\u00e9 en 1962, le Club de golf Acton Vale n\u2019avait au d\u00e9part que 3 trous de disponibles; aujourd\u2019hui il en compte 27. On y retrouve une \u00e9tonnante vari\u00e9t\u00e9 de trous capable de satisfaire tous les types de golfeurs. En fait, la disponibilit\u00e9 de trois 9 trous sur le m\u00eame site permet au golfeur de choisir sa propre s\u00e9quence selon ses go\u00fbts et ses aptitudes. Le parcours est sillonn\u00e9 d\u2019une rivi\u00e8re, de lacs et de ruisseaux, en somme, d\u2019obstacles naturels qui rendent le jeu on ne peut plus palpitant.<\/p>\n<p>Choisissez le Club de golf Acton Vale pour votre prochain tournoi et offrez \u00e0 vos invit\u00e9s le privil\u00e8ge de jouer sur l\u2019un des plus beaux parcours du Qu\u00e9bec. Avec des investissements de 2 millions depuis 4 ans, le club peut maintenant accueillir 276 personnes en tournoi et plus de 450 convives pour un banquet. Quant au resto, on y compte \u00e0 pr\u00e9sent une centaine de places. Le personnel du club r\u00e9pondra et m\u00eame surpassera vos attentes. Avec une \u00e9quipe des plus dynamiques et sympathiques, soyez assur\u00e9s que votre passage au Club de golf Acton Vale sera des plus agr\u00e9ables.<\/p>\n","protected":false},"excerpt":{"rendered":"<p>Cette offre au club de golf Acton Vale inclus :<\/p>\n<ul>\n<li>2 joueurs ronde de 18 trous \u00e0 pied<\/li>\n<\/ul>\n<p>Utilisable en tout temps pour la saison 2024, apr\u00e8s 12h00 lundi au vendredi.<\/p>\n<p>Vous pouvez r\u00e9server votre d\u00e9part 5 jours \u00e0 l&#8217;avance.<\/p>\n","protected":false},"featured_media":222739,"template":"","meta":{"_et_pb_use_builder":"","_et_pb_old_content":"","_et_gb_content_width":""},"product_brand":[],"product_cat":[3699,3912],"product_tag":[3920],"class_list":{"0":"post-225009","1":"product","2":"type-product","3":"status-publish","4":"has-post-thumbnail","6":"product_cat-18-holes","7":"product_cat-completed","8":"product_tag-weekdays-after-12-noon","10":"first","11":"outofstock","12":"downloadable","13":"taxable","14":"shipping-taxable","15":"purchasable","16":"product-type-simple"},"_links":{"self":[{"href":"https:\/\/flexigolf.ca\/en\/wp-json\/wp\/v2\/product\/225009","targetHints":{"allow":["GET"]}}],"collection":[{"href":"https:\/\/flexigolf.ca\/en\/wp-json\/wp\/v2\/product"}],"about":[{"href":"https:\/\/flexigolf.ca\/en\/wp-json\/wp\/v2\/types\/product"}],"wp:featuredmedia":[{"embeddable":true,"href":"https:\/\/flexigolf.ca\/en\/wp-json\/wp\/v2\/media\/222739"}],"wp:attachment":[{"href":"https:\/\/flexigolf.ca\/en\/wp-json\/wp\/v2\/media?parent=225009"}],"wp:term":[{"taxonomy":"product_brand","embeddable":true,"href":"https:\/\/flexigolf.ca\/en\/wp-json\/wp\/v2\/product_brand?post=225009"},{"taxonomy":"product_cat","embeddable":true,"href":"https:\/\/flexigolf.ca\/en\/wp-json\/wp\/v2\/product_cat?post=225009"},{"taxonomy":"product_tag","embeddable":true,"href":"https:\/\/flexigolf.ca\/en\/wp-json\/wp\/v2\/product_tag?post=225009"}],"curies":[{"name":"wp","href":"https:\/\/api.w.org\/{rel}","templated":true}]}}