{"id":227568,"date":"2024-01-22T14:24:50","date_gmt":"2024-01-22T19:24:50","guid":{"rendered":"https:\/\/flexigolf.ca\/?post_type=product&#038;p=227568"},"modified":"2024-05-01T07:10:53","modified_gmt":"2024-05-01T11:10:53","slug":"club-de-golf-dufferin-heights-2-joueurs-18-trous-et-voiturette-avec-credit-restauration-en-tout-temps","status":"publish","type":"product","link":"https:\/\/flexigolf.ca\/en\/product\/club-de-golf-dufferin-heights-2-joueurs-18-trous-et-voiturette-avec-credit-restauration-en-tout-temps\/","title":{"rendered":"Club de golf Dufferin Heights &#8211; 2 joueurs, 18 trous et voiturette avec cr\u00e9dit restauration &#8211; en tout temps"},"content":{"rendered":"<h1>Club de golf Dufferin Heights, 18 trous, Estrie<\/h1>\n<p>Profitez de cette promotion au Club de golf Dufferin Heights un parcours de 18 trous situ\u00e9 dans un endroit enchanteur de l&#8217;Estrie. C&#8217;est un parcours de golf qui vous offre un d\u00e9fi golfique \u00e0 la hauteur de vos attentes dans un magnifique panorama!\u00a0 Tous les trous vous offres un d\u00e9fi unique et int\u00e9ressant!<\/p>\n<p>\u00c0 chaque visite, nous sommes toujours abasourdis par la magnifique vue \u00e0 l&#8217;arriv\u00e9e au chalet et notamment au d\u00e9part du 10e trou. Le club de golf Dufferin Heights, c&#8217;est d\u00e9finitivement un joyau de l\u2019Estrie. Qualit\u00e9, design, nature et panorama sont au rendez-vous. Tout golfeur sera charm\u00e9 par la beaut\u00e9 des paysages environnants!<\/p>\n<p>D\u00e9couvrez le profil du club <a href='https:\/\/flexigolf.ca\/categorie-produit\/club-de-golf\/club-golf-dufferin-heights\/' class='small-button smallsilver'>Voir le profil du club<\/a><\/p>\n","protected":false},"excerpt":{"rendered":"<p><span style=\"font-weight: 400;\">D\u00e9couvrez ce superbe club de golf de la r\u00e9gion de l&#8217;Estrie avec de magnifiques panoramas! <\/span><\/p>\n<p><span style=\"font-weight: 400;\">Votre offre inclus :<\/span><\/p>\n<ul>\n<li style=\"font-weight: 400;\" aria-level=\"1\"><span style=\"font-weight: 400;\">\u00a02 joueurs en voiturette ronde de 18 trous<\/span><\/li>\n<li aria-level=\"1\">25$ (taxes incluses) de cr\u00e9dit de restauration<\/li>\n<\/ul>\n<p><span style=\"font-weight: 400;\">Vous pouvez utiliser cette offre en tout temps sans restriction d&#8217;heure. <\/span><\/p>\n<p><span style=\"font-weight: 400;\">Vous pouvez r\u00e9server jusqu\u2019\u00e0 6 jours d\u2019avance.\u00a0<\/span><\/p>\n","protected":false},"featured_media":88795,"template":"","meta":{"_et_pb_use_builder":"","_et_pb_old_content":"","_et_gb_content_width":""},"product_brand":[],"product_cat":[3754],"product_tag":[2535],"class_list":{"0":"post-227568","1":"product","2":"type-product","3":"status-publish","4":"has-post-thumbnail","6":"product_cat-terminee","7":"product_tag-en-tout-temps","9":"first","10":"outofstock","11":"downloadable","12":"taxable","13":"shipping-taxable","14":"purchasable","15":"product-type-simple"},"_links":{"self":[{"href":"https:\/\/flexigolf.ca\/en\/wp-json\/wp\/v2\/product\/227568","targetHints":{"allow":["GET"]}}],"collection":[{"href":"https:\/\/flexigolf.ca\/en\/wp-json\/wp\/v2\/product"}],"about":[{"href":"https:\/\/flexigolf.ca\/en\/wp-json\/wp\/v2\/types\/product"}],"wp:featuredmedia":[{"embeddable":true,"href":"https:\/\/flexigolf.ca\/en\/wp-json\/wp\/v2\/media\/88795"}],"wp:attachment":[{"href":"https:\/\/flexigolf.ca\/en\/wp-json\/wp\/v2\/media?parent=227568"}],"wp:term":[{"taxonomy":"product_brand","embeddable":true,"href":"https:\/\/flexigolf.ca\/en\/wp-json\/wp\/v2\/product_brand?post=227568"},{"taxonomy":"product_cat","embeddable":true,"href":"https:\/\/flexigolf.ca\/en\/wp-json\/wp\/v2\/product_cat?post=227568"},{"taxonomy":"product_tag","embeddable":true,"href":"https:\/\/flexigolf.ca\/en\/wp-json\/wp\/v2\/product_tag?post=227568"}],"curies":[{"name":"wp","href":"https:\/\/api.w.org\/{rel}","templated":true}]}}