{"id":227571,"date":"2024-01-22T15:15:11","date_gmt":"2024-01-22T20:15:11","guid":{"rendered":"https:\/\/flexigolf.ca\/?post_type=product&#038;p=227571"},"modified":"2024-03-27T15:55:26","modified_gmt":"2024-03-27T19:55:26","slug":"club-de-golf-milby-2-joueurs-en-voiturette-en-tout-temps","status":"publish","type":"product","link":"https:\/\/flexigolf.ca\/en\/product\/club-de-golf-milby-2-joueurs-en-voiturette-en-tout-temps\/","title":{"rendered":"Club de golf Milby &#8211; 2 joueurs &#8211; en voiturette &#8211; en tout temps"},"content":{"rendered":"<h1>Club de golf Milby, Estrie<\/h1>\n<h2>18 trous<\/h2>\n<div>\n<div>D\u00e9couvrez l\u2019un des plus beaux parcours de golf en Estrie, le club de golf Milby. Con\u00e7u par le r\u00e9put\u00e9 architecte Howard Watson et inaugur\u00e9 en 1964, le Club de golf Milby a, au fil des ans, fait sa marque pour ses grands verts ondul\u00e9s, la qualit\u00e9 de son terrain et la particularit\u00e9 de son pavillon. Plusieurs revues sp\u00e9cialis\u00e9es l\u2019ont maintes fois prim\u00e9 l\u2019un des meilleurs parcours semi-priv\u00e9 du Qu\u00e9bec.&#8221;<\/div>\n<div>\n<div>\n<div><\/div>\n<\/div>\n<div>Le Club a d\u2019ailleurs \u00e9t\u00e9 l\u2019h\u00f4te de nombreux tournois prestigieux, dont le championnat national NEXTGEN en 2023, le championnat amateur s\u00e9nior du Qu\u00e9bec en 2021, les Jeux du Canada en 2013, etc. Ses membres sont d\u2019ailleurs fiers d\u2019encourager la rel\u00e8ve du golf, en acceptant d\u2019accueillir plusieurs comp\u00e9titions tant aux niveaux universitaire que secondaire et de proposer des camps pour les juniors.<\/div>\n<\/div>\n<\/div>\n","protected":false},"excerpt":{"rendered":"<p><span style=\"font-weight: 400;\">Prenez le temps de d\u00e9couvrir ce bijou de parcours de l&#8217;Estrie.\u00a0<\/span><\/p>\n<p>Profitez de cette offre exclusive de la St-Valentin<\/p>\n<ul>\n<li style=\"font-weight: 400;\" aria-level=\"1\"><span style=\"font-weight: 400;\">Duo de golfeurs avec voiturette<\/span><\/li>\n<\/ul>\n<p><em><strong><span style=\"font-weight: 400;\">\u00a0Vous pouvez r\u00e9server votre d\u00e9part jusqu\u2019\u00e0 7 jours \u00e0 l\u2019avance.\u00a0<\/span>UTILISABLE EN TOUT TEMPS POUR LA SAISON 2024 SANS RESTRICTION D&#8217;HEURE.<\/strong><\/em><\/p>\n<p><span style=\"font-weight: 400;\"><strong>Pour la saison 2024.<\/strong><\/span><\/p>\n","protected":false},"featured_media":227857,"template":"","meta":{"_et_pb_use_builder":"","_et_pb_old_content":"","_et_gb_content_width":""},"product_brand":[],"product_cat":[3912],"product_tag":[3785],"class_list":{"0":"post-227571","1":"product","2":"type-product","3":"status-publish","4":"has-post-thumbnail","6":"product_cat-completed","7":"product_tag-at-all-times-en","9":"first","10":"outofstock","11":"downloadable","12":"taxable","13":"shipping-taxable","14":"purchasable","15":"product-type-simple"},"_links":{"self":[{"href":"https:\/\/flexigolf.ca\/en\/wp-json\/wp\/v2\/product\/227571","targetHints":{"allow":["GET"]}}],"collection":[{"href":"https:\/\/flexigolf.ca\/en\/wp-json\/wp\/v2\/product"}],"about":[{"href":"https:\/\/flexigolf.ca\/en\/wp-json\/wp\/v2\/types\/product"}],"wp:featuredmedia":[{"embeddable":true,"href":"https:\/\/flexigolf.ca\/en\/wp-json\/wp\/v2\/media\/227857"}],"wp:attachment":[{"href":"https:\/\/flexigolf.ca\/en\/wp-json\/wp\/v2\/media?parent=227571"}],"wp:term":[{"taxonomy":"product_brand","embeddable":true,"href":"https:\/\/flexigolf.ca\/en\/wp-json\/wp\/v2\/product_brand?post=227571"},{"taxonomy":"product_cat","embeddable":true,"href":"https:\/\/flexigolf.ca\/en\/wp-json\/wp\/v2\/product_cat?post=227571"},{"taxonomy":"product_tag","embeddable":true,"href":"https:\/\/flexigolf.ca\/en\/wp-json\/wp\/v2\/product_tag?post=227571"}],"curies":[{"name":"wp","href":"https:\/\/api.w.org\/{rel}","templated":true}]}}