{"id":229783,"date":"2024-02-15T14:32:39","date_gmt":"2024-02-15T19:32:39","guid":{"rendered":"https:\/\/flexigolf.ca\/?post_type=product&#038;p=229783"},"modified":"2024-10-18T10:46:58","modified_gmt":"2024-10-18T14:46:58","slug":"coupe-des-couples-1-juin-golf-lac-carling","status":"publish","type":"product","link":"https:\/\/flexigolf.ca\/en\/product\/coupe-des-couples-1-juin-golf-lac-carling\/","title":{"rendered":"Coupe des couples &#8211; 1 juin &#8211; Golf Lac Carling"},"content":{"rendered":"","protected":false},"excerpt":{"rendered":"<ul>\n<li><strong>Date : 1 juin<\/strong><\/li>\n<li><strong>O\u00f9 : GOLF CARLING LAKE<\/strong><\/li>\n<li><strong>Formule de jeu : v\u00e9gas \u00e0 2<\/strong><\/li>\n<\/ul>\n<p><span style=\"font-weight: 400;\">Notre 4e de la coupe des couples revient l\u00e0 o\u00f9 tout \u00e0 commenc\u00e9, au Golf du Lac Carling! La premi\u00e8re \u00e9dition, 144 personnes, soit 72 couples avaient pris par \u00e0 cette journ\u00e9e m\u00e9morable!<\/span><\/p>\n<p><span style=\"font-weight: 400;\">Le Golf du Lac Carling nous attend donc cette ann\u00e9e pour notre \u00e9dition du mois de juin dans son complexe golf et vill\u00e9giature! Vous avez 2 options pour vous joindre \u00e0 nous et \u00e0 tous les autres couples pr\u00e9sents! Soir la formule golf et souper ou encore golf, souper et nuit\u00e9e avec d\u00e9jeuner!<\/span><\/p>\n<p><span style=\"font-weight: 400;\">L&#8217;objectif de l\u2019\u00e9v\u00e9nement est de rassembler entre couples golfeurs ainsi que de se mettre au d\u00e9fi dans un contexte amical et un d\u00e9cor enchanteur pour c\u00e9l\u00e9brer le meilleur sport de couple : le golf!<\/span><\/p>\n<p><span style=\"font-weight: 400;\">Vient c\u00e9l\u00e9brer le golf avec plusieurs couples passionn\u00e9s comme vous de golf.\u00a0<\/span><\/p>\n<p><span style=\"font-weight: 400;\">C\u2019est votre chance d\u2019avoir du plaisir entre couples golfeurs et de rencontrer de nouvelles personnes.<\/span><\/p>\n<p><span style=\"font-weight: 400;\">*Vous pouvez vous inscrire avec des couples d\u2019amis golfeurs, sinon on vous jumellera avec un autre couple!<\/span><\/p>\n<p><span style=\"font-weight: 400;\">Deux formules sont possibles :\u00a0<\/span><\/p>\n<ul>\n<li style=\"font-weight: 400;\" aria-level=\"1\"><span style=\"font-weight: 400;\">Golf et souper<\/span><\/li>\n<li style=\"font-weight: 400;\" aria-level=\"1\"><span style=\"font-weight: 400;\">Golf, souper et nuit\u00e9e<\/span><\/li>\n<\/ul>\n<p><span style=\"font-weight: 400;\">Votre inscription inclus pour le couple :\u00a0<\/span><\/p>\n<ul>\n<li style=\"font-weight: 400;\" aria-level=\"1\"><span style=\"font-weight: 400;\">Golf 18 trous et voiturette<\/span><\/li>\n<li style=\"font-weight: 400;\" aria-level=\"1\"><span style=\"font-weight: 400;\">Souper 3 service<\/span><\/li>\n<li style=\"font-weight: 400;\" aria-level=\"1\"><span style=\"font-weight: 400;\">Animation &#8211; concours avant la parties<\/span><\/li>\n<li style=\"font-weight: 400;\" aria-level=\"1\"><span style=\"font-weight: 400;\">D\u00e9fis sur le terrain<\/span><\/li>\n<li style=\"font-weight: 400;\" aria-level=\"1\"><span style=\"font-weight: 400;\">Prix de participation<\/span><\/li>\n<\/ul>\n<p><span style=\"font-weight: 400;\">Horaire :\u00a0<\/span><\/p>\n<ul>\n<li style=\"font-weight: 400;\" aria-level=\"1\"><span style=\"font-weight: 400;\">10h00 D\u00e9but Accueil<\/span><\/li>\n<li style=\"font-weight: 400;\" aria-level=\"1\"><span style=\"font-weight: 400;\">11h00 Activit\u00e9s avant d\u00e9part<\/span><\/li>\n<li style=\"font-weight: 400;\" aria-level=\"1\"><strong>13h00 D\u00e9part en shotgun<\/strong><\/li>\n<li style=\"font-weight: 400;\" aria-level=\"1\"><span style=\"font-weight: 400;\">19h00 Cocktail et remise de prix\u00a0<\/span><\/li>\n<li style=\"font-weight: 400;\" aria-level=\"1\"><span style=\"font-weight: 400;\">19h30 Souper<\/span><\/li>\n<li style=\"font-weight: 400;\" aria-level=\"1\"><span style=\"font-weight: 400;\">Musique &#8211; chansonnier \/ DJ<\/span><\/li>\n<\/ul>\n<p><em>LE TARIF INDIQU\u00c9 EST POUR LE COUPLE<\/em><\/p>\n","protected":false},"featured_media":234233,"template":"","meta":{"_et_pb_use_builder":"","_et_pb_old_content":"","_et_gb_content_width":""},"product_brand":[],"product_cat":[706,3754],"product_tag":[],"class_list":{"0":"post-229783","1":"product","2":"type-product","3":"status-publish","4":"has-post-thumbnail","6":"product_cat-non-classe","7":"product_cat-terminee","9":"first","10":"outofstock","11":"taxable","12":"shipping-taxable","13":"purchasable","14":"product-type-variable"},"_links":{"self":[{"href":"https:\/\/flexigolf.ca\/en\/wp-json\/wp\/v2\/product\/229783","targetHints":{"allow":["GET"]}}],"collection":[{"href":"https:\/\/flexigolf.ca\/en\/wp-json\/wp\/v2\/product"}],"about":[{"href":"https:\/\/flexigolf.ca\/en\/wp-json\/wp\/v2\/types\/product"}],"wp:featuredmedia":[{"embeddable":true,"href":"https:\/\/flexigolf.ca\/en\/wp-json\/wp\/v2\/media\/234233"}],"wp:attachment":[{"href":"https:\/\/flexigolf.ca\/en\/wp-json\/wp\/v2\/media?parent=229783"}],"wp:term":[{"taxonomy":"product_brand","embeddable":true,"href":"https:\/\/flexigolf.ca\/en\/wp-json\/wp\/v2\/product_brand?post=229783"},{"taxonomy":"product_cat","embeddable":true,"href":"https:\/\/flexigolf.ca\/en\/wp-json\/wp\/v2\/product_cat?post=229783"},{"taxonomy":"product_tag","embeddable":true,"href":"https:\/\/flexigolf.ca\/en\/wp-json\/wp\/v2\/product_tag?post=229783"}],"curies":[{"name":"wp","href":"https:\/\/api.w.org\/{rel}","templated":true}]}}