{"id":229927,"date":"2024-02-16T11:54:40","date_gmt":"2024-02-16T16:54:40","guid":{"rendered":"https:\/\/flexigolf.ca\/?post_type=product&#038;p=229927"},"modified":"2024-10-18T10:46:12","modified_gmt":"2024-10-18T14:46:12","slug":"coupe-des-femmes-14-septembre-club-de-golf-montmagny","status":"publish","type":"product","link":"https:\/\/flexigolf.ca\/en\/product\/coupe-des-femmes-14-septembre-club-de-golf-montmagny\/","title":{"rendered":"Coupe des femmes &#8211; 14 septembre- Club de golf Montmagny"},"content":{"rendered":"","protected":false},"excerpt":{"rendered":"<ul>\n<li>Date : samedi 14 septembre<\/li>\n<li><span style=\"font-weight: 400;\">Cible : les femmes de tout calibre d\u00e9butante ou experte<\/span><\/li>\n<li><span style=\"font-weight: 400;\">Formule : vegas \u00e0 4 &#8211; 18 trous<\/span><\/li>\n<\/ul>\n<p><span style=\"font-weight: 400;\">Objectif : se rassembler entre femmes autour de notre passion le golf pour le plaisir de jouer ensemble et de faire nos pires ou meilleurs coups! Fous rires et plaisir garanti \ud83d\ude42<\/span><\/p>\n<p><span style=\"font-weight: 400;\">Vient de mettre au d\u00e9fi le temps d\u2019un v\u00e9gas \u00e0 4! C\u2019est une belle fa\u00e7on de c\u00e9l\u00e9brer le plaisir de jouer au golf en \u00e9quipe ensemble!<\/span><\/p>\n<p><span style=\"font-weight: 400;\">Animation avant le d\u00e9part, concours putting, tournoi v\u00e9gas, souper buffet et animation en musique, country!\u00a0<\/span><\/p>\n<p><span style=\"font-weight: 400;\">Une belle journ\u00e9e attend les golfeuses!<\/span><\/p>\n<p><span style=\"font-weight: 400;\">Inscription : inscris-toi avec tes ami(es) ou seul et on te cr\u00e9er ton \u00e9quipe!<\/span><\/p>\n<p><span style=\"font-weight: 400;\">Votre billet inclus :\u00a0<\/span><\/p>\n<ul>\n<li style=\"font-weight: 400;\" aria-level=\"1\"><span style=\"font-weight: 400;\">Golf ronde de 18 trous<\/span><\/li>\n<li style=\"font-weight: 400;\" aria-level=\"1\">Voiturette<\/li>\n<li style=\"font-weight: 400;\" aria-level=\"1\"><span style=\"font-weight: 400;\">Animation avant le d\u00e9part<\/span><\/li>\n<li style=\"font-weight: 400;\" aria-level=\"1\"><span style=\"font-weight: 400;\">Prix de participation<\/span><\/li>\n<li style=\"font-weight: 400;\" aria-level=\"1\"><span style=\"font-weight: 400;\">Souper traiteur &#8211; buffet froid<\/span><\/li>\n<li style=\"font-weight: 400;\" aria-level=\"1\"><span style=\"font-weight: 400;\">Musique &#8211; chansonnier<\/span><\/li>\n<li style=\"font-weight: 400;\" aria-level=\"1\"><span style=\"font-weight: 400;\">5$ \u00e0 la Fondation FlexiGolf\u00a0<\/span><\/li>\n<\/ul>\n<p><span style=\"font-weight: 400;\">Horaire :\u00a0<\/span><\/p>\n<ul>\n<li><span style=\"font-weight: 400;\">10h30 &#8211; accueil<\/span><\/li>\n<li><span style=\"font-weight: 400;\">13h00 &#8211; d\u00e9part shotgun<\/span><\/li>\n<li><span style=\"font-weight: 400;\">18h30 &#8211; Remise de prix<\/span><\/li>\n<li><span style=\"font-weight: 400;\">19h00 &#8211; Souper en musique<\/span><\/li>\n<li><span style=\"font-weight: 400;\">fin vers 22h00<\/span><\/li>\n<\/ul>\n<p>&nbsp;<\/p>\n","protected":false},"featured_media":229930,"template":"","meta":{"_et_pb_use_builder":"","_et_pb_old_content":"","_et_gb_content_width":""},"product_brand":[],"product_cat":[706,3754],"product_tag":[],"class_list":{"0":"post-229927","1":"product","2":"type-product","3":"status-publish","4":"has-post-thumbnail","6":"product_cat-non-classe","7":"product_cat-terminee","9":"first","10":"outofstock","11":"downloadable","12":"taxable","13":"shipping-taxable","14":"purchasable","15":"product-type-simple"},"_links":{"self":[{"href":"https:\/\/flexigolf.ca\/en\/wp-json\/wp\/v2\/product\/229927","targetHints":{"allow":["GET"]}}],"collection":[{"href":"https:\/\/flexigolf.ca\/en\/wp-json\/wp\/v2\/product"}],"about":[{"href":"https:\/\/flexigolf.ca\/en\/wp-json\/wp\/v2\/types\/product"}],"wp:featuredmedia":[{"embeddable":true,"href":"https:\/\/flexigolf.ca\/en\/wp-json\/wp\/v2\/media\/229930"}],"wp:attachment":[{"href":"https:\/\/flexigolf.ca\/en\/wp-json\/wp\/v2\/media?parent=229927"}],"wp:term":[{"taxonomy":"product_brand","embeddable":true,"href":"https:\/\/flexigolf.ca\/en\/wp-json\/wp\/v2\/product_brand?post=229927"},{"taxonomy":"product_cat","embeddable":true,"href":"https:\/\/flexigolf.ca\/en\/wp-json\/wp\/v2\/product_cat?post=229927"},{"taxonomy":"product_tag","embeddable":true,"href":"https:\/\/flexigolf.ca\/en\/wp-json\/wp\/v2\/product_tag?post=229927"}],"curies":[{"name":"wp","href":"https:\/\/api.w.org\/{rel}","templated":true}]}}