{"id":230570,"date":"2024-03-01T12:41:29","date_gmt":"2024-03-01T17:41:29","guid":{"rendered":"https:\/\/flexigolf.ca\/?post_type=product&#038;p=230570"},"modified":"2024-05-01T07:01:17","modified_gmt":"2024-05-01T11:01:17","slug":"golf-les-patriotes-1-2-ou-4-joueurs-a-pied-avec-balles-de-pratique-en-tout-temps-en-ligne-jusquau-30-avril","status":"publish","type":"product","link":"https:\/\/flexigolf.ca\/en\/product\/golf-les-patriotes-1-2-ou-4-joueurs-a-pied-avec-balles-de-pratique-en-tout-temps-en-ligne-jusquau-30-avril\/","title":{"rendered":"Golf les Patriotes &#8211; 1 -2 ou 4 joueurs \u00e0 pied avec balles de pratique (en tout temps) (en ligne jusqu&#8217;au 30 avril)"},"content":{"rendered":"<h1>Club de golf Les Patriotes<\/h1>\n<h2>Mont\u00e9r\u00e9gie, 18 trous<\/h2>\n<p>Le Club de Golf Les Patriotes, c\u2019est un parcours 18 trous normale 72 et un parcours 9 trous normal 27 o\u00f9 la strat\u00e9gie demeure un atout essentiel afin d\u2019\u00e9viter les sous-bois, les cours d\u2019eau et les lacs.<\/p>\n<p>Le parcours de 18 trous, est d\u2019une normale 72 et s\u2019\u00e9tend sur 6254 verges, offrant un \u00e9quilibre parfait entre challenge et plaisir.<\/p>\n<p>Notre parcours se distingue par son design unique, comprenant de nombreux doglegs et une vari\u00e9t\u00e9 de difficult\u00e9s pour mettre \u00e0 l\u2019\u00e9preuve les comp\u00e9tences de chaque joueur.<br \/>\nLes lacs ornant le paysage abritent des cygnes majestueux, ajoutant une touche de beaut\u00e9 naturelle \u00e0 votre exp\u00e9rience de golf.<\/p>\n","protected":false},"excerpt":{"rendered":"<p>D\u00e9couvrez ce nouveau parcours partenaire pour 2024 en Mont\u00e9r\u00e9gie!<\/p>\n<p>Cette offre inclus :<\/p>\n<ul>\n<li>1, 2 ou 4 joueurs ronde de 18 trous (selon le forfait choisi)<\/li>\n<li>Balles de pratiques avant votre parties<\/li>\n<\/ul>\n<p>Utilisable en tout temps pour la saison 2024. Vous pouvez r\u00e9server vos d\u00e9parts 10 jours \u00e0 l&#8217;avance.<\/p>\n<p>En vente jusqu&#8217;au 30 avril 2024!<\/p>\n","protected":false},"featured_media":230079,"template":"","meta":{"_et_pb_use_builder":"","_et_pb_old_content":"","_et_gb_content_width":""},"product_brand":[],"product_cat":[3754],"product_tag":[],"class_list":{"0":"post-230570","1":"product","2":"type-product","3":"status-publish","4":"has-post-thumbnail","6":"product_cat-terminee","8":"first","9":"outofstock","10":"taxable","11":"shipping-taxable","12":"purchasable","13":"product-type-variable"},"_links":{"self":[{"href":"https:\/\/flexigolf.ca\/en\/wp-json\/wp\/v2\/product\/230570","targetHints":{"allow":["GET"]}}],"collection":[{"href":"https:\/\/flexigolf.ca\/en\/wp-json\/wp\/v2\/product"}],"about":[{"href":"https:\/\/flexigolf.ca\/en\/wp-json\/wp\/v2\/types\/product"}],"wp:featuredmedia":[{"embeddable":true,"href":"https:\/\/flexigolf.ca\/en\/wp-json\/wp\/v2\/media\/230079"}],"wp:attachment":[{"href":"https:\/\/flexigolf.ca\/en\/wp-json\/wp\/v2\/media?parent=230570"}],"wp:term":[{"taxonomy":"product_brand","embeddable":true,"href":"https:\/\/flexigolf.ca\/en\/wp-json\/wp\/v2\/product_brand?post=230570"},{"taxonomy":"product_cat","embeddable":true,"href":"https:\/\/flexigolf.ca\/en\/wp-json\/wp\/v2\/product_cat?post=230570"},{"taxonomy":"product_tag","embeddable":true,"href":"https:\/\/flexigolf.ca\/en\/wp-json\/wp\/v2\/product_tag?post=230570"}],"curies":[{"name":"wp","href":"https:\/\/api.w.org\/{rel}","templated":true}]}}