{"id":230617,"date":"2024-03-03T12:11:39","date_gmt":"2024-03-03T17:11:39","guid":{"rendered":"https:\/\/flexigolf.ca\/?post_type=product&#038;p=230617"},"modified":"2024-05-11T11:26:38","modified_gmt":"2024-05-11T15:26:38","slug":"golf-matha-quatuor-mai","status":"publish","type":"product","link":"https:\/\/flexigolf.ca\/en\/product\/golf-matha-quatuor-mai\/","title":{"rendered":"Golf Matha &#8211; Quatuor &#8211; MAI"},"content":{"rendered":"<h1>Golf Matha, Lanaudi\u00e8re,<\/h1>\n<h1>18 trous, normale 72<\/h1>\n<p>Le Golf Matha vous offre l&#8217;endroit id\u00e9al pour un s\u00e9jour de golf avec h\u00e9bergement, c&#8217;est un endroit class\u00e9 4 \u00e9toiles. Il est non seulement reconnu comme l&#8217;un des plus beaux d\u00e9fis de golf du Qu\u00e9bec et ces conditions de jeux sont superbes, tout comme les vues. Le parcours de 18 trous est inspir\u00e9 de beaucoup clubs de golf partout \u00e0 travers le monde, en fait, tous les trous sont uniques \u00e0 Matha!<\/p>\n<p>L&#8217;auberge Lanaudi\u00e8re est un centre de vill\u00e9giature parfaitement situ\u00e9 et am\u00e9nag\u00e9, on y retrouve une piscine et une ambiance accueillante et chaleureuse. Les chambres sont bien emm\u00e9nag\u00e9es et tr\u00e8s confortables. Tout pour passer un agr\u00e9able s\u00e9jour!<\/p>\n<p>Allez, sortez et golfez tout en profitant de la vie et de ce bel endroit qu&#8217;est la r\u00e9gion de Lanaudi\u00e8re<\/p>\n","protected":false},"excerpt":{"rendered":"<p>Profitez de cette offre pour 4 joueurs pour un trip de golfeur que tous appr\u00e9cie! Une belle journ\u00e9e entre amis golf sur un beau terrain.. il n&#8217;y a rien de mieux!<\/p>\n<p>Cette offre inclus :<\/p>\n<ul>\n<li>4 rondes de golf (quatuor)<\/li>\n<li>2 voiturettes motoris\u00e9es<\/li>\n<\/ul>\n<p>Utilisable en tout temps au mois de mai selon le forfait choisi! (lundi au vendredi OU samedi au dimanche)<\/p>\n<p>R\u00e9servation 14 jours \u00e0 l&#8217;avance. Utiliser le code sur votre billet \u00e9lectronique pour r\u00e9serve votre temps de d\u00e9part.<\/p>\n","protected":false},"featured_media":61701,"template":"","meta":{"_et_pb_use_builder":"","_et_pb_old_content":"","_et_gb_content_width":""},"product_brand":[],"product_cat":[706,3754],"product_tag":[],"class_list":{"0":"post-230617","1":"product","2":"type-product","3":"status-publish","4":"has-post-thumbnail","6":"product_cat-non-classe","7":"product_cat-terminee","9":"first","10":"instock","11":"taxable","12":"shipping-taxable","13":"purchasable","14":"product-type-variable"},"_links":{"self":[{"href":"https:\/\/flexigolf.ca\/en\/wp-json\/wp\/v2\/product\/230617","targetHints":{"allow":["GET"]}}],"collection":[{"href":"https:\/\/flexigolf.ca\/en\/wp-json\/wp\/v2\/product"}],"about":[{"href":"https:\/\/flexigolf.ca\/en\/wp-json\/wp\/v2\/types\/product"}],"wp:featuredmedia":[{"embeddable":true,"href":"https:\/\/flexigolf.ca\/en\/wp-json\/wp\/v2\/media\/61701"}],"wp:attachment":[{"href":"https:\/\/flexigolf.ca\/en\/wp-json\/wp\/v2\/media?parent=230617"}],"wp:term":[{"taxonomy":"product_brand","embeddable":true,"href":"https:\/\/flexigolf.ca\/en\/wp-json\/wp\/v2\/product_brand?post=230617"},{"taxonomy":"product_cat","embeddable":true,"href":"https:\/\/flexigolf.ca\/en\/wp-json\/wp\/v2\/product_cat?post=230617"},{"taxonomy":"product_tag","embeddable":true,"href":"https:\/\/flexigolf.ca\/en\/wp-json\/wp\/v2\/product_tag?post=230617"}],"curies":[{"name":"wp","href":"https:\/\/api.w.org\/{rel}","templated":true}]}}