{"id":230829,"date":"2024-03-05T13:04:18","date_gmt":"2024-03-05T18:04:18","guid":{"rendered":"https:\/\/flexigolf.ca\/?post_type=product&#038;p=230829"},"modified":"2024-10-18T10:02:29","modified_gmt":"2024-10-18T14:02:29","slug":"golf-des-lacs-2-ou-4-joueurs-12-trous-a-pied-basse-saison-en-ligne-jusquau-30-avril","status":"publish","type":"product","link":"https:\/\/flexigolf.ca\/en\/product\/golf-des-lacs-2-ou-4-joueurs-12-trous-a-pied-basse-saison-en-ligne-jusquau-30-avril\/","title":{"rendered":"Golf des Lacs &#8211; 2 ou 4 joueurs &#8211; 12 trous \u00e0 pied (Basse Saison) (en ligne jusqu&#8217;au 30 avril)"},"content":{"rendered":"<h1>Golf des Lacs<\/h1>\n<h3>Estrie, 12 trous<\/h3>\n<p>Le Golf des Lacs est un magnifique parcours de golf situ\u00e9 \u00e0 Bromont. Avec ses 12 trous, il offre une exp\u00e9rience de jeu stimulante pour tous les niveaux de golfeurs, du d\u00e9butant \u00e0 l\u2019avanc\u00e9.<\/p>\n<p>Le terrain est impeccablement entretenu, avec plusieurs lacs qui ajoutent un d\u00e9fi suppl\u00e9mentaire pour les joueurs.<\/p>\n<p>Que vous soyez \u00e0 la recherche d\u2019un parcours pour am\u00e9liorer votre jeu ou simplement pour passer une journ\u00e9e agr\u00e9able, le Golf des Lacs est l\u2019endroit parfait pour vous.<\/p>\n","protected":false},"excerpt":{"rendered":"<p>Nouveau partenaire! Cette offre au Golf des Lacs est exclusive !<\/p>\n<p>D\u00e9couvrez ce parcours de 12 trous dans la belle ville de Bromont!<\/p>\n<p>Cette offre inclus :<\/p>\n<ul>\n<li>2 ou 4 joueurs &#8211; ronde de 12 trous<\/li>\n<li>\u00e0 pied<\/li>\n<\/ul>\n<p>Utilisable du 1er mai au 20 juin et du 1er septembre au 10 octobre 2024.<\/p>\n","protected":false},"featured_media":227547,"template":"","meta":{"_et_pb_use_builder":"","_et_pb_old_content":"","_et_gb_content_width":""},"product_brand":[],"product_cat":[3888,706,3754],"product_tag":[],"class_list":{"0":"post-230829","1":"product","2":"type-product","3":"status-publish","4":"has-post-thumbnail","6":"product_cat-golf-des-lacs-club-de-golf","7":"product_cat-non-classe","8":"product_cat-terminee","10":"first","11":"outofstock","12":"taxable","13":"shipping-taxable","14":"purchasable","15":"product-type-variable"},"_links":{"self":[{"href":"https:\/\/flexigolf.ca\/en\/wp-json\/wp\/v2\/product\/230829","targetHints":{"allow":["GET"]}}],"collection":[{"href":"https:\/\/flexigolf.ca\/en\/wp-json\/wp\/v2\/product"}],"about":[{"href":"https:\/\/flexigolf.ca\/en\/wp-json\/wp\/v2\/types\/product"}],"wp:featuredmedia":[{"embeddable":true,"href":"https:\/\/flexigolf.ca\/en\/wp-json\/wp\/v2\/media\/227547"}],"wp:attachment":[{"href":"https:\/\/flexigolf.ca\/en\/wp-json\/wp\/v2\/media?parent=230829"}],"wp:term":[{"taxonomy":"product_brand","embeddable":true,"href":"https:\/\/flexigolf.ca\/en\/wp-json\/wp\/v2\/product_brand?post=230829"},{"taxonomy":"product_cat","embeddable":true,"href":"https:\/\/flexigolf.ca\/en\/wp-json\/wp\/v2\/product_cat?post=230829"},{"taxonomy":"product_tag","embeddable":true,"href":"https:\/\/flexigolf.ca\/en\/wp-json\/wp\/v2\/product_tag?post=230829"}],"curies":[{"name":"wp","href":"https:\/\/api.w.org\/{rel}","templated":true}]}}