{"id":234244,"date":"2024-04-11T14:24:55","date_gmt":"2024-04-11T18:24:55","guid":{"rendered":"https:\/\/flexigolf.ca\/?post_type=product&#038;p=234244"},"modified":"2024-10-18T09:41:27","modified_gmt":"2024-10-18T13:41:27","slug":"journee-des-golfeuses-25-mai-au-club-de-golf-grand-portneuf","status":"publish","type":"product","link":"https:\/\/flexigolf.ca\/en\/product\/journee-des-golfeuses-25-mai-au-club-de-golf-grand-portneuf\/","title":{"rendered":"Journ\u00e9e des golfeuses &#8211; 25 mai au Club de golf Grand Portneuf"},"content":{"rendered":"","protected":false},"excerpt":{"rendered":"<ol>\n<li style=\"font-weight: 400;\" aria-level=\"1\"><span style=\"font-weight: 400;\">Date 25 mai\u00a0<\/span><\/li>\n<li style=\"font-weight: 400;\" aria-level=\"1\"><span style=\"font-weight: 400;\">O\u00f9 : Club de golf Grand Porneuf<\/span><\/li>\n<\/ol>\n<p><span style=\"font-weight: 400;\">Viens rencontrer de nouveaux partenaires de jeu pour la saison.\u00a0<\/span><\/p>\n<p><span style=\"font-weight: 400;\">Au menu, petite comp\u00e9tition amicale en <\/span><i><span style=\"font-weight: 400;\">v\u00e9gas \u00e0 4<\/span><\/i><span style=\"font-weight: 400;\">, une clinique de putting et jeu court, une bo\u00eete \u00e0 lunch et une consommation apr\u00e8s la partie!\u00a0<\/span><\/p>\n<p><span style=\"font-weight: 400;\">Votre billet inclus\u00a0 :\u00a0<\/span><\/p>\n<ul>\n<li style=\"font-weight: 400;\" aria-level=\"1\"><span style=\"font-weight: 400;\">Clinique de golf<\/span><\/li>\n<li style=\"font-weight: 400;\" aria-level=\"1\"><span style=\"font-weight: 400;\">9 trous \u00e0 pied ou en voiturette<\/span><\/li>\n<li style=\"font-weight: 400;\" aria-level=\"1\"><span style=\"font-weight: 400;\">Bo\u00eete \u00e0 lunch<\/span><\/li>\n<li style=\"font-weight: 400;\" aria-level=\"1\"><span style=\"font-weight: 400;\">Consommation apr\u00e8s la partie<\/span><\/li>\n<li style=\"font-weight: 400;\" aria-level=\"1\"><span style=\"font-weight: 400;\">Animation et prix de pr\u00e9sence<\/span><\/li>\n<li style=\"font-weight: 400;\" aria-level=\"1\"><span style=\"font-weight: 400;\">Des nouvelles connaissances golfeuses!<\/span><\/li>\n<\/ul>\n<p><i><span style=\"font-weight: 400;\">Tu peux t\u2019inscrire avec tes amies golfeuses ou venir seule et on te jumelle!\u00a0<\/span><\/i><\/p>\n<p><span style=\"font-weight: 400;\">Horaire :\u00a0<\/span><\/p>\n<ul>\n<li><span style=\"font-weight: 400;\">13h00 : accueil<\/span><\/li>\n<li><span style=\"font-weight: 400;\">13h30 \u00e0 14h30 : clinique supervis\u00e9e<\/span><\/li>\n<li><span style=\"font-weight: 400;\">14h40 \u00e0 15h00 : concours putting<\/span><\/li>\n<li><span style=\"font-weight: 400;\">15h15: d\u00e9but 9 trous en crois\u00e9e<\/span><\/li>\n<li><span style=\"font-weight: 400;\">18h00 : Cocktail et remise de prix<\/span><\/li>\n<\/ul>\n<h2><\/h2>\n","protected":false},"featured_media":234247,"template":"","meta":{"_et_pb_use_builder":"","_et_pb_old_content":"","_et_gb_content_width":""},"product_brand":[],"product_cat":[706],"product_tag":[],"class_list":{"0":"post-234244","1":"product","2":"type-product","3":"status-publish","4":"has-post-thumbnail","6":"product_cat-non-classe","8":"first","9":"outofstock","10":"taxable","11":"shipping-taxable","12":"purchasable","13":"product-type-variable"},"_links":{"self":[{"href":"https:\/\/flexigolf.ca\/en\/wp-json\/wp\/v2\/product\/234244","targetHints":{"allow":["GET"]}}],"collection":[{"href":"https:\/\/flexigolf.ca\/en\/wp-json\/wp\/v2\/product"}],"about":[{"href":"https:\/\/flexigolf.ca\/en\/wp-json\/wp\/v2\/types\/product"}],"wp:featuredmedia":[{"embeddable":true,"href":"https:\/\/flexigolf.ca\/en\/wp-json\/wp\/v2\/media\/234247"}],"wp:attachment":[{"href":"https:\/\/flexigolf.ca\/en\/wp-json\/wp\/v2\/media?parent=234244"}],"wp:term":[{"taxonomy":"product_brand","embeddable":true,"href":"https:\/\/flexigolf.ca\/en\/wp-json\/wp\/v2\/product_brand?post=234244"},{"taxonomy":"product_cat","embeddable":true,"href":"https:\/\/flexigolf.ca\/en\/wp-json\/wp\/v2\/product_cat?post=234244"},{"taxonomy":"product_tag","embeddable":true,"href":"https:\/\/flexigolf.ca\/en\/wp-json\/wp\/v2\/product_tag?post=234244"}],"curies":[{"name":"wp","href":"https:\/\/api.w.org\/{rel}","templated":true}]}}